{"id":276,"date":"2017-03-23T22:38:30","date_gmt":"2017-03-24T01:38:30","guid":{"rendered":"https:\/\/verocontents.com.br\/?page_id=276"},"modified":"2024-11-15T11:17:29","modified_gmt":"2024-11-15T14:17:29","slug":"politicas-de-privacidad","status":"publish","type":"page","link":"https:\/\/verocontents.com.br\/es\/politicas-de-privacidad\/","title":{"rendered":"Pol\u00edticas de privacidad"},"content":{"rendered":"<p>Vero Contents ha establecido pol\u00edticas de privacidad con el objetivo de respetar su privacidad y reservarse el derecho a la confidencialidad de la identidad de cada usuario. Por lo tanto, cualquier duda respecto a nuestras Pol\u00edticas de Privacidad y Seguridad de Datos puede aclararla contactando con nosotros:<\/p>\n<p>Enviando un correo electr\u00f3nico a <a href=\"mailto:vero@verocontents.com.br\">vero@verocontents.com.br<\/a>;<br \/>\nP\u00f3ngase en contacto v\u00eda WhatsApp \u2013 (11) 5180-7000.<br \/>\nPor direcci\u00f3n postal: Av. Nossa Sra. Sabar\u00e1, 507 91B, Sao Paulo, 04685-001, Brasil.<\/p>\n<h4><span style=\"color: #ff9900;\"><strong>1. CONDICIONES<\/strong><\/span><\/h4>\n<p>Pol\u00edticas de Privacidad y Seguridad de Datos del sitio web <a href=\"https:\/\/verocontents.com.br\/es\/\">www.verocontents.com.br<\/a> contiene pautas e informaci\u00f3n sobre c\u00f3mo Vero Contents trata y protege la informaci\u00f3n capturada a trav\u00e9s de su sitio web y redes sociales. Por tanto, se regir\u00e1 por las siguientes condiciones:<\/p>\n<p>1.1. Se clasifican como \u201cusuarios\u201d todas las personas que acceden al sitio web de alguna forma. <a href=\"https:\/\/verocontents.com.br\/es\/\">www.verocontents.com.br<\/a> y tus redes sociales, clientes o no.<\/p>\n<p>1.2. Se entiende por identificaci\u00f3n individual toda informaci\u00f3n que no est\u00e1 disponible para el p\u00fablico en general y que, de ser divulgada, podr\u00eda causar alg\u00fan tipo de verg\u00fcenza moral, da\u00f1o o perjuicio a la propia persona. Por lo tanto, ejemplos de datos de identificaci\u00f3n individual incluyen datos de contacto y datos de residencia.<\/p>\n<p>1.3. Criptograf\u00eda es el nombre que se le da al proceso de codificaci\u00f3n de informaci\u00f3n, en el que dicha informaci\u00f3n se codifica (codifica) en el origen y se decodifica en el destino, lo que dificulta el descifrado de la informaci\u00f3n que viaja por Internet.<\/p>\n<p>1.4. <em>Galleta<\/em> es un archivo de texto enviado por el servidor de Vero Contents al ordenador del internauta, con la finalidad de identificar el ordenador, personalizar el acceso del internauta y obtener datos de acceso, como p\u00e1ginas navegadas o enlaces clicados. As\u00ed, un <em>Galleta<\/em> se asigna individualmente a cada computadora y no puede usarse para ejecutar programas ni infectar computadoras con virus, y solo puede ser le\u00eddo por el servidor que lo envi\u00f3.<\/p>\n<h4><span style=\"color: #ff9900;\"><strong>2. OBLIGACIONES<\/strong><\/span><\/h4>\n<p>Vero Contenidos se compromete a:<\/p>\n<p>2.1. Recopile en su sitio web \u00fanicamente la informaci\u00f3n de identificaci\u00f3n individual necesaria para proporcionar los productos y\/o servicios solicitados por sus clientes.<\/p>\n<p>2.2. Usar <em>Galletas<\/em> para controlar la audiencia y la navegaci\u00f3n en su sitio web.<\/p>\n<p>2.3. Cumplir estrictamente con todas las disposiciones de las Pol\u00edticas de Privacidad y Seguridad de Datos.<\/p>\n<h4><span style=\"color: #ff9900;\"><strong>3. USO DE LA INFORMACI\u00d3N<\/strong><\/span><\/h4>\n<p>La informaci\u00f3n captada a trav\u00e9s de la <a href=\"https:\/\/verocontents.com.br\/es\/\">www.verocontents.com.br<\/a> y sus redes sociales son utilizadas por Vero Contents con el fin de:<\/p>\n<p>3.1. Permitir el suministro de informaci\u00f3n sobre productos o servicios solicitados en el sitio web.<\/p>\n<p>3.2. Identificar el perfil, deseos o necesidades de los usuarios, con el fin de mejorar los productos y\/o servicios ofrecidos por la empresa.<\/p>\n<p>3.3. Enviar informaci\u00f3n sobre productos o servicios que interesen a sus usuarios.<\/p>\n<h4><span style=\"color: #ff9900;\"><strong>4. DIVULGACI\u00d3N DE DATOS<\/strong><\/span><\/h4>\n<p>Vero Contents no proporciona datos de identificaci\u00f3n individual de los usuarios a terceros.<\/p>\n<h4><span style=\"color: #ff9900;\"><strong>5. EL USUARIO ES TOTALMENTE RESPONSABLE DE:<\/strong><\/span><\/h4>\n<p>5.1. Asegurar sus datos de identificaci\u00f3n digital individual cada vez que acceda a Internet, inform\u00e1ndolos \u00fanicamente en operaciones donde exista protecci\u00f3n de datos.<\/p>\n<p>5.2. Proporcionar informaci\u00f3n veraz.<\/p>\n<p>5.3. Cumplir estrictamente con todas las determinaciones y procedimientos establecidos en las Pol\u00edticas de Privacidad.<\/p>\n<h4><span style=\"color: #ff9900;\"><strong>6. CAMBIOS EN LAS POL\u00cdTICAS DE PRIVACIDAD<\/strong><\/span><\/h4>\n<p>Vero Contents puede cambiar esta pol\u00edtica de privacidad y uso de datos en cualquier momento, y cualquier cambio a estas Pol\u00edticas de Privacidad y Seguridad de Datos se publicar\u00e1 en este espacio.<\/p>\n<h4><span style=\"color: #ff9900;\"><strong>7. ELIMINACI\u00d3N DE CONTACTO<\/strong><\/span><\/h4>\n<p>Vero Contents se compromete a respetar su privacidad y est\u00e1 en contra del spam. Por lo tanto, si ya no desea recibir informaci\u00f3n env\u00ede su nombre completo y correo electr\u00f3nico a: <a href=\"mailto:vero@verocontents.com.br\">vero@verocontents.com.br<\/a>.<\/p>\n<p>Esta Pol\u00edtica est\u00e1 sujeta a constantes mejoras y mejoras. Por ello, recomendamos su consulta peri\u00f3dica.<\/p>\n<h4><span style=\"color: #ff9900;\"><strong>8. LEY APLICABLE<\/strong><\/span><\/h4>\n<p>Este documento se rige y se aplica de acuerdo con las leyes vigentes de la Rep\u00fablica Federativa del Brasil. Se elige al Tribunal de Distrito de S\u00e3o Paulo como competente para resolver todas las cuestiones que puedan surgir del presente documento.<\/p>","protected":false},"excerpt":{"rendered":"<p>Vero Contents ha establecido pol\u00edticas de privacidad con el objetivo de respetar su privacidad y reservarse el derecho a la confidencialidad de la identidad de cada usuario. Por ello, cualquier duda respecto a nuestras Pol\u00edticas de Privacidad y Seguridad de Datos puede ser<\/p>","protected":false},"author":1,"featured_media":0,"parent":0,"menu_order":0,"comment_status":"closed","ping_status":"closed","template":"","meta":{"_monsterinsights_skip_tracking":false,"_monsterinsights_sitenote_active":false,"_monsterinsights_sitenote_note":"","_monsterinsights_sitenote_category":0,"footnotes":""},"class_list":["post-276","page","type-page","status-publish","hentry"],"yoast_head":"<!-- This site is optimized with the Yoast SEO Premium plugin v26.9 (Yoast SEO v27.0) - https:\/\/yoast.com\/product\/yoast-seo-premium-wordpress\/ -->\n<title>Pol\u00edticas de Privacidade - Vero Contents<\/title>\n<meta name=\"description\" content=\"Confira as Pol\u00edticas de privacidade, com o objetivo de respeitar sua privacidade e reservar o direito ao sigilo de identidade do usu\u00e1rio.\" \/>\n<meta name=\"robots\" content=\"index, follow, max-snippet:-1, max-image-preview:large, max-video-preview:-1\" \/>\n<link rel=\"canonical\" href=\"https:\/\/verocontents.com.br\/es\/politicas-de-privacidad\/\" \/>\n<meta property=\"og:locale\" content=\"es_MX\" \/>\n<meta property=\"og:type\" content=\"article\" \/>\n<meta property=\"og:title\" content=\"Pol\u00edticas de Privacidade\" \/>\n<meta property=\"og:description\" content=\"Confira as Pol\u00edticas de privacidade, com o objetivo de respeitar sua privacidade e reservar o direito ao sigilo de identidade do usu\u00e1rio.\" \/>\n<meta property=\"og:url\" content=\"https:\/\/verocontents.com.br\/es\/politicas-de-privacidad\/\" \/>\n<meta property=\"og:site_name\" content=\"Vero Contents\" \/>\n<meta property=\"article:publisher\" content=\"https:\/\/www.facebook.com\/verocontents\/\" \/>\n<meta property=\"article:modified_time\" content=\"2024-11-15T14:17:29+00:00\" \/>\n<meta name=\"twitter:card\" content=\"summary_large_image\" \/>\n<meta name=\"twitter:site\" content=\"@marcelcast\" \/>\n<meta name=\"twitter:label1\" content=\"Tiempo de lectura\" \/>\n\t<meta name=\"twitter:data1\" content=\"4 minutos\" \/>\n<script type=\"application\/ld+json\" class=\"yoast-schema-graph\">{\"@context\":\"https:\/\/schema.org\",\"@graph\":[{\"@type\":\"WebPage\",\"@id\":\"https:\/\/verocontents.com.br\/politicas-de-privacidade\/\",\"url\":\"https:\/\/verocontents.com.br\/politicas-de-privacidade\/\",\"name\":\"Pol\u00edticas de Privacidade - Vero Contents\",\"isPartOf\":{\"@id\":\"https:\/\/verocontents.com.br\/#website\"},\"datePublished\":\"2017-03-24T01:38:30+00:00\",\"dateModified\":\"2024-11-15T14:17:29+00:00\",\"description\":\"Confira as Pol\u00edticas de privacidade, com o objetivo de respeitar sua privacidade e reservar o direito ao sigilo de identidade do usu\u00e1rio.\",\"breadcrumb\":{\"@id\":\"https:\/\/verocontents.com.br\/politicas-de-privacidade\/#breadcrumb\"},\"inLanguage\":\"es\",\"potentialAction\":[{\"@type\":\"ReadAction\",\"target\":[\"https:\/\/verocontents.com.br\/politicas-de-privacidade\/\"]}]},{\"@type\":\"BreadcrumbList\",\"@id\":\"https:\/\/verocontents.com.br\/politicas-de-privacidade\/#breadcrumb\",\"itemListElement\":[{\"@type\":\"ListItem\",\"position\":1,\"name\":\"Home\",\"item\":\"https:\/\/verocontents.com.br\/\"},{\"@type\":\"ListItem\",\"position\":2,\"name\":\"Pol\u00edticas de Privacidade\"}]},{\"@type\":\"WebSite\",\"@id\":\"https:\/\/verocontents.com.br\/#website\",\"url\":\"https:\/\/verocontents.com.br\/\",\"name\":\"Vero Contents\",\"description\":\"Ag\u00eancia de Marketing Digital e Inbound Marketing\",\"publisher\":{\"@id\":\"https:\/\/verocontents.com.br\/#organization\"},\"potentialAction\":[{\"@type\":\"SearchAction\",\"target\":{\"@type\":\"EntryPoint\",\"urlTemplate\":\"https:\/\/verocontents.com.br\/?s={search_term_string}\"},\"query-input\":{\"@type\":\"PropertyValueSpecification\",\"valueRequired\":true,\"valueName\":\"search_term_string\"}}],\"inLanguage\":\"es\"},{\"@type\":\"Organization\",\"@id\":\"https:\/\/verocontents.com.br\/#organization\",\"name\":\"Vero Contents\",\"url\":\"https:\/\/verocontents.com.br\/\",\"logo\":{\"@type\":\"ImageObject\",\"inLanguage\":\"es\",\"@id\":\"https:\/\/verocontents.com.br\/#\/schema\/logo\/image\/\",\"url\":\"http:\/\/verocontents.com.br\/wp-content\/uploads\/2017\/02\/logo-vero-contents.png\",\"contentUrl\":\"http:\/\/verocontents.com.br\/wp-content\/uploads\/2017\/02\/logo-vero-contents.png\",\"width\":240,\"height\":70,\"caption\":\"Vero Contents\"},\"image\":{\"@id\":\"https:\/\/verocontents.com.br\/#\/schema\/logo\/image\/\"},\"sameAs\":[\"https:\/\/www.facebook.com\/verocontents\/\",\"https:\/\/x.com\/marcelcast\",\"https:\/\/www.instagram.com\/verocommkt\/\",\"https:\/\/www.linkedin.com\/company\/vero-comunica-o-e-marketing\",\"http:\/\/www.pinterest.com\/marcelcsouza\",\"https:\/\/www.youtube.com\/channel\/UC0HHv6AQKtsUWqa21C5gX9Q\"]}]}<\/script>\n<!-- \/ Yoast SEO Premium plugin. -->","yoast_head_json":{"title":"Pol\u00edticas de Privacidad - Contenidos Vero","description":"Consulta las Pol\u00edticas de Privacidad, con el objetivo de respetar tu privacidad y reservarte el derecho a la confidencialidad de la identidad del usuario.","robots":{"index":"index","follow":"follow","max-snippet":"max-snippet:-1","max-image-preview":"max-image-preview:large","max-video-preview":"max-video-preview:-1"},"canonical":"https:\/\/verocontents.com.br\/es\/politicas-de-privacidad\/","og_locale":"es_MX","og_type":"article","og_title":"Pol\u00edticas de Privacidade","og_description":"Confira as Pol\u00edticas de privacidade, com o objetivo de respeitar sua privacidade e reservar o direito ao sigilo de identidade do usu\u00e1rio.","og_url":"https:\/\/verocontents.com.br\/es\/politicas-de-privacidad\/","og_site_name":"Vero Contents","article_publisher":"https:\/\/www.facebook.com\/verocontents\/","article_modified_time":"2024-11-15T14:17:29+00:00","twitter_card":"summary_large_image","twitter_site":"@marcelcast","twitter_misc":{"Tiempo de lectura":"4 minutos"},"schema":{"@context":"https:\/\/schema.org","@graph":[{"@type":"WebPage","@id":"https:\/\/verocontents.com.br\/politicas-de-privacidade\/","url":"https:\/\/verocontents.com.br\/politicas-de-privacidade\/","name":"Pol\u00edticas de Privacidad - Contenidos Vero","isPartOf":{"@id":"https:\/\/verocontents.com.br\/#website"},"datePublished":"2017-03-24T01:38:30+00:00","dateModified":"2024-11-15T14:17:29+00:00","description":"Consulta las Pol\u00edticas de Privacidad, con el objetivo de respetar tu privacidad y reservarte el derecho a la confidencialidad de la identidad del usuario.","breadcrumb":{"@id":"https:\/\/verocontents.com.br\/politicas-de-privacidade\/#breadcrumb"},"inLanguage":"es","potentialAction":[{"@type":"ReadAction","target":["https:\/\/verocontents.com.br\/politicas-de-privacidade\/"]}]},{"@type":"BreadcrumbList","@id":"https:\/\/verocontents.com.br\/politicas-de-privacidade\/#breadcrumb","itemListElement":[{"@type":"ListItem","position":1,"name":"Home","item":"https:\/\/verocontents.com.br\/"},{"@type":"ListItem","position":2,"name":"Pol\u00edticas de Privacidade"}]},{"@type":"WebSite","@id":"https:\/\/verocontents.com.br\/#website","url":"https:\/\/verocontents.com.br\/","name":"Contenidos Vero","description":"Agencia de Marketing Digital y Inbound Marketing","publisher":{"@id":"https:\/\/verocontents.com.br\/#organization"},"potentialAction":[{"@type":"SearchAction","target":{"@type":"EntryPoint","urlTemplate":"https:\/\/verocontents.com.br\/?s={search_term_string}"},"query-input":{"@type":"PropertyValueSpecification","valueRequired":true,"valueName":"search_term_string"}}],"inLanguage":"es"},{"@type":"Organization","@id":"https:\/\/verocontents.com.br\/#organization","name":"Contenidos Vero","url":"https:\/\/verocontents.com.br\/","logo":{"@type":"ImageObject","inLanguage":"es","@id":"https:\/\/verocontents.com.br\/#\/schema\/logo\/image\/","url":"http:\/\/verocontents.com.br\/wp-content\/uploads\/2017\/02\/logo-vero-contents.png","contentUrl":"http:\/\/verocontents.com.br\/wp-content\/uploads\/2017\/02\/logo-vero-contents.png","width":240,"height":70,"caption":"Vero Contents"},"image":{"@id":"https:\/\/verocontents.com.br\/#\/schema\/logo\/image\/"},"sameAs":["https:\/\/www.facebook.com\/verocontents\/","https:\/\/x.com\/marcelcast","https:\/\/www.instagram.com\/verocommkt\/","https:\/\/www.linkedin.com\/company\/vero-comunica-o-e-marketing","http:\/\/www.pinterest.com\/marcelcsouza","https:\/\/www.youtube.com\/channel\/UC0HHv6AQKtsUWqa21C5gX9Q"]}]}},"_links":{"self":[{"href":"https:\/\/verocontents.com.br\/es\/wp-json\/wp\/v2\/pages\/276","targetHints":{"allow":["GET"]}}],"collection":[{"href":"https:\/\/verocontents.com.br\/es\/wp-json\/wp\/v2\/pages"}],"about":[{"href":"https:\/\/verocontents.com.br\/es\/wp-json\/wp\/v2\/types\/page"}],"author":[{"embeddable":true,"href":"https:\/\/verocontents.com.br\/es\/wp-json\/wp\/v2\/users\/1"}],"replies":[{"embeddable":true,"href":"https:\/\/verocontents.com.br\/es\/wp-json\/wp\/v2\/comments?post=276"}],"version-history":[{"count":6,"href":"https:\/\/verocontents.com.br\/es\/wp-json\/wp\/v2\/pages\/276\/revisions"}],"predecessor-version":[{"id":5261,"href":"https:\/\/verocontents.com.br\/es\/wp-json\/wp\/v2\/pages\/276\/revisions\/5261"}],"wp:attachment":[{"href":"https:\/\/verocontents.com.br\/es\/wp-json\/wp\/v2\/media?parent=276"}],"curies":[{"name":"wp","href":"https:\/\/api.w.org\/{rel}","templated":true}]}}