{"id":200,"date":"2017-03-14T21:55:32","date_gmt":"2017-03-15T00:55:32","guid":{"rendered":"https:\/\/verocontents.com.br\/?page_id=200"},"modified":"2024-06-05T15:52:00","modified_gmt":"2024-06-05T18:52:00","slug":"optimizacion-de-motores-de-busqueda","status":"publish","type":"page","link":"https:\/\/verocontents.com.br\/es\/servicios\/optimizacion-de-motores-de-busqueda\/","title":{"rendered":"Optimizaci\u00f3n de motores de b\u00fasqueda"},"content":{"rendered":"<p><span style=\"font-size: large;\">El Search Engine Optimization (SEO) de calidad no es m\u00e1s que una estrategia alineada con otros puntos del marketing digital. As\u00ed, todo tiene que estar integrado, desde la creaci\u00f3n de la URL correcta para cada tipo de caso, hasta el uso de palabras clave, pasando por la estructura del sitio web. B\u00e1sicamente, existen dos tipos de optimizaciones: SEO On Page y SEO Off Page.<\/span><\/p>\n<h4><span style=\"color: #fdb813;\"><strong>SEO en la p\u00e1gina<\/strong><\/span><\/h4>\n<p><span style=\"font-size: large;\">El SEO On Page se lleva a cabo dentro de su sitio web. Se trata de t\u00e9cnicas de optimizaci\u00f3n que tienen como objetivo mejorar la clasificaci\u00f3n de su sitio web en los motores de b\u00fasqueda de forma org\u00e1nica. Por lo tanto, esto incluye las optimizaciones m\u00e1s conocidas, como la creaci\u00f3n de URL amigables, la optimizaci\u00f3n de palabras clave, la creaci\u00f3n de metadescripciones, la instalaci\u00f3n de un mapa del sitio y el uso de palabras clave relevantes, entre muchos otros elementos de nuestra lista de verificaci\u00f3n.<\/span><\/p>\n<p><span style=\"font-size: large;\">Adem\u00e1s, se realizan an\u00e1lisis para evaluar la velocidad de carga de su sitio web, fundamental para mantener al usuario en la p\u00e1gina y para la navegaci\u00f3n en smartphones.<\/span><\/p>\n<h4><span style=\"color: #fdb813;\"><strong>SEO fuera de la p\u00e1gina<\/strong><\/span><\/h4>\n<p><span style=\"font-size: large;\">Las estrategias de SEO Off Page engloban acciones realizadas fuera del sitio web, es decir, construir enlaces que atraigan tr\u00e1fico a tu sitio web. Se trata de acciones externas, como construcci\u00f3n de enlaces, publicaciones en foros, blogs, programas de afiliados, asociaciones con influencers y acciones en redes sociales. La construcci\u00f3n de reputaci\u00f3n tambi\u00e9n se puede hacer con el trabajo de gabinete de prensa, enfocado al marketing digital.<\/span><\/p>\n<p><span style=\"font-size: large;\">Tu sitio web estar\u00e1 bien posicionado en las b\u00fasquedas, especialmente en Google, utilizando pr\u00e1cticas y t\u00e9cnicas recomendadas. Es importante resaltar que cada proyecto es \u00fanico. El trabajo de optimizaci\u00f3n es gradual y constante, y requiere disciplina y tiempo. <\/span><\/p>\n<p><span style=\"font-size: large;\"><a href=\"https:\/\/verocontents.com\/fale-com-um-especialista\" target=\"_blank\" rel=\"noopener noreferrer\">Habla con uno de nuestros expertos <\/a>\u00a1Y vea c\u00f3mo Vero Contents puede hacer para expandir su tr\u00e1fico org\u00e1nico!<\/span><\/p>\n<div class=\"banner_wrapper\" style=\"width: 150px; height: 150px;\"><div class=\"banner  banner-291 bottom vert custom-banners-theme-default_style\" style=\"width: 150px;\"><img decoding=\"async\" width=\"215\" height=\"215\" src=\"https:\/\/verocontents.com.br\/wp-content\/uploads\/2017\/03\/Banner-Fale-com-um-especialista-215x215-1.jpg\" class=\"attachment-full size-full\" alt=\"\" style=\"width: 150px;height: 150px;\" srcset=\"https:\/\/verocontents.com.br\/wp-content\/uploads\/2017\/03\/Banner-Fale-com-um-especialista-215x215-1.jpg 215w, https:\/\/verocontents.com.br\/wp-content\/uploads\/2017\/03\/Banner-Fale-com-um-especialista-215x215-1-150x150.jpg 150w, https:\/\/verocontents.com.br\/wp-content\/uploads\/2017\/03\/Banner-Fale-com-um-especialista-215x215-1-12x12.jpg 12w, https:\/\/verocontents.com.br\/wp-content\/uploads\/2017\/03\/Banner-Fale-com-um-especialista-215x215-1-45x45.jpg 45w\" sizes=\"(max-width: 215px) 100vw, 215px\" \/><a class=\"custom_banners_big_link\"  href=\"https:\/\/verocontents.com.br\/es\/hablar-con-un-experto\/\"><\/a><\/div><\/div>","protected":false},"excerpt":{"rendered":"<p>El Search Engine Optimization (SEO) de calidad no es m\u00e1s que una estrategia alineada con otros puntos del marketing digital. Por tanto, hay que integrar todo, desde crear la URL correcta para cada tipo de caso, hasta utilizar<\/p>","protected":false},"author":1,"featured_media":3647,"parent":4398,"menu_order":0,"comment_status":"closed","ping_status":"closed","template":"","meta":{"_monsterinsights_skip_tracking":false,"_monsterinsights_sitenote_active":false,"_monsterinsights_sitenote_note":"","_monsterinsights_sitenote_category":0,"footnotes":""},"class_list":["post-200","page","type-page","status-publish","has-post-thumbnail","hentry"],"yoast_head":"<!-- This site is optimized with the Yoast SEO Premium plugin v26.9 (Yoast SEO v27.0) - https:\/\/yoast.com\/product\/yoast-seo-premium-wordpress\/ -->\n<title>SEO - Search Engine Optimization - Vero Contents<\/title>\n<meta name=\"description\" content=\"Fazer SEO com qualidade nada mais \u00e9 do que montar uma estrat\u00e9gia que esteja dentro de todos os outros pontos do marketing digital.\" \/>\n<meta name=\"robots\" content=\"index, follow, max-snippet:-1, max-image-preview:large, max-video-preview:-1\" \/>\n<link rel=\"canonical\" href=\"https:\/\/verocontents.com.br\/es\/servicios\/optimizacion-de-motores-de-busqueda\/\" \/>\n<meta property=\"og:locale\" content=\"es_MX\" \/>\n<meta property=\"og:type\" content=\"article\" \/>\n<meta property=\"og:title\" content=\"Search Engine Optimization\" \/>\n<meta property=\"og:description\" content=\"Fazer SEO com qualidade nada mais \u00e9 do que montar uma estrat\u00e9gia que esteja dentro de todos os outros pontos do marketing digital.\" \/>\n<meta property=\"og:url\" content=\"https:\/\/verocontents.com.br\/es\/servicios\/optimizacion-de-motores-de-busqueda\/\" \/>\n<meta property=\"og:site_name\" content=\"Vero Contents\" \/>\n<meta property=\"article:publisher\" content=\"https:\/\/www.facebook.com\/verocontents\/\" \/>\n<meta property=\"article:modified_time\" content=\"2024-06-05T18:52:00+00:00\" \/>\n<meta property=\"og:image\" content=\"https:\/\/verocontents.com.br\/wp-content\/uploads\/2022\/10\/SEO-vero-contents.png\" \/>\n\t<meta property=\"og:image:width\" content=\"241\" \/>\n\t<meta property=\"og:image:height\" content=\"241\" \/>\n\t<meta property=\"og:image:type\" content=\"image\/png\" \/>\n<meta name=\"twitter:card\" content=\"summary_large_image\" \/>\n<meta name=\"twitter:site\" content=\"@marcelcast\" \/>\n<meta name=\"twitter:label1\" content=\"Tiempo de lectura\" \/>\n\t<meta name=\"twitter:data1\" content=\"2 minutos\" \/>\n<script type=\"application\/ld+json\" class=\"yoast-schema-graph\">{\"@context\":\"https:\/\/schema.org\",\"@graph\":[{\"@type\":\"WebPage\",\"@id\":\"https:\/\/verocontents.com.br\/servicos\/search-engine-optimization\/\",\"url\":\"https:\/\/verocontents.com.br\/servicos\/search-engine-optimization\/\",\"name\":\"SEO - Search Engine Optimization - Vero Contents\",\"isPartOf\":{\"@id\":\"https:\/\/verocontents.com.br\/#website\"},\"primaryImageOfPage\":{\"@id\":\"https:\/\/verocontents.com.br\/servicos\/search-engine-optimization\/#primaryimage\"},\"image\":{\"@id\":\"https:\/\/verocontents.com.br\/servicos\/search-engine-optimization\/#primaryimage\"},\"thumbnailUrl\":\"https:\/\/verocontents.com.br\/wp-content\/uploads\/2022\/10\/SEO-vero-contents.png\",\"datePublished\":\"2017-03-15T00:55:32+00:00\",\"dateModified\":\"2024-06-05T18:52:00+00:00\",\"description\":\"Fazer SEO com qualidade nada mais \u00e9 do que montar uma estrat\u00e9gia que esteja dentro de todos os outros pontos do marketing digital.\",\"breadcrumb\":{\"@id\":\"https:\/\/verocontents.com.br\/servicos\/search-engine-optimization\/#breadcrumb\"},\"inLanguage\":\"es\",\"potentialAction\":[{\"@type\":\"ReadAction\",\"target\":[\"https:\/\/verocontents.com.br\/servicos\/search-engine-optimization\/\"]}]},{\"@type\":\"ImageObject\",\"inLanguage\":\"es\",\"@id\":\"https:\/\/verocontents.com.br\/servicos\/search-engine-optimization\/#primaryimage\",\"url\":\"https:\/\/verocontents.com.br\/wp-content\/uploads\/2022\/10\/SEO-vero-contents.png\",\"contentUrl\":\"https:\/\/verocontents.com.br\/wp-content\/uploads\/2022\/10\/SEO-vero-contents.png\",\"width\":241,\"height\":241,\"caption\":\"SEO\"},{\"@type\":\"BreadcrumbList\",\"@id\":\"https:\/\/verocontents.com.br\/servicos\/search-engine-optimization\/#breadcrumb\",\"itemListElement\":[{\"@type\":\"ListItem\",\"position\":1,\"name\":\"Home\",\"item\":\"https:\/\/verocontents.com.br\/\"},{\"@type\":\"ListItem\",\"position\":2,\"name\":\"Servi\u00e7os\",\"item\":\"https:\/\/verocontents.com.br\/servicos\/\"},{\"@type\":\"ListItem\",\"position\":3,\"name\":\"Search Engine Optimization\"}]},{\"@type\":\"WebSite\",\"@id\":\"https:\/\/verocontents.com.br\/#website\",\"url\":\"https:\/\/verocontents.com.br\/\",\"name\":\"Vero Contents\",\"description\":\"Ag\u00eancia de Marketing Digital e Inbound Marketing\",\"publisher\":{\"@id\":\"https:\/\/verocontents.com.br\/#organization\"},\"potentialAction\":[{\"@type\":\"SearchAction\",\"target\":{\"@type\":\"EntryPoint\",\"urlTemplate\":\"https:\/\/verocontents.com.br\/?s={search_term_string}\"},\"query-input\":{\"@type\":\"PropertyValueSpecification\",\"valueRequired\":true,\"valueName\":\"search_term_string\"}}],\"inLanguage\":\"es\"},{\"@type\":\"Organization\",\"@id\":\"https:\/\/verocontents.com.br\/#organization\",\"name\":\"Vero Contents\",\"url\":\"https:\/\/verocontents.com.br\/\",\"logo\":{\"@type\":\"ImageObject\",\"inLanguage\":\"es\",\"@id\":\"https:\/\/verocontents.com.br\/#\/schema\/logo\/image\/\",\"url\":\"http:\/\/verocontents.com.br\/wp-content\/uploads\/2017\/02\/logo-vero-contents.png\",\"contentUrl\":\"http:\/\/verocontents.com.br\/wp-content\/uploads\/2017\/02\/logo-vero-contents.png\",\"width\":240,\"height\":70,\"caption\":\"Vero Contents\"},\"image\":{\"@id\":\"https:\/\/verocontents.com.br\/#\/schema\/logo\/image\/\"},\"sameAs\":[\"https:\/\/www.facebook.com\/verocontents\/\",\"https:\/\/x.com\/marcelcast\",\"https:\/\/www.instagram.com\/verocommkt\/\",\"https:\/\/www.linkedin.com\/company\/vero-comunica-o-e-marketing\",\"http:\/\/www.pinterest.com\/marcelcsouza\",\"https:\/\/www.youtube.com\/channel\/UC0HHv6AQKtsUWqa21C5gX9Q\"]}]}<\/script>\n<!-- \/ Yoast SEO Premium plugin. -->","yoast_head_json":{"title":"SEO - Optimizaci\u00f3n de motores de b\u00fasqueda - Vero Contents","description":"Hacer SEO de calidad no es m\u00e1s que armar una estrategia que est\u00e9 dentro de todos los dem\u00e1s puntos del marketing digital.","robots":{"index":"index","follow":"follow","max-snippet":"max-snippet:-1","max-image-preview":"max-image-preview:large","max-video-preview":"max-video-preview:-1"},"canonical":"https:\/\/verocontents.com.br\/es\/servicios\/optimizacion-de-motores-de-busqueda\/","og_locale":"es_MX","og_type":"article","og_title":"Search Engine Optimization","og_description":"Fazer SEO com qualidade nada mais \u00e9 do que montar uma estrat\u00e9gia que esteja dentro de todos os outros pontos do marketing digital.","og_url":"https:\/\/verocontents.com.br\/es\/servicios\/optimizacion-de-motores-de-busqueda\/","og_site_name":"Vero Contents","article_publisher":"https:\/\/www.facebook.com\/verocontents\/","article_modified_time":"2024-06-05T18:52:00+00:00","og_image":[{"width":241,"height":241,"url":"https:\/\/verocontents.com.br\/wp-content\/uploads\/2022\/10\/SEO-vero-contents.png","type":"image\/png"}],"twitter_card":"summary_large_image","twitter_site":"@marcelcast","twitter_misc":{"Tiempo de lectura":"2 minutos"},"schema":{"@context":"https:\/\/schema.org","@graph":[{"@type":"WebPage","@id":"https:\/\/verocontents.com.br\/servicos\/search-engine-optimization\/","url":"https:\/\/verocontents.com.br\/servicos\/search-engine-optimization\/","name":"SEO - Optimizaci\u00f3n de motores de b\u00fasqueda - Vero Contents","isPartOf":{"@id":"https:\/\/verocontents.com.br\/#website"},"primaryImageOfPage":{"@id":"https:\/\/verocontents.com.br\/servicos\/search-engine-optimization\/#primaryimage"},"image":{"@id":"https:\/\/verocontents.com.br\/servicos\/search-engine-optimization\/#primaryimage"},"thumbnailUrl":"https:\/\/verocontents.com.br\/wp-content\/uploads\/2022\/10\/SEO-vero-contents.png","datePublished":"2017-03-15T00:55:32+00:00","dateModified":"2024-06-05T18:52:00+00:00","description":"Hacer SEO de calidad no es m\u00e1s que armar una estrategia que est\u00e9 dentro de todos los dem\u00e1s puntos del marketing digital.","breadcrumb":{"@id":"https:\/\/verocontents.com.br\/servicos\/search-engine-optimization\/#breadcrumb"},"inLanguage":"es","potentialAction":[{"@type":"ReadAction","target":["https:\/\/verocontents.com.br\/servicos\/search-engine-optimization\/"]}]},{"@type":"ImageObject","inLanguage":"es","@id":"https:\/\/verocontents.com.br\/servicos\/search-engine-optimization\/#primaryimage","url":"https:\/\/verocontents.com.br\/wp-content\/uploads\/2022\/10\/SEO-vero-contents.png","contentUrl":"https:\/\/verocontents.com.br\/wp-content\/uploads\/2022\/10\/SEO-vero-contents.png","width":241,"height":241,"caption":"SEO"},{"@type":"BreadcrumbList","@id":"https:\/\/verocontents.com.br\/servicos\/search-engine-optimization\/#breadcrumb","itemListElement":[{"@type":"ListItem","position":1,"name":"Home","item":"https:\/\/verocontents.com.br\/"},{"@type":"ListItem","position":2,"name":"Servi\u00e7os","item":"https:\/\/verocontents.com.br\/servicos\/"},{"@type":"ListItem","position":3,"name":"Search Engine Optimization"}]},{"@type":"WebSite","@id":"https:\/\/verocontents.com.br\/#website","url":"https:\/\/verocontents.com.br\/","name":"Contenidos Vero","description":"Agencia de Marketing Digital y Inbound Marketing","publisher":{"@id":"https:\/\/verocontents.com.br\/#organization"},"potentialAction":[{"@type":"SearchAction","target":{"@type":"EntryPoint","urlTemplate":"https:\/\/verocontents.com.br\/?s={search_term_string}"},"query-input":{"@type":"PropertyValueSpecification","valueRequired":true,"valueName":"search_term_string"}}],"inLanguage":"es"},{"@type":"Organization","@id":"https:\/\/verocontents.com.br\/#organization","name":"Contenidos Vero","url":"https:\/\/verocontents.com.br\/","logo":{"@type":"ImageObject","inLanguage":"es","@id":"https:\/\/verocontents.com.br\/#\/schema\/logo\/image\/","url":"http:\/\/verocontents.com.br\/wp-content\/uploads\/2017\/02\/logo-vero-contents.png","contentUrl":"http:\/\/verocontents.com.br\/wp-content\/uploads\/2017\/02\/logo-vero-contents.png","width":240,"height":70,"caption":"Vero Contents"},"image":{"@id":"https:\/\/verocontents.com.br\/#\/schema\/logo\/image\/"},"sameAs":["https:\/\/www.facebook.com\/verocontents\/","https:\/\/x.com\/marcelcast","https:\/\/www.instagram.com\/verocommkt\/","https:\/\/www.linkedin.com\/company\/vero-comunica-o-e-marketing","http:\/\/www.pinterest.com\/marcelcsouza","https:\/\/www.youtube.com\/channel\/UC0HHv6AQKtsUWqa21C5gX9Q"]}]}},"_links":{"self":[{"href":"https:\/\/verocontents.com.br\/es\/wp-json\/wp\/v2\/pages\/200","targetHints":{"allow":["GET"]}}],"collection":[{"href":"https:\/\/verocontents.com.br\/es\/wp-json\/wp\/v2\/pages"}],"about":[{"href":"https:\/\/verocontents.com.br\/es\/wp-json\/wp\/v2\/types\/page"}],"author":[{"embeddable":true,"href":"https:\/\/verocontents.com.br\/es\/wp-json\/wp\/v2\/users\/1"}],"replies":[{"embeddable":true,"href":"https:\/\/verocontents.com.br\/es\/wp-json\/wp\/v2\/comments?post=200"}],"version-history":[{"count":2,"href":"https:\/\/verocontents.com.br\/es\/wp-json\/wp\/v2\/pages\/200\/revisions"}],"predecessor-version":[{"id":4951,"href":"https:\/\/verocontents.com.br\/es\/wp-json\/wp\/v2\/pages\/200\/revisions\/4951"}],"up":[{"embeddable":true,"href":"https:\/\/verocontents.com.br\/es\/wp-json\/wp\/v2\/pages\/4398"}],"wp:featuredmedia":[{"embeddable":true,"href":"https:\/\/verocontents.com.br\/es\/wp-json\/wp\/v2\/media\/3647"}],"wp:attachment":[{"href":"https:\/\/verocontents.com.br\/es\/wp-json\/wp\/v2\/media?parent=200"}],"curies":[{"name":"wp","href":"https:\/\/api.w.org\/{rel}","templated":true}]}}