{"id":1916,"date":"2019-07-28T16:47:47","date_gmt":"2019-07-28T19:47:47","guid":{"rendered":"https:\/\/verocontents.com.br\/?page_id=1916"},"modified":"2024-02-08T23:25:54","modified_gmt":"2024-02-09T02:25:54","slug":"inbound-marketing-para-el-mercado-de-la-belleza","status":"publish","type":"page","link":"https:\/\/verocontents.com.br\/es\/casos\/inbound-marketing-para-el-mercado-de-la-belleza\/","title":{"rendered":"Marketing entrante | Instituto Ibrape"},"content":{"rendered":"<p>Despu\u00e9s de 1 a\u00f1o de proyecto con generaci\u00f3n de leads descalificados, comenzamos a trabajar con Ibrape Instituto con foco en la calificaci\u00f3n de leads. Adem\u00e1s de aumentar el tr\u00e1fico del sitio web en 15% en 4 meses, los clientes potenciales promedio aumentaron en m\u00e1s de 30%, con un enfoque en personas dise\u00f1adas para el cliente.<\/p>\n<figure id=\"attachment_1917\" aria-describedby=\"caption-attachment-1917\" style=\"width: 960px\" class=\"wp-caption alignnone\"><img fetchpriority=\"high\" decoding=\"async\" class=\"zoooom wp-image-1917 size-full\" src=\"http:\/\/verocontents.com.br\/wp-content\/uploads\/2019\/07\/ibrape.jpg\" alt=\"Inbound Marketing - Instituto Ibrape\" width=\"960\" height=\"540\" srcset=\"https:\/\/verocontents.com.br\/wp-content\/uploads\/2019\/07\/ibrape.jpg 960w, https:\/\/verocontents.com.br\/wp-content\/uploads\/2019\/07\/ibrape-300x169.jpg 300w, https:\/\/verocontents.com.br\/wp-content\/uploads\/2019\/07\/ibrape-768x432.jpg 768w, https:\/\/verocontents.com.br\/wp-content\/uploads\/2019\/07\/ibrape-600x338.jpg 600w\" sizes=\"(max-width: 960px) 100vw, 960px\" \/><figcaption id=\"caption-attachment-1917\" class=\"wp-caption-text\">Inbound Marketing \u2013 Instituto Ibrape<\/figcaption><\/figure>","protected":false},"excerpt":{"rendered":"<p>Despu\u00e9s de 1 a\u00f1o de proyecto con generaci\u00f3n de leads descalificados, comenzamos a trabajar con Ibrape Instituto con foco en la calificaci\u00f3n de leads. Adem\u00e1s de aumentar el tr\u00e1fico del sitio web en 15% en 4 meses, los clientes potenciales promedio<\/p>","protected":false},"author":1,"featured_media":0,"parent":1959,"menu_order":0,"comment_status":"closed","ping_status":"closed","template":"","meta":{"_monsterinsights_skip_tracking":false,"_monsterinsights_sitenote_active":false,"_monsterinsights_sitenote_note":"","_monsterinsights_sitenote_category":0,"footnotes":""},"class_list":["post-1916","page","type-page","status-publish","hentry"],"yoast_head":"<!-- This site is optimized with the Yoast SEO Premium plugin v26.9 (Yoast SEO v27.0) - https:\/\/yoast.com\/product\/yoast-seo-premium-wordpress\/ -->\n<title>Inbound Marketing | Ibrape Instituto - Vero Contents<\/title>\n<meta name=\"description\" content=\"No case do Instituto Ibrape, focamos na qualifica\u00e7\u00e3o dos Leads atrav\u00e9s das personas criadas. Obtivemos um aumento no tr\u00e1fego do site e na m\u00e9dia de leads.\" \/>\n<meta name=\"robots\" content=\"index, follow, max-snippet:-1, max-image-preview:large, max-video-preview:-1\" \/>\n<link rel=\"canonical\" href=\"https:\/\/verocontents.com.br\/es\/casos\/inbound-marketing-para-el-mercado-de-la-belleza\/\" \/>\n<meta property=\"og:locale\" content=\"es_MX\" \/>\n<meta property=\"og:type\" content=\"article\" \/>\n<meta property=\"og:title\" content=\"Inbound Marketing | Ibrape Instituto\" \/>\n<meta property=\"og:description\" content=\"No case do Instituto Ibrape, focamos na qualifica\u00e7\u00e3o dos Leads atrav\u00e9s das personas criadas. Obtivemos um aumento no tr\u00e1fego do site e na m\u00e9dia de leads.\" \/>\n<meta property=\"og:url\" content=\"https:\/\/verocontents.com.br\/es\/casos\/inbound-marketing-para-el-mercado-de-la-belleza\/\" \/>\n<meta property=\"og:site_name\" content=\"Vero Contents\" \/>\n<meta property=\"article:publisher\" content=\"https:\/\/www.facebook.com\/verocontents\/\" \/>\n<meta property=\"article:modified_time\" content=\"2024-02-09T02:25:54+00:00\" \/>\n<meta property=\"og:image\" content=\"http:\/\/verocontents.com.br\/wp-content\/uploads\/2019\/07\/ibrape.jpg\" \/>\n<meta name=\"twitter:card\" content=\"summary_large_image\" \/>\n<meta name=\"twitter:site\" content=\"@marcelcast\" \/>\n<meta name=\"twitter:label1\" content=\"Tiempo de lectura\" \/>\n\t<meta name=\"twitter:data1\" content=\"1 minuto\" \/>\n<script type=\"application\/ld+json\" class=\"yoast-schema-graph\">{\"@context\":\"https:\/\/schema.org\",\"@graph\":[{\"@type\":\"WebPage\",\"@id\":\"https:\/\/verocontents.com.br\/cases\/inbound-marketing-para-mercado-de-beleza\/\",\"url\":\"https:\/\/verocontents.com.br\/cases\/inbound-marketing-para-mercado-de-beleza\/\",\"name\":\"Inbound Marketing | Ibrape Instituto - Vero Contents\",\"isPartOf\":{\"@id\":\"https:\/\/verocontents.com.br\/#website\"},\"primaryImageOfPage\":{\"@id\":\"https:\/\/verocontents.com.br\/cases\/inbound-marketing-para-mercado-de-beleza\/#primaryimage\"},\"image\":{\"@id\":\"https:\/\/verocontents.com.br\/cases\/inbound-marketing-para-mercado-de-beleza\/#primaryimage\"},\"thumbnailUrl\":\"http:\/\/verocontents.com.br\/wp-content\/uploads\/2019\/07\/ibrape.jpg\",\"datePublished\":\"2019-07-28T19:47:47+00:00\",\"dateModified\":\"2024-02-09T02:25:54+00:00\",\"description\":\"No case do Instituto Ibrape, focamos na qualifica\u00e7\u00e3o dos Leads atrav\u00e9s das personas criadas. Obtivemos um aumento no tr\u00e1fego do site e na m\u00e9dia de leads.\",\"breadcrumb\":{\"@id\":\"https:\/\/verocontents.com.br\/cases\/inbound-marketing-para-mercado-de-beleza\/#breadcrumb\"},\"inLanguage\":\"es\",\"potentialAction\":[{\"@type\":\"ReadAction\",\"target\":[\"https:\/\/verocontents.com.br\/cases\/inbound-marketing-para-mercado-de-beleza\/\"]}]},{\"@type\":\"ImageObject\",\"inLanguage\":\"es\",\"@id\":\"https:\/\/verocontents.com.br\/cases\/inbound-marketing-para-mercado-de-beleza\/#primaryimage\",\"url\":\"http:\/\/verocontents.com.br\/wp-content\/uploads\/2019\/07\/ibrape.jpg\",\"contentUrl\":\"http:\/\/verocontents.com.br\/wp-content\/uploads\/2019\/07\/ibrape.jpg\"},{\"@type\":\"BreadcrumbList\",\"@id\":\"https:\/\/verocontents.com.br\/cases\/inbound-marketing-para-mercado-de-beleza\/#breadcrumb\",\"itemListElement\":[{\"@type\":\"ListItem\",\"position\":1,\"name\":\"Home\",\"item\":\"https:\/\/verocontents.com.br\/\"},{\"@type\":\"ListItem\",\"position\":2,\"name\":\"Cases\",\"item\":\"https:\/\/verocontents.com.br\/cases\/\"},{\"@type\":\"ListItem\",\"position\":3,\"name\":\"Inbound Marketing | Ibrape Instituto\"}]},{\"@type\":\"WebSite\",\"@id\":\"https:\/\/verocontents.com.br\/#website\",\"url\":\"https:\/\/verocontents.com.br\/\",\"name\":\"Vero Contents\",\"description\":\"Ag\u00eancia de Marketing Digital e Inbound Marketing\",\"publisher\":{\"@id\":\"https:\/\/verocontents.com.br\/#organization\"},\"potentialAction\":[{\"@type\":\"SearchAction\",\"target\":{\"@type\":\"EntryPoint\",\"urlTemplate\":\"https:\/\/verocontents.com.br\/?s={search_term_string}\"},\"query-input\":{\"@type\":\"PropertyValueSpecification\",\"valueRequired\":true,\"valueName\":\"search_term_string\"}}],\"inLanguage\":\"es\"},{\"@type\":\"Organization\",\"@id\":\"https:\/\/verocontents.com.br\/#organization\",\"name\":\"Vero Contents\",\"url\":\"https:\/\/verocontents.com.br\/\",\"logo\":{\"@type\":\"ImageObject\",\"inLanguage\":\"es\",\"@id\":\"https:\/\/verocontents.com.br\/#\/schema\/logo\/image\/\",\"url\":\"http:\/\/verocontents.com.br\/wp-content\/uploads\/2017\/02\/logo-vero-contents.png\",\"contentUrl\":\"http:\/\/verocontents.com.br\/wp-content\/uploads\/2017\/02\/logo-vero-contents.png\",\"width\":240,\"height\":70,\"caption\":\"Vero Contents\"},\"image\":{\"@id\":\"https:\/\/verocontents.com.br\/#\/schema\/logo\/image\/\"},\"sameAs\":[\"https:\/\/www.facebook.com\/verocontents\/\",\"https:\/\/x.com\/marcelcast\",\"https:\/\/www.instagram.com\/verocommkt\/\",\"https:\/\/www.linkedin.com\/company\/vero-comunica-o-e-marketing\",\"http:\/\/www.pinterest.com\/marcelcsouza\",\"https:\/\/www.youtube.com\/channel\/UC0HHv6AQKtsUWqa21C5gX9Q\"]}]}<\/script>\n<!-- \/ Yoast SEO Premium plugin. -->","yoast_head_json":{"title":"Marketing entrante | Instituto Ibrape - Vero Contenidos","description":"En el caso del Instituto Ibrape, nos enfocamos en calificar Leads a trav\u00e9s de las personas creadas. Vimos un aumento en el tr\u00e1fico del sitio web y en el promedio de clientes potenciales.","robots":{"index":"index","follow":"follow","max-snippet":"max-snippet:-1","max-image-preview":"max-image-preview:large","max-video-preview":"max-video-preview:-1"},"canonical":"https:\/\/verocontents.com.br\/es\/casos\/inbound-marketing-para-el-mercado-de-la-belleza\/","og_locale":"es_MX","og_type":"article","og_title":"Inbound Marketing | Ibrape Instituto","og_description":"No case do Instituto Ibrape, focamos na qualifica\u00e7\u00e3o dos Leads atrav\u00e9s das personas criadas. Obtivemos um aumento no tr\u00e1fego do site e na m\u00e9dia de leads.","og_url":"https:\/\/verocontents.com.br\/es\/casos\/inbound-marketing-para-el-mercado-de-la-belleza\/","og_site_name":"Vero Contents","article_publisher":"https:\/\/www.facebook.com\/verocontents\/","article_modified_time":"2024-02-09T02:25:54+00:00","og_image":[{"url":"http:\/\/verocontents.com.br\/wp-content\/uploads\/2019\/07\/ibrape.jpg","type":"","width":"","height":""}],"twitter_card":"summary_large_image","twitter_site":"@marcelcast","twitter_misc":{"Tiempo de lectura":"1 minuto"},"schema":{"@context":"https:\/\/schema.org","@graph":[{"@type":"WebPage","@id":"https:\/\/verocontents.com.br\/cases\/inbound-marketing-para-mercado-de-beleza\/","url":"https:\/\/verocontents.com.br\/cases\/inbound-marketing-para-mercado-de-beleza\/","name":"Marketing entrante | Instituto Ibrape - Vero Contenidos","isPartOf":{"@id":"https:\/\/verocontents.com.br\/#website"},"primaryImageOfPage":{"@id":"https:\/\/verocontents.com.br\/cases\/inbound-marketing-para-mercado-de-beleza\/#primaryimage"},"image":{"@id":"https:\/\/verocontents.com.br\/cases\/inbound-marketing-para-mercado-de-beleza\/#primaryimage"},"thumbnailUrl":"http:\/\/verocontents.com.br\/wp-content\/uploads\/2019\/07\/ibrape.jpg","datePublished":"2019-07-28T19:47:47+00:00","dateModified":"2024-02-09T02:25:54+00:00","description":"En el caso del Instituto Ibrape, nos enfocamos en calificar Leads a trav\u00e9s de las personas creadas. Vimos un aumento en el tr\u00e1fico del sitio web y en el promedio de clientes potenciales.","breadcrumb":{"@id":"https:\/\/verocontents.com.br\/cases\/inbound-marketing-para-mercado-de-beleza\/#breadcrumb"},"inLanguage":"es","potentialAction":[{"@type":"ReadAction","target":["https:\/\/verocontents.com.br\/cases\/inbound-marketing-para-mercado-de-beleza\/"]}]},{"@type":"ImageObject","inLanguage":"es","@id":"https:\/\/verocontents.com.br\/cases\/inbound-marketing-para-mercado-de-beleza\/#primaryimage","url":"http:\/\/verocontents.com.br\/wp-content\/uploads\/2019\/07\/ibrape.jpg","contentUrl":"http:\/\/verocontents.com.br\/wp-content\/uploads\/2019\/07\/ibrape.jpg"},{"@type":"BreadcrumbList","@id":"https:\/\/verocontents.com.br\/cases\/inbound-marketing-para-mercado-de-beleza\/#breadcrumb","itemListElement":[{"@type":"ListItem","position":1,"name":"Home","item":"https:\/\/verocontents.com.br\/"},{"@type":"ListItem","position":2,"name":"Cases","item":"https:\/\/verocontents.com.br\/cases\/"},{"@type":"ListItem","position":3,"name":"Inbound Marketing | Ibrape Instituto"}]},{"@type":"WebSite","@id":"https:\/\/verocontents.com.br\/#website","url":"https:\/\/verocontents.com.br\/","name":"Contenidos Vero","description":"Agencia de Marketing Digital y Inbound Marketing","publisher":{"@id":"https:\/\/verocontents.com.br\/#organization"},"potentialAction":[{"@type":"SearchAction","target":{"@type":"EntryPoint","urlTemplate":"https:\/\/verocontents.com.br\/?s={search_term_string}"},"query-input":{"@type":"PropertyValueSpecification","valueRequired":true,"valueName":"search_term_string"}}],"inLanguage":"es"},{"@type":"Organization","@id":"https:\/\/verocontents.com.br\/#organization","name":"Contenidos Vero","url":"https:\/\/verocontents.com.br\/","logo":{"@type":"ImageObject","inLanguage":"es","@id":"https:\/\/verocontents.com.br\/#\/schema\/logo\/image\/","url":"http:\/\/verocontents.com.br\/wp-content\/uploads\/2017\/02\/logo-vero-contents.png","contentUrl":"http:\/\/verocontents.com.br\/wp-content\/uploads\/2017\/02\/logo-vero-contents.png","width":240,"height":70,"caption":"Vero Contents"},"image":{"@id":"https:\/\/verocontents.com.br\/#\/schema\/logo\/image\/"},"sameAs":["https:\/\/www.facebook.com\/verocontents\/","https:\/\/x.com\/marcelcast","https:\/\/www.instagram.com\/verocommkt\/","https:\/\/www.linkedin.com\/company\/vero-comunica-o-e-marketing","http:\/\/www.pinterest.com\/marcelcsouza","https:\/\/www.youtube.com\/channel\/UC0HHv6AQKtsUWqa21C5gX9Q"]}]}},"_links":{"self":[{"href":"https:\/\/verocontents.com.br\/es\/wp-json\/wp\/v2\/pages\/1916","targetHints":{"allow":["GET"]}}],"collection":[{"href":"https:\/\/verocontents.com.br\/es\/wp-json\/wp\/v2\/pages"}],"about":[{"href":"https:\/\/verocontents.com.br\/es\/wp-json\/wp\/v2\/types\/page"}],"author":[{"embeddable":true,"href":"https:\/\/verocontents.com.br\/es\/wp-json\/wp\/v2\/users\/1"}],"replies":[{"embeddable":true,"href":"https:\/\/verocontents.com.br\/es\/wp-json\/wp\/v2\/comments?post=1916"}],"version-history":[{"count":2,"href":"https:\/\/verocontents.com.br\/es\/wp-json\/wp\/v2\/pages\/1916\/revisions"}],"predecessor-version":[{"id":4384,"href":"https:\/\/verocontents.com.br\/es\/wp-json\/wp\/v2\/pages\/1916\/revisions\/4384"}],"up":[{"embeddable":true,"href":"https:\/\/verocontents.com.br\/es\/wp-json\/wp\/v2\/pages\/1959"}],"wp:attachment":[{"href":"https:\/\/verocontents.com.br\/es\/wp-json\/wp\/v2\/media?parent=1916"}],"curies":[{"name":"wp","href":"https:\/\/api.w.org\/{rel}","templated":true}]}}