{"id":1912,"date":"2019-07-28T15:43:06","date_gmt":"2019-07-28T18:43:06","guid":{"rendered":"https:\/\/verocontents.com.br\/?page_id=1912"},"modified":"2024-02-08T22:58:10","modified_gmt":"2024-02-09T01:58:10","slug":"inbound-marketing-para-inmobiliaria-immobihaus","status":"publish","type":"page","link":"https:\/\/verocontents.com.br\/es\/casos\/inbound-marketing-para-inmobiliaria-immobihaus\/","title":{"rendered":"Marketing entrante | Inmobiliaria"},"content":{"rendered":"<p>El proyecto inmobiliario de Immobihaus fue un gran \u00e9xito. Implementado en 2018, el acceso al sitio web creci\u00f3 durante todo el per\u00edodo en el que Vero Contents sirvi\u00f3 a la agencia inmobiliaria y la empresa logr\u00f3 excelentes resultados con una estrategia que abarca varios canales de adquisici\u00f3n.<\/p>\n<p>Al trabajar en estrecha colaboraci\u00f3n con consultores, el marketing digital ha sido crucial para conectar a las personas con lo que buscan. Hoy el cliente trabaja sus acciones de marketing de forma interna, pero las acciones en curso son resultado de la planificaci\u00f3n y ejecuci\u00f3n del trabajo realizado por Vero Contents.<\/p>\n<figure id=\"attachment_3691\" aria-describedby=\"caption-attachment-3691\" style=\"width: 960px\" class=\"wp-caption alignnone\"><img fetchpriority=\"high\" decoding=\"async\" class=\"zoooom wp-image-3691 size-full\" src=\"http:\/\/verocontents.com.br\/wp-content\/uploads\/2023\/01\/case-immobi.jpg\" alt=\"Marketing entrante - Immobihaus\" width=\"960\" height=\"540\" srcset=\"https:\/\/verocontents.com.br\/wp-content\/uploads\/2023\/01\/case-immobi.jpg 960w, https:\/\/verocontents.com.br\/wp-content\/uploads\/2023\/01\/case-immobi-300x169.jpg 300w, https:\/\/verocontents.com.br\/wp-content\/uploads\/2023\/01\/case-immobi-768x432.jpg 768w\" sizes=\"(max-width: 960px) 100vw, 960px\" \/><figcaption id=\"caption-attachment-3691\" class=\"wp-caption-text\">Marketing entrante \u2013 Immobihaus<\/figcaption><\/figure>","protected":false},"excerpt":{"rendered":"<p>El proyecto inmobiliario de Immobihaus fue un gran \u00e9xito. Implementado en 2018, el acceso al sitio web creci\u00f3 durante todo el per\u00edodo en el que Vero Contents atendi\u00f3 a la agencia inmobiliaria y la empresa obtuvo excelentes resultados con una estrategia<\/p>","protected":false},"author":1,"featured_media":0,"parent":1959,"menu_order":0,"comment_status":"closed","ping_status":"closed","template":"","meta":{"_monsterinsights_skip_tracking":false,"_monsterinsights_sitenote_active":false,"_monsterinsights_sitenote_note":"","_monsterinsights_sitenote_category":0,"footnotes":""},"class_list":["post-1912","page","type-page","status-publish","hentry"],"yoast_head":"<!-- This site is optimized with the Yoast SEO Premium plugin v26.9 (Yoast SEO v27.0) - https:\/\/yoast.com\/product\/yoast-seo-premium-wordpress\/ -->\n<title>Inbound Marketing | Immobihaus - Vero Contents<\/title>\n<meta name=\"description\" content=\"O nosso trabalho de Marketing Digital tem sido fundamental para conectar as pessoas com os consultores da imobili\u00e1ria Immobihaus.\" \/>\n<meta name=\"robots\" content=\"index, follow, max-snippet:-1, max-image-preview:large, max-video-preview:-1\" \/>\n<link rel=\"canonical\" href=\"https:\/\/verocontents.com.br\/es\/casos\/inbound-marketing-para-inmobiliaria-immobihaus\/\" \/>\n<meta property=\"og:locale\" content=\"es_MX\" \/>\n<meta property=\"og:type\" content=\"article\" \/>\n<meta property=\"og:title\" content=\"Inbound Marketing | Immobihaus\" \/>\n<meta property=\"og:description\" content=\"O nosso trabalho de Marketing Digital tem sido fundamental para conectar as pessoas com os consultores da imobili\u00e1ria Immobihaus.\" \/>\n<meta property=\"og:url\" content=\"https:\/\/verocontents.com.br\/es\/casos\/inbound-marketing-para-inmobiliaria-immobihaus\/\" \/>\n<meta property=\"og:site_name\" content=\"Vero Contents\" \/>\n<meta property=\"article:publisher\" content=\"https:\/\/www.facebook.com\/verocontents\/\" \/>\n<meta property=\"article:modified_time\" content=\"2024-02-09T01:58:10+00:00\" \/>\n<meta property=\"og:image\" content=\"http:\/\/verocontents.com.br\/wp-content\/uploads\/2023\/01\/case-immobi.jpg\" \/>\n<meta name=\"twitter:card\" content=\"summary_large_image\" \/>\n<meta name=\"twitter:site\" content=\"@marcelcast\" \/>\n<meta name=\"twitter:label1\" content=\"Tiempo de lectura\" \/>\n\t<meta name=\"twitter:data1\" content=\"1 minuto\" \/>\n<script type=\"application\/ld+json\" class=\"yoast-schema-graph\">{\"@context\":\"https:\/\/schema.org\",\"@graph\":[{\"@type\":\"WebPage\",\"@id\":\"https:\/\/verocontents.com.br\/cases\/inbound-marketing-para-imobiliarias-immobihaus\/\",\"url\":\"https:\/\/verocontents.com.br\/cases\/inbound-marketing-para-imobiliarias-immobihaus\/\",\"name\":\"Inbound Marketing | Immobihaus - Vero Contents\",\"isPartOf\":{\"@id\":\"https:\/\/verocontents.com.br\/#website\"},\"primaryImageOfPage\":{\"@id\":\"https:\/\/verocontents.com.br\/cases\/inbound-marketing-para-imobiliarias-immobihaus\/#primaryimage\"},\"image\":{\"@id\":\"https:\/\/verocontents.com.br\/cases\/inbound-marketing-para-imobiliarias-immobihaus\/#primaryimage\"},\"thumbnailUrl\":\"http:\/\/verocontents.com.br\/wp-content\/uploads\/2023\/01\/case-immobi.jpg\",\"datePublished\":\"2019-07-28T18:43:06+00:00\",\"dateModified\":\"2024-02-09T01:58:10+00:00\",\"description\":\"O nosso trabalho de Marketing Digital tem sido fundamental para conectar as pessoas com os consultores da imobili\u00e1ria Immobihaus.\",\"breadcrumb\":{\"@id\":\"https:\/\/verocontents.com.br\/cases\/inbound-marketing-para-imobiliarias-immobihaus\/#breadcrumb\"},\"inLanguage\":\"es\",\"potentialAction\":[{\"@type\":\"ReadAction\",\"target\":[\"https:\/\/verocontents.com.br\/cases\/inbound-marketing-para-imobiliarias-immobihaus\/\"]}]},{\"@type\":\"ImageObject\",\"inLanguage\":\"es\",\"@id\":\"https:\/\/verocontents.com.br\/cases\/inbound-marketing-para-imobiliarias-immobihaus\/#primaryimage\",\"url\":\"http:\/\/verocontents.com.br\/wp-content\/uploads\/2023\/01\/case-immobi.jpg\",\"contentUrl\":\"http:\/\/verocontents.com.br\/wp-content\/uploads\/2023\/01\/case-immobi.jpg\"},{\"@type\":\"BreadcrumbList\",\"@id\":\"https:\/\/verocontents.com.br\/cases\/inbound-marketing-para-imobiliarias-immobihaus\/#breadcrumb\",\"itemListElement\":[{\"@type\":\"ListItem\",\"position\":1,\"name\":\"Home\",\"item\":\"https:\/\/verocontents.com.br\/\"},{\"@type\":\"ListItem\",\"position\":2,\"name\":\"Cases\",\"item\":\"https:\/\/verocontents.com.br\/cases\/\"},{\"@type\":\"ListItem\",\"position\":3,\"name\":\"Inbound Marketing | Immobihaus\"}]},{\"@type\":\"WebSite\",\"@id\":\"https:\/\/verocontents.com.br\/#website\",\"url\":\"https:\/\/verocontents.com.br\/\",\"name\":\"Vero Contents\",\"description\":\"Ag\u00eancia de Marketing Digital e Inbound Marketing\",\"publisher\":{\"@id\":\"https:\/\/verocontents.com.br\/#organization\"},\"potentialAction\":[{\"@type\":\"SearchAction\",\"target\":{\"@type\":\"EntryPoint\",\"urlTemplate\":\"https:\/\/verocontents.com.br\/?s={search_term_string}\"},\"query-input\":{\"@type\":\"PropertyValueSpecification\",\"valueRequired\":true,\"valueName\":\"search_term_string\"}}],\"inLanguage\":\"es\"},{\"@type\":\"Organization\",\"@id\":\"https:\/\/verocontents.com.br\/#organization\",\"name\":\"Vero Contents\",\"url\":\"https:\/\/verocontents.com.br\/\",\"logo\":{\"@type\":\"ImageObject\",\"inLanguage\":\"es\",\"@id\":\"https:\/\/verocontents.com.br\/#\/schema\/logo\/image\/\",\"url\":\"http:\/\/verocontents.com.br\/wp-content\/uploads\/2017\/02\/logo-vero-contents.png\",\"contentUrl\":\"http:\/\/verocontents.com.br\/wp-content\/uploads\/2017\/02\/logo-vero-contents.png\",\"width\":240,\"height\":70,\"caption\":\"Vero Contents\"},\"image\":{\"@id\":\"https:\/\/verocontents.com.br\/#\/schema\/logo\/image\/\"},\"sameAs\":[\"https:\/\/www.facebook.com\/verocontents\/\",\"https:\/\/x.com\/marcelcast\",\"https:\/\/www.instagram.com\/verocommkt\/\",\"https:\/\/www.linkedin.com\/company\/vero-comunica-o-e-marketing\",\"http:\/\/www.pinterest.com\/marcelcsouza\",\"https:\/\/www.youtube.com\/channel\/UC0HHv6AQKtsUWqa21C5gX9Q\"]}]}<\/script>\n<!-- \/ Yoast SEO Premium plugin. -->","yoast_head_json":{"title":"Marketing entrante | Immobihaus - Vero Contenidos","description":"Nuestro trabajo de Marketing Digital ha sido fundamental para conectar a las personas con los asesores inmobiliarios de Immobihaus.","robots":{"index":"index","follow":"follow","max-snippet":"max-snippet:-1","max-image-preview":"max-image-preview:large","max-video-preview":"max-video-preview:-1"},"canonical":"https:\/\/verocontents.com.br\/es\/casos\/inbound-marketing-para-inmobiliaria-immobihaus\/","og_locale":"es_MX","og_type":"article","og_title":"Inbound Marketing | Immobihaus","og_description":"O nosso trabalho de Marketing Digital tem sido fundamental para conectar as pessoas com os consultores da imobili\u00e1ria Immobihaus.","og_url":"https:\/\/verocontents.com.br\/es\/casos\/inbound-marketing-para-inmobiliaria-immobihaus\/","og_site_name":"Vero Contents","article_publisher":"https:\/\/www.facebook.com\/verocontents\/","article_modified_time":"2024-02-09T01:58:10+00:00","og_image":[{"url":"http:\/\/verocontents.com.br\/wp-content\/uploads\/2023\/01\/case-immobi.jpg","type":"","width":"","height":""}],"twitter_card":"summary_large_image","twitter_site":"@marcelcast","twitter_misc":{"Tiempo de lectura":"1 minuto"},"schema":{"@context":"https:\/\/schema.org","@graph":[{"@type":"WebPage","@id":"https:\/\/verocontents.com.br\/cases\/inbound-marketing-para-imobiliarias-immobihaus\/","url":"https:\/\/verocontents.com.br\/cases\/inbound-marketing-para-imobiliarias-immobihaus\/","name":"Marketing entrante | Immobihaus - Vero Contenidos","isPartOf":{"@id":"https:\/\/verocontents.com.br\/#website"},"primaryImageOfPage":{"@id":"https:\/\/verocontents.com.br\/cases\/inbound-marketing-para-imobiliarias-immobihaus\/#primaryimage"},"image":{"@id":"https:\/\/verocontents.com.br\/cases\/inbound-marketing-para-imobiliarias-immobihaus\/#primaryimage"},"thumbnailUrl":"http:\/\/verocontents.com.br\/wp-content\/uploads\/2023\/01\/case-immobi.jpg","datePublished":"2019-07-28T18:43:06+00:00","dateModified":"2024-02-09T01:58:10+00:00","description":"Nuestro trabajo de Marketing Digital ha sido fundamental para conectar a las personas con los asesores inmobiliarios de Immobihaus.","breadcrumb":{"@id":"https:\/\/verocontents.com.br\/cases\/inbound-marketing-para-imobiliarias-immobihaus\/#breadcrumb"},"inLanguage":"es","potentialAction":[{"@type":"ReadAction","target":["https:\/\/verocontents.com.br\/cases\/inbound-marketing-para-imobiliarias-immobihaus\/"]}]},{"@type":"ImageObject","inLanguage":"es","@id":"https:\/\/verocontents.com.br\/cases\/inbound-marketing-para-imobiliarias-immobihaus\/#primaryimage","url":"http:\/\/verocontents.com.br\/wp-content\/uploads\/2023\/01\/case-immobi.jpg","contentUrl":"http:\/\/verocontents.com.br\/wp-content\/uploads\/2023\/01\/case-immobi.jpg"},{"@type":"BreadcrumbList","@id":"https:\/\/verocontents.com.br\/cases\/inbound-marketing-para-imobiliarias-immobihaus\/#breadcrumb","itemListElement":[{"@type":"ListItem","position":1,"name":"Home","item":"https:\/\/verocontents.com.br\/"},{"@type":"ListItem","position":2,"name":"Cases","item":"https:\/\/verocontents.com.br\/cases\/"},{"@type":"ListItem","position":3,"name":"Inbound Marketing | Immobihaus"}]},{"@type":"WebSite","@id":"https:\/\/verocontents.com.br\/#website","url":"https:\/\/verocontents.com.br\/","name":"Contenidos Vero","description":"Agencia de Marketing Digital y Inbound Marketing","publisher":{"@id":"https:\/\/verocontents.com.br\/#organization"},"potentialAction":[{"@type":"SearchAction","target":{"@type":"EntryPoint","urlTemplate":"https:\/\/verocontents.com.br\/?s={search_term_string}"},"query-input":{"@type":"PropertyValueSpecification","valueRequired":true,"valueName":"search_term_string"}}],"inLanguage":"es"},{"@type":"Organization","@id":"https:\/\/verocontents.com.br\/#organization","name":"Contenidos Vero","url":"https:\/\/verocontents.com.br\/","logo":{"@type":"ImageObject","inLanguage":"es","@id":"https:\/\/verocontents.com.br\/#\/schema\/logo\/image\/","url":"http:\/\/verocontents.com.br\/wp-content\/uploads\/2017\/02\/logo-vero-contents.png","contentUrl":"http:\/\/verocontents.com.br\/wp-content\/uploads\/2017\/02\/logo-vero-contents.png","width":240,"height":70,"caption":"Vero Contents"},"image":{"@id":"https:\/\/verocontents.com.br\/#\/schema\/logo\/image\/"},"sameAs":["https:\/\/www.facebook.com\/verocontents\/","https:\/\/x.com\/marcelcast","https:\/\/www.instagram.com\/verocommkt\/","https:\/\/www.linkedin.com\/company\/vero-comunica-o-e-marketing","http:\/\/www.pinterest.com\/marcelcsouza","https:\/\/www.youtube.com\/channel\/UC0HHv6AQKtsUWqa21C5gX9Q"]}]}},"_links":{"self":[{"href":"https:\/\/verocontents.com.br\/es\/wp-json\/wp\/v2\/pages\/1912","targetHints":{"allow":["GET"]}}],"collection":[{"href":"https:\/\/verocontents.com.br\/es\/wp-json\/wp\/v2\/pages"}],"about":[{"href":"https:\/\/verocontents.com.br\/es\/wp-json\/wp\/v2\/types\/page"}],"author":[{"embeddable":true,"href":"https:\/\/verocontents.com.br\/es\/wp-json\/wp\/v2\/users\/1"}],"replies":[{"embeddable":true,"href":"https:\/\/verocontents.com.br\/es\/wp-json\/wp\/v2\/comments?post=1912"}],"version-history":[{"count":3,"href":"https:\/\/verocontents.com.br\/es\/wp-json\/wp\/v2\/pages\/1912\/revisions"}],"predecessor-version":[{"id":4388,"href":"https:\/\/verocontents.com.br\/es\/wp-json\/wp\/v2\/pages\/1912\/revisions\/4388"}],"up":[{"embeddable":true,"href":"https:\/\/verocontents.com.br\/es\/wp-json\/wp\/v2\/pages\/1959"}],"wp:attachment":[{"href":"https:\/\/verocontents.com.br\/es\/wp-json\/wp\/v2\/media?parent=1912"}],"curies":[{"name":"wp","href":"https:\/\/api.w.org\/{rel}","templated":true}]}}