{"id":1908,"date":"2019-07-28T15:13:56","date_gmt":"2019-07-28T18:13:56","guid":{"rendered":"https:\/\/verocontents.com.br\/?page_id=1908"},"modified":"2024-02-08T22:58:50","modified_gmt":"2024-02-09T01:58:50","slug":"inbound-marketing-para-lopes-inmobiliarios-erwin-maack","status":"publish","type":"page","link":"https:\/\/verocontents.com.br\/es\/casos\/inbound-marketing-para-lopes-inmobiliarios-erwin-maack\/","title":{"rendered":"Marketing entrante | Lopes Erwin Maack"},"content":{"rendered":"<p>Para el proyecto de inbound marketing de Lopes Erwin Maack, creamos un nuevo sitio web, con integraci\u00f3n en el sistema Lopesnet, donde se almacenan todos los datos sobre las propiedades disponibles de la empresa.<\/p>\n<h4><span style=\"font-size: large; color: #ff9900;\"><strong>Estrategia y Resultados<\/strong><\/span><\/h4>\n<p>La campa\u00f1a de Google Adwords tuvo un crecimiento de 311% con relaci\u00f3n a lo ya realizado, triplicando el n\u00famero de clics con la misma inversi\u00f3n anterior. El sitio web experiment\u00f3 un aumento de m\u00e1s de 50% en el n\u00famero de visitantes y Facebook logr\u00f3 tasas de participaci\u00f3n de m\u00e1s de 5%.<\/p>\n<p>Otras redes sociales, como Twitter e Instagram, tambi\u00e9n han atra\u00eddo m\u00e1s visitantes al sitio, representando alrededor de 5% del tr\u00e1fico total.<\/p>\n<p>Con la implementaci\u00f3n del nuevo sitio web, blog y materiales enriquecidos, hubo un aumento de m\u00e1s de 10% en visitas al sitio web (en relaci\u00f3n a los n\u00fameros que ya est\u00e1bamos logrando), provenientes del tr\u00e1fico org\u00e1nico, adem\u00e1s de un aumento de m\u00e1s de 20% en el tasas de clientes potenciales.<\/p>\n<figure id=\"attachment_1909\" aria-describedby=\"caption-attachment-1909\" style=\"width: 960px\" class=\"wp-caption alignnone\"><img fetchpriority=\"high\" decoding=\"async\" class=\"zoooom wp-image-1909 size-full\" src=\"http:\/\/verocontents.com.br\/wp-content\/uploads\/2019\/07\/lopes-erwin-maack-vero-contents.jpg\" alt=\"Inbound Marketing - Lopes Erwin Maack\" width=\"960\" height=\"540\" srcset=\"https:\/\/verocontents.com.br\/wp-content\/uploads\/2019\/07\/lopes-erwin-maack-vero-contents.jpg 960w, https:\/\/verocontents.com.br\/wp-content\/uploads\/2019\/07\/lopes-erwin-maack-vero-contents-300x169.jpg 300w, https:\/\/verocontents.com.br\/wp-content\/uploads\/2019\/07\/lopes-erwin-maack-vero-contents-768x432.jpg 768w, https:\/\/verocontents.com.br\/wp-content\/uploads\/2019\/07\/lopes-erwin-maack-vero-contents-600x338.jpg 600w\" sizes=\"(max-width: 960px) 100vw, 960px\" \/><figcaption id=\"caption-attachment-1909\" class=\"wp-caption-text\">Inbound Marketing \u2013 Lopes Erwin Maack<\/figcaption><\/figure>","protected":false},"excerpt":{"rendered":"<p>Para el proyecto de inbound marketing de Lopes Erwin Maack, creamos un nuevo sitio web, con integraci\u00f3n en el sistema Lopesnet, donde se almacenan todos los datos sobre las propiedades disponibles de la empresa. Estrategia y Resultados La campa\u00f1a de Google Adwords experiment\u00f3 un crecimiento<\/p>","protected":false},"author":1,"featured_media":0,"parent":1959,"menu_order":0,"comment_status":"closed","ping_status":"closed","template":"","meta":{"_monsterinsights_skip_tracking":false,"_monsterinsights_sitenote_active":false,"_monsterinsights_sitenote_note":"","_monsterinsights_sitenote_category":0,"footnotes":""},"class_list":["post-1908","page","type-page","status-publish","hentry"],"yoast_head":"<!-- This site is optimized with the Yoast SEO Premium plugin v26.9 (Yoast SEO v27.0) - https:\/\/yoast.com\/product\/yoast-seo-premium-wordpress\/ -->\n<title>Inbound Marketing | Lopes Erwin Maack - Vero Contents<\/title>\n<meta name=\"description\" content=\"Clique e confira o projeto de Inbound Marketing, a estrat\u00e9gia que utilizamos e os resultados obtidos para o nosso cliente Lopes Erwin Maack.\" \/>\n<meta name=\"robots\" content=\"index, follow, max-snippet:-1, max-image-preview:large, max-video-preview:-1\" \/>\n<link rel=\"canonical\" href=\"https:\/\/verocontents.com.br\/es\/casos\/inbound-marketing-para-lopes-inmobiliarios-erwin-maack\/\" \/>\n<meta property=\"og:locale\" content=\"es_MX\" \/>\n<meta property=\"og:type\" content=\"article\" \/>\n<meta property=\"og:title\" content=\"Inbound Marketing | Lopes Erwin Maack\" \/>\n<meta property=\"og:description\" content=\"Clique e confira o projeto de Inbound Marketing, a estrat\u00e9gia que utilizamos e os resultados obtidos para o nosso cliente Lopes Erwin Maack.\" \/>\n<meta property=\"og:url\" content=\"https:\/\/verocontents.com.br\/es\/casos\/inbound-marketing-para-lopes-inmobiliarios-erwin-maack\/\" \/>\n<meta property=\"og:site_name\" content=\"Vero Contents\" \/>\n<meta property=\"article:publisher\" content=\"https:\/\/www.facebook.com\/verocontents\/\" \/>\n<meta property=\"article:modified_time\" content=\"2024-02-09T01:58:50+00:00\" \/>\n<meta property=\"og:image\" content=\"http:\/\/verocontents.com.br\/wp-content\/uploads\/2019\/07\/lopes-erwin-maack-vero-contents.jpg\" \/>\n<meta name=\"twitter:card\" content=\"summary_large_image\" \/>\n<meta name=\"twitter:site\" content=\"@marcelcast\" \/>\n<meta name=\"twitter:label1\" content=\"Tiempo de lectura\" \/>\n\t<meta name=\"twitter:data1\" content=\"2 minutos\" \/>\n<script type=\"application\/ld+json\" class=\"yoast-schema-graph\">{\"@context\":\"https:\/\/schema.org\",\"@graph\":[{\"@type\":\"WebPage\",\"@id\":\"https:\/\/verocontents.com.br\/cases\/inbound-marketing-para-imobiliarias-lopes-erwin-maack\/\",\"url\":\"https:\/\/verocontents.com.br\/cases\/inbound-marketing-para-imobiliarias-lopes-erwin-maack\/\",\"name\":\"Inbound Marketing | Lopes Erwin Maack - Vero Contents\",\"isPartOf\":{\"@id\":\"https:\/\/verocontents.com.br\/#website\"},\"primaryImageOfPage\":{\"@id\":\"https:\/\/verocontents.com.br\/cases\/inbound-marketing-para-imobiliarias-lopes-erwin-maack\/#primaryimage\"},\"image\":{\"@id\":\"https:\/\/verocontents.com.br\/cases\/inbound-marketing-para-imobiliarias-lopes-erwin-maack\/#primaryimage\"},\"thumbnailUrl\":\"http:\/\/verocontents.com.br\/wp-content\/uploads\/2019\/07\/lopes-erwin-maack-vero-contents.jpg\",\"datePublished\":\"2019-07-28T18:13:56+00:00\",\"dateModified\":\"2024-02-09T01:58:50+00:00\",\"description\":\"Clique e confira o projeto de Inbound Marketing, a estrat\u00e9gia que utilizamos e os resultados obtidos para o nosso cliente Lopes Erwin Maack.\",\"breadcrumb\":{\"@id\":\"https:\/\/verocontents.com.br\/cases\/inbound-marketing-para-imobiliarias-lopes-erwin-maack\/#breadcrumb\"},\"inLanguage\":\"es\",\"potentialAction\":[{\"@type\":\"ReadAction\",\"target\":[\"https:\/\/verocontents.com.br\/cases\/inbound-marketing-para-imobiliarias-lopes-erwin-maack\/\"]}]},{\"@type\":\"ImageObject\",\"inLanguage\":\"es\",\"@id\":\"https:\/\/verocontents.com.br\/cases\/inbound-marketing-para-imobiliarias-lopes-erwin-maack\/#primaryimage\",\"url\":\"http:\/\/verocontents.com.br\/wp-content\/uploads\/2019\/07\/lopes-erwin-maack-vero-contents.jpg\",\"contentUrl\":\"http:\/\/verocontents.com.br\/wp-content\/uploads\/2019\/07\/lopes-erwin-maack-vero-contents.jpg\"},{\"@type\":\"BreadcrumbList\",\"@id\":\"https:\/\/verocontents.com.br\/cases\/inbound-marketing-para-imobiliarias-lopes-erwin-maack\/#breadcrumb\",\"itemListElement\":[{\"@type\":\"ListItem\",\"position\":1,\"name\":\"Home\",\"item\":\"https:\/\/verocontents.com.br\/\"},{\"@type\":\"ListItem\",\"position\":2,\"name\":\"Cases\",\"item\":\"https:\/\/verocontents.com.br\/cases\/\"},{\"@type\":\"ListItem\",\"position\":3,\"name\":\"Inbound Marketing | Lopes Erwin Maack\"}]},{\"@type\":\"WebSite\",\"@id\":\"https:\/\/verocontents.com.br\/#website\",\"url\":\"https:\/\/verocontents.com.br\/\",\"name\":\"Vero Contents\",\"description\":\"Ag\u00eancia de Marketing Digital e Inbound Marketing\",\"publisher\":{\"@id\":\"https:\/\/verocontents.com.br\/#organization\"},\"potentialAction\":[{\"@type\":\"SearchAction\",\"target\":{\"@type\":\"EntryPoint\",\"urlTemplate\":\"https:\/\/verocontents.com.br\/?s={search_term_string}\"},\"query-input\":{\"@type\":\"PropertyValueSpecification\",\"valueRequired\":true,\"valueName\":\"search_term_string\"}}],\"inLanguage\":\"es\"},{\"@type\":\"Organization\",\"@id\":\"https:\/\/verocontents.com.br\/#organization\",\"name\":\"Vero Contents\",\"url\":\"https:\/\/verocontents.com.br\/\",\"logo\":{\"@type\":\"ImageObject\",\"inLanguage\":\"es\",\"@id\":\"https:\/\/verocontents.com.br\/#\/schema\/logo\/image\/\",\"url\":\"http:\/\/verocontents.com.br\/wp-content\/uploads\/2017\/02\/logo-vero-contents.png\",\"contentUrl\":\"http:\/\/verocontents.com.br\/wp-content\/uploads\/2017\/02\/logo-vero-contents.png\",\"width\":240,\"height\":70,\"caption\":\"Vero Contents\"},\"image\":{\"@id\":\"https:\/\/verocontents.com.br\/#\/schema\/logo\/image\/\"},\"sameAs\":[\"https:\/\/www.facebook.com\/verocontents\/\",\"https:\/\/x.com\/marcelcast\",\"https:\/\/www.instagram.com\/verocommkt\/\",\"https:\/\/www.linkedin.com\/company\/vero-comunica-o-e-marketing\",\"http:\/\/www.pinterest.com\/marcelcsouza\",\"https:\/\/www.youtube.com\/channel\/UC0HHv6AQKtsUWqa21C5gX9Q\"]}]}<\/script>\n<!-- \/ Yoast SEO Premium plugin. -->","yoast_head_json":{"title":"Marketing entrante | Lopes Erwin Maack - Vero Contenidos","description":"Haz clic y conoce el proyecto de Inbound Marketing, la estrategia que utilizamos y los resultados obtenidos para nuestro cliente Lopes Erwin Maack.","robots":{"index":"index","follow":"follow","max-snippet":"max-snippet:-1","max-image-preview":"max-image-preview:large","max-video-preview":"max-video-preview:-1"},"canonical":"https:\/\/verocontents.com.br\/es\/casos\/inbound-marketing-para-lopes-inmobiliarios-erwin-maack\/","og_locale":"es_MX","og_type":"article","og_title":"Inbound Marketing | Lopes Erwin Maack","og_description":"Clique e confira o projeto de Inbound Marketing, a estrat\u00e9gia que utilizamos e os resultados obtidos para o nosso cliente Lopes Erwin Maack.","og_url":"https:\/\/verocontents.com.br\/es\/casos\/inbound-marketing-para-lopes-inmobiliarios-erwin-maack\/","og_site_name":"Vero Contents","article_publisher":"https:\/\/www.facebook.com\/verocontents\/","article_modified_time":"2024-02-09T01:58:50+00:00","og_image":[{"url":"http:\/\/verocontents.com.br\/wp-content\/uploads\/2019\/07\/lopes-erwin-maack-vero-contents.jpg","type":"","width":"","height":""}],"twitter_card":"summary_large_image","twitter_site":"@marcelcast","twitter_misc":{"Tiempo de lectura":"2 minutos"},"schema":{"@context":"https:\/\/schema.org","@graph":[{"@type":"WebPage","@id":"https:\/\/verocontents.com.br\/cases\/inbound-marketing-para-imobiliarias-lopes-erwin-maack\/","url":"https:\/\/verocontents.com.br\/cases\/inbound-marketing-para-imobiliarias-lopes-erwin-maack\/","name":"Marketing entrante | Lopes Erwin Maack - Vero Contenidos","isPartOf":{"@id":"https:\/\/verocontents.com.br\/#website"},"primaryImageOfPage":{"@id":"https:\/\/verocontents.com.br\/cases\/inbound-marketing-para-imobiliarias-lopes-erwin-maack\/#primaryimage"},"image":{"@id":"https:\/\/verocontents.com.br\/cases\/inbound-marketing-para-imobiliarias-lopes-erwin-maack\/#primaryimage"},"thumbnailUrl":"http:\/\/verocontents.com.br\/wp-content\/uploads\/2019\/07\/lopes-erwin-maack-vero-contents.jpg","datePublished":"2019-07-28T18:13:56+00:00","dateModified":"2024-02-09T01:58:50+00:00","description":"Haz clic y conoce el proyecto de Inbound Marketing, la estrategia que utilizamos y los resultados obtenidos para nuestro cliente Lopes Erwin Maack.","breadcrumb":{"@id":"https:\/\/verocontents.com.br\/cases\/inbound-marketing-para-imobiliarias-lopes-erwin-maack\/#breadcrumb"},"inLanguage":"es","potentialAction":[{"@type":"ReadAction","target":["https:\/\/verocontents.com.br\/cases\/inbound-marketing-para-imobiliarias-lopes-erwin-maack\/"]}]},{"@type":"ImageObject","inLanguage":"es","@id":"https:\/\/verocontents.com.br\/cases\/inbound-marketing-para-imobiliarias-lopes-erwin-maack\/#primaryimage","url":"http:\/\/verocontents.com.br\/wp-content\/uploads\/2019\/07\/lopes-erwin-maack-vero-contents.jpg","contentUrl":"http:\/\/verocontents.com.br\/wp-content\/uploads\/2019\/07\/lopes-erwin-maack-vero-contents.jpg"},{"@type":"BreadcrumbList","@id":"https:\/\/verocontents.com.br\/cases\/inbound-marketing-para-imobiliarias-lopes-erwin-maack\/#breadcrumb","itemListElement":[{"@type":"ListItem","position":1,"name":"Home","item":"https:\/\/verocontents.com.br\/"},{"@type":"ListItem","position":2,"name":"Cases","item":"https:\/\/verocontents.com.br\/cases\/"},{"@type":"ListItem","position":3,"name":"Inbound Marketing | Lopes Erwin Maack"}]},{"@type":"WebSite","@id":"https:\/\/verocontents.com.br\/#website","url":"https:\/\/verocontents.com.br\/","name":"Contenidos Vero","description":"Agencia de Marketing Digital y Inbound Marketing","publisher":{"@id":"https:\/\/verocontents.com.br\/#organization"},"potentialAction":[{"@type":"SearchAction","target":{"@type":"EntryPoint","urlTemplate":"https:\/\/verocontents.com.br\/?s={search_term_string}"},"query-input":{"@type":"PropertyValueSpecification","valueRequired":true,"valueName":"search_term_string"}}],"inLanguage":"es"},{"@type":"Organization","@id":"https:\/\/verocontents.com.br\/#organization","name":"Contenidos Vero","url":"https:\/\/verocontents.com.br\/","logo":{"@type":"ImageObject","inLanguage":"es","@id":"https:\/\/verocontents.com.br\/#\/schema\/logo\/image\/","url":"http:\/\/verocontents.com.br\/wp-content\/uploads\/2017\/02\/logo-vero-contents.png","contentUrl":"http:\/\/verocontents.com.br\/wp-content\/uploads\/2017\/02\/logo-vero-contents.png","width":240,"height":70,"caption":"Vero Contents"},"image":{"@id":"https:\/\/verocontents.com.br\/#\/schema\/logo\/image\/"},"sameAs":["https:\/\/www.facebook.com\/verocontents\/","https:\/\/x.com\/marcelcast","https:\/\/www.instagram.com\/verocommkt\/","https:\/\/www.linkedin.com\/company\/vero-comunica-o-e-marketing","http:\/\/www.pinterest.com\/marcelcsouza","https:\/\/www.youtube.com\/channel\/UC0HHv6AQKtsUWqa21C5gX9Q"]}]}},"_links":{"self":[{"href":"https:\/\/verocontents.com.br\/es\/wp-json\/wp\/v2\/pages\/1908","targetHints":{"allow":["GET"]}}],"collection":[{"href":"https:\/\/verocontents.com.br\/es\/wp-json\/wp\/v2\/pages"}],"about":[{"href":"https:\/\/verocontents.com.br\/es\/wp-json\/wp\/v2\/types\/page"}],"author":[{"embeddable":true,"href":"https:\/\/verocontents.com.br\/es\/wp-json\/wp\/v2\/users\/1"}],"replies":[{"embeddable":true,"href":"https:\/\/verocontents.com.br\/es\/wp-json\/wp\/v2\/comments?post=1908"}],"version-history":[{"count":3,"href":"https:\/\/verocontents.com.br\/es\/wp-json\/wp\/v2\/pages\/1908\/revisions"}],"predecessor-version":[{"id":4390,"href":"https:\/\/verocontents.com.br\/es\/wp-json\/wp\/v2\/pages\/1908\/revisions\/4390"}],"up":[{"embeddable":true,"href":"https:\/\/verocontents.com.br\/es\/wp-json\/wp\/v2\/pages\/1959"}],"wp:attachment":[{"href":"https:\/\/verocontents.com.br\/es\/wp-json\/wp\/v2\/media?parent=1908"}],"curies":[{"name":"wp","href":"https:\/\/api.w.org\/{rel}","templated":true}]}}