{"id":1903,"date":"2019-07-28T15:01:18","date_gmt":"2019-07-28T18:01:18","guid":{"rendered":"https:\/\/verocontents.com.br\/?page_id=1903"},"modified":"2024-05-20T23:31:30","modified_gmt":"2024-05-21T02:31:30","slug":"proyecto-de-papaya-brasilena-de-generacion-de-contenidos","status":"publish","type":"page","link":"https:\/\/verocontents.com.br\/es\/casos\/proyecto-de-papaya-brasilena-de-generacion-de-contenidos\/","title":{"rendered":"Generaci\u00f3n de contenidos | Proyecto de papaya brasile\u00f1a"},"content":{"rendered":"<p>Vero Contents fue la encargada de dar a conocer el Proyecto Papaya Brasile\u00f1o a trav\u00e9s de la generaci\u00f3n de contenidos para Brasil y otros mercados internacionales. Elaborado para Brapex, el proyecto se centr\u00f3, adem\u00e1s de Brasil, en pa\u00edses como Estados Unidos, Espa\u00f1a y Rusia.<\/p>\n<h4><span style=\"font-size: large; color: #ff9900;\"><strong>Sitio web responsivo<\/strong><\/span><\/h4>\n<p><span style=\"font-size: medium;\">El objetivo principal del proyecto fue desarrollar un hotsite como forma de promover la papaya brasile\u00f1a. Por lo tanto, el primer paso fue configurar el hotsite responsivo en cuatro idiomas: portugu\u00e9s, espa\u00f1ol, ingl\u00e9s y ruso. Desarrollado con tecnolog\u00eda HTML5\/PHP, el sitio web www.brazilianpapaya.com sirvi\u00f3 como punto de atracci\u00f3n y registro para clientes y potenciales distribuidores de fruta brasile\u00f1a.<\/span><\/p>\n<figure id=\"attachment_1904\" aria-describedby=\"caption-attachment-1904\" style=\"width: 1000px\" class=\"wp-caption alignnone\"><a href=\"http:\/\/verocontents.com.br\/wp-content\/uploads\/2019\/07\/hotsite-e-midias-sociais-brazilian-papaya1.jpg\"><img fetchpriority=\"high\" decoding=\"async\" class=\"zoooom wp-image-1904 size-full\" title=\"Generaci\u00f3n de Contenidos - Papaya Brasile\u00f1a - Vero Contents\" src=\"http:\/\/verocontents.com.br\/wp-content\/uploads\/2019\/07\/hotsite-e-midias-sociais-brazilian-papaya1.jpg\" alt=\"Sitio web de papaya brasile\u00f1a\" width=\"1000\" height=\"527\" srcset=\"https:\/\/verocontents.com.br\/wp-content\/uploads\/2019\/07\/hotsite-e-midias-sociais-brazilian-papaya1.jpg 1000w, https:\/\/verocontents.com.br\/wp-content\/uploads\/2019\/07\/hotsite-e-midias-sociais-brazilian-papaya1-300x158.jpg 300w, https:\/\/verocontents.com.br\/wp-content\/uploads\/2019\/07\/hotsite-e-midias-sociais-brazilian-papaya1-768x405.jpg 768w, https:\/\/verocontents.com.br\/wp-content\/uploads\/2019\/07\/hotsite-e-midias-sociais-brazilian-papaya1-600x316.jpg 600w\" sizes=\"(max-width: 1000px) 100vw, 1000px\" \/><\/a><figcaption id=\"caption-attachment-1904\" class=\"wp-caption-text\">Sitio web de papaya brasile\u00f1a<\/figcaption><\/figure>\n<p>&nbsp;<\/p>\n<figure id=\"attachment_1905\" aria-describedby=\"caption-attachment-1905\" style=\"width: 1000px\" class=\"wp-caption alignnone\"><a href=\"http:\/\/verocontents.com.br\/wp-content\/uploads\/2019\/07\/hotsite-e-midias-sociais-brazilian-papaya2.jpg\"><img decoding=\"async\" class=\"zoooom wp-image-1905 size-full\" title=\"Generaci\u00f3n de Contenidos - Papaya Brasile\u00f1a - Vero Contents\" src=\"http:\/\/verocontents.com.br\/wp-content\/uploads\/2019\/07\/hotsite-e-midias-sociais-brazilian-papaya2.jpg\" alt=\"Generaci\u00f3n de contenidos - Papaya brasile\u00f1a\" width=\"1000\" height=\"527\" srcset=\"https:\/\/verocontents.com.br\/wp-content\/uploads\/2019\/07\/hotsite-e-midias-sociais-brazilian-papaya2.jpg 1000w, https:\/\/verocontents.com.br\/wp-content\/uploads\/2019\/07\/hotsite-e-midias-sociais-brazilian-papaya2-300x158.jpg 300w, https:\/\/verocontents.com.br\/wp-content\/uploads\/2019\/07\/hotsite-e-midias-sociais-brazilian-papaya2-768x405.jpg 768w, https:\/\/verocontents.com.br\/wp-content\/uploads\/2019\/07\/hotsite-e-midias-sociais-brazilian-papaya2-600x316.jpg 600w\" sizes=\"(max-width: 1000px) 100vw, 1000px\" \/><\/a><figcaption id=\"caption-attachment-1905\" class=\"wp-caption-text\">Generaci\u00f3n de contenidos \u2013 Papaya brasile\u00f1a<\/figcaption><\/figure>\n<p><span style=\"font-size: large; color: #ff9900;\"><strong>Generaci\u00f3n de contenido<\/strong><\/span><\/p>\n<p>Vero Contents desarroll\u00f3 el contenido en asociaci\u00f3n con <em>cocinero<\/em> Marcelo Pinheiro. De esta manera, el premiado <em>cocinero<\/em> prepar\u00f3 varias recetas con frutas brasile\u00f1as, mostrando toda su diversidad. El objetivo, por tanto, fue mostrar sus m\u00e9todos de preparaci\u00f3n, para una mejor aceptaci\u00f3n en el mercado internacional.<\/p>\n<p>El proyecto ten\u00eda una estrategia de <em>crossmedia<\/em>, con punto de venta y materiales impresos, desarrollado por Vero Comunica\u00e7\u00e3o e Marketing. Los materiales se distribuyeron en varios mercados, incluida la distribuci\u00f3n de un recetario de <em>cocinero<\/em> en Brasil. Finalmente, el proyecto tambi\u00e9n incluy\u00f3 trabajo de redes sociales en ingl\u00e9s y generaci\u00f3n de tr\u00e1fico v\u00eda Google Ads.<\/p>\n<p>Ver tambi\u00e9n el proyecto de inbound marketing y generaci\u00f3n de contenidos <a href=\"https:\/\/verocontents.com.br\/es\/casos\/inbound-marketing-dan-solucao\/\">desarrollado para la soluci\u00f3n Dan<\/a>.<\/p>","protected":false},"excerpt":{"rendered":"<p>Vero Contents fue la encargada de dar a conocer el Proyecto Papaya Brasile\u00f1o a trav\u00e9s de la generaci\u00f3n de contenidos para Brasil y otros mercados internacionales. Desarrollado para Brapex, el proyecto se centr\u00f3, adem\u00e1s de Brasil, en pa\u00edses como Estados Unidos, Espa\u00f1a<\/p>","protected":false},"author":1,"featured_media":0,"parent":1959,"menu_order":0,"comment_status":"closed","ping_status":"closed","template":"","meta":{"_monsterinsights_skip_tracking":false,"_monsterinsights_sitenote_active":false,"_monsterinsights_sitenote_note":"","_monsterinsights_sitenote_category":0,"footnotes":""},"class_list":["post-1903","page","type-page","status-publish","hentry"],"yoast_head":"<!-- This site is optimized with the Yoast SEO Premium plugin v26.9 (Yoast SEO v27.0) - https:\/\/yoast.com\/product\/yoast-seo-premium-wordpress\/ -->\n<title>Gera\u00e7\u00e3o de Conte\u00fado | Projeto Brazilian Papaya - Vero Contents<\/title>\n<meta name=\"description\" content=\"Veja como a Vero Contents divulgou o Projeto Brazilian Papaya atrav\u00e9s de Gera\u00e7\u00e3o de Conte\u00fado para todo o Brasil e outros mercados internacionais.\" \/>\n<meta name=\"robots\" content=\"index, follow, max-snippet:-1, max-image-preview:large, max-video-preview:-1\" \/>\n<link rel=\"canonical\" href=\"https:\/\/verocontents.com.br\/es\/casos\/proyecto-de-papaya-brasilena-de-generacion-de-contenidos\/\" \/>\n<meta property=\"og:locale\" content=\"es_MX\" \/>\n<meta property=\"og:type\" content=\"article\" \/>\n<meta property=\"og:title\" content=\"Gera\u00e7\u00e3o de Conte\u00fado | Projeto Brazilian Papaya\" \/>\n<meta property=\"og:description\" content=\"Veja como a Vero Contents divulgou o Projeto Brazilian Papaya atrav\u00e9s de Gera\u00e7\u00e3o de Conte\u00fado para todo o Brasil e outros mercados internacionais.\" \/>\n<meta property=\"og:url\" content=\"https:\/\/verocontents.com.br\/es\/casos\/proyecto-de-papaya-brasilena-de-generacion-de-contenidos\/\" \/>\n<meta property=\"og:site_name\" content=\"Vero Contents\" \/>\n<meta property=\"article:publisher\" content=\"https:\/\/www.facebook.com\/verocontents\/\" \/>\n<meta property=\"article:modified_time\" content=\"2024-05-21T02:31:30+00:00\" \/>\n<meta property=\"og:image\" content=\"http:\/\/verocontents.com.br\/wp-content\/uploads\/2019\/07\/hotsite-e-midias-sociais-brazilian-papaya1.jpg\" \/>\n<meta name=\"twitter:card\" content=\"summary_large_image\" \/>\n<meta name=\"twitter:site\" content=\"@marcelcast\" \/>\n<meta name=\"twitter:label1\" content=\"Tiempo de lectura\" \/>\n\t<meta name=\"twitter:data1\" content=\"2 minutos\" \/>\n<script type=\"application\/ld+json\" class=\"yoast-schema-graph\">{\"@context\":\"https:\/\/schema.org\",\"@graph\":[{\"@type\":\"WebPage\",\"@id\":\"https:\/\/verocontents.com.br\/cases\/geracao-de-conteudo-projeto-brazilian-papaya\/\",\"url\":\"https:\/\/verocontents.com.br\/cases\/geracao-de-conteudo-projeto-brazilian-papaya\/\",\"name\":\"Gera\u00e7\u00e3o de Conte\u00fado | Projeto Brazilian Papaya - Vero Contents\",\"isPartOf\":{\"@id\":\"https:\/\/verocontents.com.br\/#website\"},\"primaryImageOfPage\":{\"@id\":\"https:\/\/verocontents.com.br\/cases\/geracao-de-conteudo-projeto-brazilian-papaya\/#primaryimage\"},\"image\":{\"@id\":\"https:\/\/verocontents.com.br\/cases\/geracao-de-conteudo-projeto-brazilian-papaya\/#primaryimage\"},\"thumbnailUrl\":\"http:\/\/verocontents.com.br\/wp-content\/uploads\/2019\/07\/hotsite-e-midias-sociais-brazilian-papaya1.jpg\",\"datePublished\":\"2019-07-28T18:01:18+00:00\",\"dateModified\":\"2024-05-21T02:31:30+00:00\",\"description\":\"Veja como a Vero Contents divulgou o Projeto Brazilian Papaya atrav\u00e9s de Gera\u00e7\u00e3o de Conte\u00fado para todo o Brasil e outros mercados internacionais.\",\"breadcrumb\":{\"@id\":\"https:\/\/verocontents.com.br\/cases\/geracao-de-conteudo-projeto-brazilian-papaya\/#breadcrumb\"},\"inLanguage\":\"es\",\"potentialAction\":[{\"@type\":\"ReadAction\",\"target\":[\"https:\/\/verocontents.com.br\/cases\/geracao-de-conteudo-projeto-brazilian-papaya\/\"]}]},{\"@type\":\"ImageObject\",\"inLanguage\":\"es\",\"@id\":\"https:\/\/verocontents.com.br\/cases\/geracao-de-conteudo-projeto-brazilian-papaya\/#primaryimage\",\"url\":\"http:\/\/verocontents.com.br\/wp-content\/uploads\/2019\/07\/hotsite-e-midias-sociais-brazilian-papaya1.jpg\",\"contentUrl\":\"http:\/\/verocontents.com.br\/wp-content\/uploads\/2019\/07\/hotsite-e-midias-sociais-brazilian-papaya1.jpg\"},{\"@type\":\"BreadcrumbList\",\"@id\":\"https:\/\/verocontents.com.br\/cases\/geracao-de-conteudo-projeto-brazilian-papaya\/#breadcrumb\",\"itemListElement\":[{\"@type\":\"ListItem\",\"position\":1,\"name\":\"Home\",\"item\":\"https:\/\/verocontents.com.br\/\"},{\"@type\":\"ListItem\",\"position\":2,\"name\":\"Cases\",\"item\":\"https:\/\/verocontents.com.br\/cases\/\"},{\"@type\":\"ListItem\",\"position\":3,\"name\":\"Gera\u00e7\u00e3o de Conte\u00fado | Projeto Brazilian Papaya\"}]},{\"@type\":\"WebSite\",\"@id\":\"https:\/\/verocontents.com.br\/#website\",\"url\":\"https:\/\/verocontents.com.br\/\",\"name\":\"Vero Contents\",\"description\":\"Ag\u00eancia de Marketing Digital e Inbound Marketing\",\"publisher\":{\"@id\":\"https:\/\/verocontents.com.br\/#organization\"},\"potentialAction\":[{\"@type\":\"SearchAction\",\"target\":{\"@type\":\"EntryPoint\",\"urlTemplate\":\"https:\/\/verocontents.com.br\/?s={search_term_string}\"},\"query-input\":{\"@type\":\"PropertyValueSpecification\",\"valueRequired\":true,\"valueName\":\"search_term_string\"}}],\"inLanguage\":\"es\"},{\"@type\":\"Organization\",\"@id\":\"https:\/\/verocontents.com.br\/#organization\",\"name\":\"Vero Contents\",\"url\":\"https:\/\/verocontents.com.br\/\",\"logo\":{\"@type\":\"ImageObject\",\"inLanguage\":\"es\",\"@id\":\"https:\/\/verocontents.com.br\/#\/schema\/logo\/image\/\",\"url\":\"http:\/\/verocontents.com.br\/wp-content\/uploads\/2017\/02\/logo-vero-contents.png\",\"contentUrl\":\"http:\/\/verocontents.com.br\/wp-content\/uploads\/2017\/02\/logo-vero-contents.png\",\"width\":240,\"height\":70,\"caption\":\"Vero Contents\"},\"image\":{\"@id\":\"https:\/\/verocontents.com.br\/#\/schema\/logo\/image\/\"},\"sameAs\":[\"https:\/\/www.facebook.com\/verocontents\/\",\"https:\/\/x.com\/marcelcast\",\"https:\/\/www.instagram.com\/verocommkt\/\",\"https:\/\/www.linkedin.com\/company\/vero-comunica-o-e-marketing\",\"http:\/\/www.pinterest.com\/marcelcsouza\",\"https:\/\/www.youtube.com\/channel\/UC0HHv6AQKtsUWqa21C5gX9Q\"]}]}<\/script>\n<!-- \/ Yoast SEO Premium plugin. -->","yoast_head_json":{"title":"Generaci\u00f3n de contenidos | Proyecto Papaya Brasile\u00f1a - Vero Contenidos","description":"Vea c\u00f3mo Vero Contents impuls\u00f3 el Proyecto Papaya Brasile\u00f1a a trav\u00e9s de la Generaci\u00f3n de Contenidos en todo Brasil y otros mercados internacionales.","robots":{"index":"index","follow":"follow","max-snippet":"max-snippet:-1","max-image-preview":"max-image-preview:large","max-video-preview":"max-video-preview:-1"},"canonical":"https:\/\/verocontents.com.br\/es\/casos\/proyecto-de-papaya-brasilena-de-generacion-de-contenidos\/","og_locale":"es_MX","og_type":"article","og_title":"Gera\u00e7\u00e3o de Conte\u00fado | Projeto Brazilian Papaya","og_description":"Veja como a Vero Contents divulgou o Projeto Brazilian Papaya atrav\u00e9s de Gera\u00e7\u00e3o de Conte\u00fado para todo o Brasil e outros mercados internacionais.","og_url":"https:\/\/verocontents.com.br\/es\/casos\/proyecto-de-papaya-brasilena-de-generacion-de-contenidos\/","og_site_name":"Vero Contents","article_publisher":"https:\/\/www.facebook.com\/verocontents\/","article_modified_time":"2024-05-21T02:31:30+00:00","og_image":[{"url":"http:\/\/verocontents.com.br\/wp-content\/uploads\/2019\/07\/hotsite-e-midias-sociais-brazilian-papaya1.jpg","type":"","width":"","height":""}],"twitter_card":"summary_large_image","twitter_site":"@marcelcast","twitter_misc":{"Tiempo de lectura":"2 minutos"},"schema":{"@context":"https:\/\/schema.org","@graph":[{"@type":"WebPage","@id":"https:\/\/verocontents.com.br\/cases\/geracao-de-conteudo-projeto-brazilian-papaya\/","url":"https:\/\/verocontents.com.br\/cases\/geracao-de-conteudo-projeto-brazilian-papaya\/","name":"Generaci\u00f3n de contenidos | Proyecto Papaya Brasile\u00f1a - Vero Contenidos","isPartOf":{"@id":"https:\/\/verocontents.com.br\/#website"},"primaryImageOfPage":{"@id":"https:\/\/verocontents.com.br\/cases\/geracao-de-conteudo-projeto-brazilian-papaya\/#primaryimage"},"image":{"@id":"https:\/\/verocontents.com.br\/cases\/geracao-de-conteudo-projeto-brazilian-papaya\/#primaryimage"},"thumbnailUrl":"http:\/\/verocontents.com.br\/wp-content\/uploads\/2019\/07\/hotsite-e-midias-sociais-brazilian-papaya1.jpg","datePublished":"2019-07-28T18:01:18+00:00","dateModified":"2024-05-21T02:31:30+00:00","description":"Vea c\u00f3mo Vero Contents impuls\u00f3 el Proyecto Papaya Brasile\u00f1a a trav\u00e9s de la Generaci\u00f3n de Contenidos en todo Brasil y otros mercados internacionales.","breadcrumb":{"@id":"https:\/\/verocontents.com.br\/cases\/geracao-de-conteudo-projeto-brazilian-papaya\/#breadcrumb"},"inLanguage":"es","potentialAction":[{"@type":"ReadAction","target":["https:\/\/verocontents.com.br\/cases\/geracao-de-conteudo-projeto-brazilian-papaya\/"]}]},{"@type":"ImageObject","inLanguage":"es","@id":"https:\/\/verocontents.com.br\/cases\/geracao-de-conteudo-projeto-brazilian-papaya\/#primaryimage","url":"http:\/\/verocontents.com.br\/wp-content\/uploads\/2019\/07\/hotsite-e-midias-sociais-brazilian-papaya1.jpg","contentUrl":"http:\/\/verocontents.com.br\/wp-content\/uploads\/2019\/07\/hotsite-e-midias-sociais-brazilian-papaya1.jpg"},{"@type":"BreadcrumbList","@id":"https:\/\/verocontents.com.br\/cases\/geracao-de-conteudo-projeto-brazilian-papaya\/#breadcrumb","itemListElement":[{"@type":"ListItem","position":1,"name":"Home","item":"https:\/\/verocontents.com.br\/"},{"@type":"ListItem","position":2,"name":"Cases","item":"https:\/\/verocontents.com.br\/cases\/"},{"@type":"ListItem","position":3,"name":"Gera\u00e7\u00e3o de Conte\u00fado | Projeto Brazilian Papaya"}]},{"@type":"WebSite","@id":"https:\/\/verocontents.com.br\/#website","url":"https:\/\/verocontents.com.br\/","name":"Contenidos Vero","description":"Agencia de Marketing Digital y Inbound Marketing","publisher":{"@id":"https:\/\/verocontents.com.br\/#organization"},"potentialAction":[{"@type":"SearchAction","target":{"@type":"EntryPoint","urlTemplate":"https:\/\/verocontents.com.br\/?s={search_term_string}"},"query-input":{"@type":"PropertyValueSpecification","valueRequired":true,"valueName":"search_term_string"}}],"inLanguage":"es"},{"@type":"Organization","@id":"https:\/\/verocontents.com.br\/#organization","name":"Contenidos Vero","url":"https:\/\/verocontents.com.br\/","logo":{"@type":"ImageObject","inLanguage":"es","@id":"https:\/\/verocontents.com.br\/#\/schema\/logo\/image\/","url":"http:\/\/verocontents.com.br\/wp-content\/uploads\/2017\/02\/logo-vero-contents.png","contentUrl":"http:\/\/verocontents.com.br\/wp-content\/uploads\/2017\/02\/logo-vero-contents.png","width":240,"height":70,"caption":"Vero Contents"},"image":{"@id":"https:\/\/verocontents.com.br\/#\/schema\/logo\/image\/"},"sameAs":["https:\/\/www.facebook.com\/verocontents\/","https:\/\/x.com\/marcelcast","https:\/\/www.instagram.com\/verocommkt\/","https:\/\/www.linkedin.com\/company\/vero-comunica-o-e-marketing","http:\/\/www.pinterest.com\/marcelcsouza","https:\/\/www.youtube.com\/channel\/UC0HHv6AQKtsUWqa21C5gX9Q"]}]}},"_links":{"self":[{"href":"https:\/\/verocontents.com.br\/es\/wp-json\/wp\/v2\/pages\/1903","targetHints":{"allow":["GET"]}}],"collection":[{"href":"https:\/\/verocontents.com.br\/es\/wp-json\/wp\/v2\/pages"}],"about":[{"href":"https:\/\/verocontents.com.br\/es\/wp-json\/wp\/v2\/types\/page"}],"author":[{"embeddable":true,"href":"https:\/\/verocontents.com.br\/es\/wp-json\/wp\/v2\/users\/1"}],"replies":[{"embeddable":true,"href":"https:\/\/verocontents.com.br\/es\/wp-json\/wp\/v2\/comments?post=1903"}],"version-history":[{"count":4,"href":"https:\/\/verocontents.com.br\/es\/wp-json\/wp\/v2\/pages\/1903\/revisions"}],"predecessor-version":[{"id":4813,"href":"https:\/\/verocontents.com.br\/es\/wp-json\/wp\/v2\/pages\/1903\/revisions\/4813"}],"up":[{"embeddable":true,"href":"https:\/\/verocontents.com.br\/es\/wp-json\/wp\/v2\/pages\/1959"}],"wp:attachment":[{"href":"https:\/\/verocontents.com.br\/es\/wp-json\/wp\/v2\/media?parent=1903"}],"curies":[{"name":"wp","href":"https:\/\/api.w.org\/{rel}","templated":true}]}}