{"id":1891,"date":"2019-07-28T14:42:48","date_gmt":"2019-07-28T17:42:48","guid":{"rendered":"https:\/\/verocontents.com.br\/?page_id=1891"},"modified":"2025-04-11T16:55:15","modified_gmt":"2025-04-11T19:55:15","slug":"el-inbound-marketing-para-el-mantenimiento-de-edificios-proporciona-una-solucion","status":"publish","type":"page","link":"https:\/\/verocontents.com.br\/es\/casos\/el-inbound-marketing-para-el-mantenimiento-de-edificios-proporciona-una-solucion\/","title":{"rendered":"Marketing entrante | Soluci\u00f3n Dan"},"content":{"rendered":"<h3><span style=\"font-size: large; color: #000000;\">Marketing entrante | Marketing de contenidos<\/span><\/h3>\n<p><span style=\"font-size: medium;\">La estrategia de inbound marketing de Dan Solu\u00e7\u00e3o comenz\u00f3 en 2016. La empresa, especializada en soluciones de infiltraci\u00f3n en edificios de condominios, invirti\u00f3 en lo digital para adquirir clientes. En primer lugar, se implement\u00f3 un nuevo sitio web responsive, con un blog corporativo. Las fuentes de tr\u00e1fico se han dividido en tres puntos principales: medios pagados, medios org\u00e1nicos y redes sociales. El blog se centr\u00f3 en personajes relacionados con los condominios, como administradores de edificios, conserjes, miembros de la junta y residentes.<\/span><\/p>\n<figure id=\"attachment_1892\" aria-describedby=\"caption-attachment-1892\" style=\"width: 1000px\" class=\"wp-caption alignnone\"><a href=\"http:\/\/verocontents.com.br\/wp-content\/uploads\/2019\/07\/marketing-de-conteudo-dan-solucao1-blog.jpg\"><img fetchpriority=\"high\" decoding=\"async\" class=\"zoooom wp-image-1892 size-full\" title=\"Marketing de contenidos - blog - Dan Solution\" src=\"http:\/\/verocontents.com.br\/wp-content\/uploads\/2019\/07\/marketing-de-conteudo-dan-solucao1-blog.jpg\" alt=\"Marketing entrante | Blog Dan Soluci\u00f3n\" width=\"1000\" height=\"527\" srcset=\"https:\/\/verocontents.com.br\/wp-content\/uploads\/2019\/07\/marketing-de-conteudo-dan-solucao1-blog.jpg 1000w, https:\/\/verocontents.com.br\/wp-content\/uploads\/2019\/07\/marketing-de-conteudo-dan-solucao1-blog-300x158.jpg 300w, https:\/\/verocontents.com.br\/wp-content\/uploads\/2019\/07\/marketing-de-conteudo-dan-solucao1-blog-768x405.jpg 768w, https:\/\/verocontents.com.br\/wp-content\/uploads\/2019\/07\/marketing-de-conteudo-dan-solucao1-blog-600x316.jpg 600w\" sizes=\"(max-width: 1000px) 100vw, 1000px\" \/><\/a><figcaption id=\"caption-attachment-1892\" class=\"wp-caption-text\">Marketing entrante | Blog Dan Soluci\u00f3n<\/figcaption><\/figure>\n<p>&nbsp;<\/p>\n<figure id=\"attachment_1893\" aria-describedby=\"caption-attachment-1893\" style=\"width: 1000px\" class=\"wp-caption alignnone\"><a href=\"http:\/\/verocontents.com.br\/wp-content\/uploads\/2019\/07\/marketing-de-conteudo-dan-solucao2.jpg\"><img decoding=\"async\" class=\"zoooom wp-image-1893 size-full\" title=\"Marketing de contenidos - LP y correo electr\u00f3nico - Dan Solution\" src=\"http:\/\/verocontents.com.br\/wp-content\/uploads\/2019\/07\/marketing-de-conteudo-dan-solucao2.jpg\" alt=\"Marketing entrante | Blog Dan Soluci\u00f3n\" width=\"1000\" height=\"527\" srcset=\"https:\/\/verocontents.com.br\/wp-content\/uploads\/2019\/07\/marketing-de-conteudo-dan-solucao2.jpg 1000w, https:\/\/verocontents.com.br\/wp-content\/uploads\/2019\/07\/marketing-de-conteudo-dan-solucao2-300x158.jpg 300w, https:\/\/verocontents.com.br\/wp-content\/uploads\/2019\/07\/marketing-de-conteudo-dan-solucao2-768x405.jpg 768w, https:\/\/verocontents.com.br\/wp-content\/uploads\/2019\/07\/marketing-de-conteudo-dan-solucao2-600x316.jpg 600w\" sizes=\"(max-width: 1000px) 100vw, 1000px\" \/><\/a><figcaption id=\"caption-attachment-1893\" class=\"wp-caption-text\">Marketing entrante | Landing Page y automatizaci\u00f3n de marketing | Soluci\u00f3n de Dan<\/figcaption><\/figure>\n<p><strong style=\"color: #ff9900; font-size: large;\">Adquisici\u00f3n de tr\u00e1fico<\/strong><\/p>\n<p>La adquisici\u00f3n de tr\u00e1fico se configur\u00f3 utilizando Google Adwords, t\u00e9cnicas de SEO y trabajo en redes sociales (Facebook e Instagram). Se cre\u00f3 una lista de correo de clientes a trav\u00e9s de la generaci\u00f3n de clientes potenciales, que comenz\u00f3 desde cero, para establecer un flujo de nutrici\u00f3n de clientes potenciales, a trav\u00e9s de <a href=\"https:\/\/verocontents.com.br\/es\/servicios\/mercadotecnia-interna\/gestion-de-marketing-de-la-tercera-estacion\/\">RD Station<\/a>.<\/p>\n<h3><span style=\"font-size: large; color: #ff9900;\"><strong>Generaci\u00f3n l\u00edder<\/strong><\/span><\/h3>\n<p>Vero Contents tambi\u00e9n cre\u00f3 varias ofertas digitales para Dan Solu\u00e7\u00e3o, con materiales dirigidos a las personas. Se cre\u00f3 el embudo de marketing y, con flujos constantes de generaci\u00f3n y nutrici\u00f3n de leads establecidos, se realizaron las primeras ventas a trav\u00e9s del marketing digital en el proyecto de inbound marketing.<\/p>","protected":false},"excerpt":{"rendered":"<p>Marketing de Entrada | Marketing de Contenidos. La estrategia de marketing de entrada de Dan Solu\u00e7\u00e3o comenz\u00f3 en 2016. La empresa, especializada en soluciones de infiltraci\u00f3n en edificios de condominios, invirti\u00f3 en tecnolog\u00eda digital para la adquisici\u00f3n de clientes. Primero, implement\u00f3...<\/p>","protected":false},"author":1,"featured_media":0,"parent":1959,"menu_order":0,"comment_status":"closed","ping_status":"closed","template":"","meta":{"_monsterinsights_skip_tracking":false,"_monsterinsights_sitenote_active":false,"_monsterinsights_sitenote_note":"","_monsterinsights_sitenote_category":0,"footnotes":""},"class_list":["post-1891","page","type-page","status-publish","hentry"],"yoast_head":"<!-- This site is optimized with the Yoast SEO Premium plugin v26.9 (Yoast SEO v27.0) - https:\/\/yoast.com\/product\/yoast-seo-premium-wordpress\/ -->\n<title>Inbound Marketing | Dan Solu\u00e7\u00e3o - Vero Contents<\/title>\n<meta name=\"description\" content=\"Case de Inbound Marketing da Dan Solu\u00e7\u00e3o. O trabalho foi focado em Marketing de Conte\u00fado, Aquisi\u00e7\u00e3o de Tr\u00e1fego e Gera\u00e7\u00e3o de Leads.\" \/>\n<meta name=\"robots\" content=\"index, follow, max-snippet:-1, max-image-preview:large, max-video-preview:-1\" \/>\n<link rel=\"canonical\" href=\"https:\/\/verocontents.com.br\/es\/casos\/el-inbound-marketing-para-el-mantenimiento-de-edificios-proporciona-una-solucion\/\" \/>\n<meta property=\"og:locale\" content=\"es_MX\" \/>\n<meta property=\"og:type\" content=\"article\" \/>\n<meta property=\"og:title\" content=\"Inbound Marketing | Dan Solu\u00e7\u00e3o\" \/>\n<meta property=\"og:description\" content=\"Case de Inbound Marketing da Dan Solu\u00e7\u00e3o. O trabalho foi focado em Marketing de Conte\u00fado, Aquisi\u00e7\u00e3o de Tr\u00e1fego e Gera\u00e7\u00e3o de Leads.\" \/>\n<meta property=\"og:url\" content=\"https:\/\/verocontents.com.br\/es\/casos\/el-inbound-marketing-para-el-mantenimiento-de-edificios-proporciona-una-solucion\/\" \/>\n<meta property=\"og:site_name\" content=\"Vero Contents\" \/>\n<meta property=\"article:publisher\" content=\"https:\/\/www.facebook.com\/verocontents\/\" \/>\n<meta property=\"article:modified_time\" content=\"2025-04-11T19:55:15+00:00\" \/>\n<meta property=\"og:image\" content=\"https:\/\/verocontents.com.br\/wp-content\/uploads\/2019\/07\/marketing-de-conteudo-dan-solucao1-blog.jpg\" \/>\n\t<meta property=\"og:image:width\" content=\"1000\" \/>\n\t<meta property=\"og:image:height\" content=\"527\" \/>\n\t<meta property=\"og:image:type\" content=\"image\/jpeg\" \/>\n<meta name=\"twitter:card\" content=\"summary_large_image\" \/>\n<meta name=\"twitter:site\" content=\"@marcelcast\" \/>\n<meta name=\"twitter:label1\" content=\"Tiempo de lectura\" \/>\n\t<meta name=\"twitter:data1\" content=\"2 minutos\" \/>\n<script type=\"application\/ld+json\" class=\"yoast-schema-graph\">{\"@context\":\"https:\/\/schema.org\",\"@graph\":[{\"@type\":\"WebPage\",\"@id\":\"https:\/\/verocontents.com.br\/cases\/inbound-marketing-para-manutencao-predial-dan-solucao\/\",\"url\":\"https:\/\/verocontents.com.br\/cases\/inbound-marketing-para-manutencao-predial-dan-solucao\/\",\"name\":\"Inbound Marketing | Dan Solu\u00e7\u00e3o - Vero Contents\",\"isPartOf\":{\"@id\":\"https:\/\/verocontents.com.br\/#website\"},\"primaryImageOfPage\":{\"@id\":\"https:\/\/verocontents.com.br\/cases\/inbound-marketing-para-manutencao-predial-dan-solucao\/#primaryimage\"},\"image\":{\"@id\":\"https:\/\/verocontents.com.br\/cases\/inbound-marketing-para-manutencao-predial-dan-solucao\/#primaryimage\"},\"thumbnailUrl\":\"http:\/\/verocontents.com.br\/wp-content\/uploads\/2019\/07\/marketing-de-conteudo-dan-solucao1-blog.jpg\",\"datePublished\":\"2019-07-28T17:42:48+00:00\",\"dateModified\":\"2025-04-11T19:55:15+00:00\",\"description\":\"Case de Inbound Marketing da Dan Solu\u00e7\u00e3o. O trabalho foi focado em Marketing de Conte\u00fado, Aquisi\u00e7\u00e3o de Tr\u00e1fego e Gera\u00e7\u00e3o de Leads.\",\"breadcrumb\":{\"@id\":\"https:\/\/verocontents.com.br\/cases\/inbound-marketing-para-manutencao-predial-dan-solucao\/#breadcrumb\"},\"inLanguage\":\"es\",\"potentialAction\":[{\"@type\":\"ReadAction\",\"target\":[\"https:\/\/verocontents.com.br\/cases\/inbound-marketing-para-manutencao-predial-dan-solucao\/\"]}]},{\"@type\":\"ImageObject\",\"inLanguage\":\"es\",\"@id\":\"https:\/\/verocontents.com.br\/cases\/inbound-marketing-para-manutencao-predial-dan-solucao\/#primaryimage\",\"url\":\"http:\/\/verocontents.com.br\/wp-content\/uploads\/2019\/07\/marketing-de-conteudo-dan-solucao1-blog.jpg\",\"contentUrl\":\"http:\/\/verocontents.com.br\/wp-content\/uploads\/2019\/07\/marketing-de-conteudo-dan-solucao1-blog.jpg\"},{\"@type\":\"BreadcrumbList\",\"@id\":\"https:\/\/verocontents.com.br\/cases\/inbound-marketing-para-manutencao-predial-dan-solucao\/#breadcrumb\",\"itemListElement\":[{\"@type\":\"ListItem\",\"position\":1,\"name\":\"Home\",\"item\":\"https:\/\/verocontents.com.br\/\"},{\"@type\":\"ListItem\",\"position\":2,\"name\":\"Cases\",\"item\":\"https:\/\/verocontents.com.br\/cases\/\"},{\"@type\":\"ListItem\",\"position\":3,\"name\":\"Inbound Marketing | Dan Solu\u00e7\u00e3o\"}]},{\"@type\":\"WebSite\",\"@id\":\"https:\/\/verocontents.com.br\/#website\",\"url\":\"https:\/\/verocontents.com.br\/\",\"name\":\"Vero Contents\",\"description\":\"Ag\u00eancia de Marketing Digital e Inbound Marketing\",\"publisher\":{\"@id\":\"https:\/\/verocontents.com.br\/#organization\"},\"potentialAction\":[{\"@type\":\"SearchAction\",\"target\":{\"@type\":\"EntryPoint\",\"urlTemplate\":\"https:\/\/verocontents.com.br\/?s={search_term_string}\"},\"query-input\":{\"@type\":\"PropertyValueSpecification\",\"valueRequired\":true,\"valueName\":\"search_term_string\"}}],\"inLanguage\":\"es\"},{\"@type\":\"Organization\",\"@id\":\"https:\/\/verocontents.com.br\/#organization\",\"name\":\"Vero Contents\",\"url\":\"https:\/\/verocontents.com.br\/\",\"logo\":{\"@type\":\"ImageObject\",\"inLanguage\":\"es\",\"@id\":\"https:\/\/verocontents.com.br\/#\/schema\/logo\/image\/\",\"url\":\"http:\/\/verocontents.com.br\/wp-content\/uploads\/2017\/02\/logo-vero-contents.png\",\"contentUrl\":\"http:\/\/verocontents.com.br\/wp-content\/uploads\/2017\/02\/logo-vero-contents.png\",\"width\":240,\"height\":70,\"caption\":\"Vero Contents\"},\"image\":{\"@id\":\"https:\/\/verocontents.com.br\/#\/schema\/logo\/image\/\"},\"sameAs\":[\"https:\/\/www.facebook.com\/verocontents\/\",\"https:\/\/x.com\/marcelcast\",\"https:\/\/www.instagram.com\/verocommkt\/\",\"https:\/\/www.linkedin.com\/company\/vero-comunica-o-e-marketing\",\"http:\/\/www.pinterest.com\/marcelcsouza\",\"https:\/\/www.youtube.com\/channel\/UC0HHv6AQKtsUWqa21C5gX9Q\"]}]}<\/script>\n<!-- \/ Yoast SEO Premium plugin. -->","yoast_head_json":{"title":"Marketing entrante | Soluci\u00f3n Dan - Contenido Vero","description":"El caso del Inbound Marketing de Dan Solu\u00e7\u00e3o. El trabajo se centr\u00f3 en marketing de contenidos, adquisici\u00f3n de tr\u00e1fico y generaci\u00f3n de leads.","robots":{"index":"index","follow":"follow","max-snippet":"max-snippet:-1","max-image-preview":"max-image-preview:large","max-video-preview":"max-video-preview:-1"},"canonical":"https:\/\/verocontents.com.br\/es\/casos\/el-inbound-marketing-para-el-mantenimiento-de-edificios-proporciona-una-solucion\/","og_locale":"es_MX","og_type":"article","og_title":"Inbound Marketing | Dan Solu\u00e7\u00e3o","og_description":"Case de Inbound Marketing da Dan Solu\u00e7\u00e3o. O trabalho foi focado em Marketing de Conte\u00fado, Aquisi\u00e7\u00e3o de Tr\u00e1fego e Gera\u00e7\u00e3o de Leads.","og_url":"https:\/\/verocontents.com.br\/es\/casos\/el-inbound-marketing-para-el-mantenimiento-de-edificios-proporciona-una-solucion\/","og_site_name":"Vero Contents","article_publisher":"https:\/\/www.facebook.com\/verocontents\/","article_modified_time":"2025-04-11T19:55:15+00:00","og_image":[{"width":1000,"height":527,"url":"https:\/\/verocontents.com.br\/wp-content\/uploads\/2019\/07\/marketing-de-conteudo-dan-solucao1-blog.jpg","type":"image\/jpeg"}],"twitter_card":"summary_large_image","twitter_site":"@marcelcast","twitter_misc":{"Tiempo de lectura":"2 minutos"},"schema":{"@context":"https:\/\/schema.org","@graph":[{"@type":"WebPage","@id":"https:\/\/verocontents.com.br\/cases\/inbound-marketing-para-manutencao-predial-dan-solucao\/","url":"https:\/\/verocontents.com.br\/cases\/inbound-marketing-para-manutencao-predial-dan-solucao\/","name":"Marketing entrante | Soluci\u00f3n Dan - Contenido Vero","isPartOf":{"@id":"https:\/\/verocontents.com.br\/#website"},"primaryImageOfPage":{"@id":"https:\/\/verocontents.com.br\/cases\/inbound-marketing-para-manutencao-predial-dan-solucao\/#primaryimage"},"image":{"@id":"https:\/\/verocontents.com.br\/cases\/inbound-marketing-para-manutencao-predial-dan-solucao\/#primaryimage"},"thumbnailUrl":"http:\/\/verocontents.com.br\/wp-content\/uploads\/2019\/07\/marketing-de-conteudo-dan-solucao1-blog.jpg","datePublished":"2019-07-28T17:42:48+00:00","dateModified":"2025-04-11T19:55:15+00:00","description":"El caso del Inbound Marketing de Dan Solu\u00e7\u00e3o. El trabajo se centr\u00f3 en marketing de contenidos, adquisici\u00f3n de tr\u00e1fico y generaci\u00f3n de leads.","breadcrumb":{"@id":"https:\/\/verocontents.com.br\/cases\/inbound-marketing-para-manutencao-predial-dan-solucao\/#breadcrumb"},"inLanguage":"es","potentialAction":[{"@type":"ReadAction","target":["https:\/\/verocontents.com.br\/cases\/inbound-marketing-para-manutencao-predial-dan-solucao\/"]}]},{"@type":"ImageObject","inLanguage":"es","@id":"https:\/\/verocontents.com.br\/cases\/inbound-marketing-para-manutencao-predial-dan-solucao\/#primaryimage","url":"http:\/\/verocontents.com.br\/wp-content\/uploads\/2019\/07\/marketing-de-conteudo-dan-solucao1-blog.jpg","contentUrl":"http:\/\/verocontents.com.br\/wp-content\/uploads\/2019\/07\/marketing-de-conteudo-dan-solucao1-blog.jpg"},{"@type":"BreadcrumbList","@id":"https:\/\/verocontents.com.br\/cases\/inbound-marketing-para-manutencao-predial-dan-solucao\/#breadcrumb","itemListElement":[{"@type":"ListItem","position":1,"name":"Home","item":"https:\/\/verocontents.com.br\/"},{"@type":"ListItem","position":2,"name":"Cases","item":"https:\/\/verocontents.com.br\/cases\/"},{"@type":"ListItem","position":3,"name":"Inbound Marketing | Dan Solu\u00e7\u00e3o"}]},{"@type":"WebSite","@id":"https:\/\/verocontents.com.br\/#website","url":"https:\/\/verocontents.com.br\/","name":"Contenidos Vero","description":"Agencia de Marketing Digital y Inbound Marketing","publisher":{"@id":"https:\/\/verocontents.com.br\/#organization"},"potentialAction":[{"@type":"SearchAction","target":{"@type":"EntryPoint","urlTemplate":"https:\/\/verocontents.com.br\/?s={search_term_string}"},"query-input":{"@type":"PropertyValueSpecification","valueRequired":true,"valueName":"search_term_string"}}],"inLanguage":"es"},{"@type":"Organization","@id":"https:\/\/verocontents.com.br\/#organization","name":"Contenidos Vero","url":"https:\/\/verocontents.com.br\/","logo":{"@type":"ImageObject","inLanguage":"es","@id":"https:\/\/verocontents.com.br\/#\/schema\/logo\/image\/","url":"http:\/\/verocontents.com.br\/wp-content\/uploads\/2017\/02\/logo-vero-contents.png","contentUrl":"http:\/\/verocontents.com.br\/wp-content\/uploads\/2017\/02\/logo-vero-contents.png","width":240,"height":70,"caption":"Vero Contents"},"image":{"@id":"https:\/\/verocontents.com.br\/#\/schema\/logo\/image\/"},"sameAs":["https:\/\/www.facebook.com\/verocontents\/","https:\/\/x.com\/marcelcast","https:\/\/www.instagram.com\/verocommkt\/","https:\/\/www.linkedin.com\/company\/vero-comunica-o-e-marketing","http:\/\/www.pinterest.com\/marcelcsouza","https:\/\/www.youtube.com\/channel\/UC0HHv6AQKtsUWqa21C5gX9Q"]}]}},"_links":{"self":[{"href":"https:\/\/verocontents.com.br\/es\/wp-json\/wp\/v2\/pages\/1891","targetHints":{"allow":["GET"]}}],"collection":[{"href":"https:\/\/verocontents.com.br\/es\/wp-json\/wp\/v2\/pages"}],"about":[{"href":"https:\/\/verocontents.com.br\/es\/wp-json\/wp\/v2\/types\/page"}],"author":[{"embeddable":true,"href":"https:\/\/verocontents.com.br\/es\/wp-json\/wp\/v2\/users\/1"}],"replies":[{"embeddable":true,"href":"https:\/\/verocontents.com.br\/es\/wp-json\/wp\/v2\/comments?post=1891"}],"version-history":[{"count":3,"href":"https:\/\/verocontents.com.br\/es\/wp-json\/wp\/v2\/pages\/1891\/revisions"}],"predecessor-version":[{"id":5783,"href":"https:\/\/verocontents.com.br\/es\/wp-json\/wp\/v2\/pages\/1891\/revisions\/5783"}],"up":[{"embeddable":true,"href":"https:\/\/verocontents.com.br\/es\/wp-json\/wp\/v2\/pages\/1959"}],"wp:attachment":[{"href":"https:\/\/verocontents.com.br\/es\/wp-json\/wp\/v2\/media?parent=1891"}],"curies":[{"name":"wp","href":"https:\/\/api.w.org\/{rel}","templated":true}]}}