{"id":176,"date":"2017-03-13T12:23:57","date_gmt":"2017-03-13T15:23:57","guid":{"rendered":"https:\/\/verocontents.com.br\/?page_id=176"},"modified":"2024-05-06T12:57:58","modified_gmt":"2024-05-06T15:57:58","slug":"redes-sociales","status":"publish","type":"page","link":"https:\/\/verocontents.com.br\/es\/servicios\/redes-sociales\/","title":{"rendered":"Redes Sociales"},"content":{"rendered":"<p><span style=\"font-size: large;\">Gesti\u00f3n de redes sociales: estar presente en las redes sociales es hoy en d\u00eda imprescindible para cualquier empresa. Por eso, relacionarse y estar m\u00e1s cerca del cliente es el mayor beneficio que pueden aportar las redes sociales. <\/span><\/p>\n<p><span style=\"font-size: large;\">Vero Contents cuenta con un equipo de expertos en gesti\u00f3n de redes sociales para hacer de esta relaci\u00f3n un verdadero \u00e9xito. De esa manera, simplemente habla con nosotros. De esa manera, podemos ayudarte.<\/span><\/p>\n<h4><span style=\"color: #ffcc00;\"><strong><img decoding=\"async\" class=\"wp-image-2019 size-full alignleft\" src=\"http:\/\/verocontents.com.br\/wp-content\/uploads\/2019\/07\/social-mapeamento-digital.png\" alt=\"Redes Sociales - Mapping Digital - Vero Contenidos\" width=\"110\" height=\"110\" srcset=\"https:\/\/verocontents.com.br\/wp-content\/uploads\/2019\/07\/social-mapeamento-digital.png 110w, https:\/\/verocontents.com.br\/wp-content\/uploads\/2019\/07\/social-mapeamento-digital-45x45.png 45w, https:\/\/verocontents.com.br\/wp-content\/uploads\/2019\/07\/social-mapeamento-digital-100x100.png 100w\" sizes=\"(max-width: 110px) 100vw, 110px\" \/><span style=\"color: #ff9900;\">Mapeo Digital<\/span><\/strong><\/span><\/h4>\n<p><span style=\"font-size: large;\">El primer paso para establecer una estrategia de presencia en las redes sociales es el mapeo digital. Por lo tanto, saber exactamente a qu\u00e9 p\u00fablico llegar, en qu\u00e9 etapa se encuentra su empresa y qui\u00e9nes son sus competidores nos permitir\u00e1 determinar exactamente con qui\u00e9n hablar y c\u00f3mo hacerlo.<\/span><\/p>\n<h4><span style=\"color: #ffcc00;\"><strong><img decoding=\"async\" class=\"wp-image-2020 size-full alignright\" src=\"http:\/\/verocontents.com.br\/wp-content\/uploads\/2019\/07\/social-personas-mkt-conteudo.png\" alt=\"Redes Sociales - Personas y Marketing de Contenidos - Vero Contents\" width=\"110\" height=\"110\" srcset=\"https:\/\/verocontents.com.br\/wp-content\/uploads\/2019\/07\/social-personas-mkt-conteudo.png 110w, https:\/\/verocontents.com.br\/wp-content\/uploads\/2019\/07\/social-personas-mkt-conteudo-45x45.png 45w, https:\/\/verocontents.com.br\/wp-content\/uploads\/2019\/07\/social-personas-mkt-conteudo-100x100.png 100w\" sizes=\"(max-width: 110px) 100vw, 110px\" \/><span style=\"color: #ff9900;\">Personas y generaci\u00f3n de contenido<\/span><\/strong><\/span><\/h4>\n<p><span style=\"font-size: large;\">Determinar el perfil de tu audiencia, sus h\u00e1bitos, gustos y costumbres es una de las tareas en la gesti\u00f3n de redes sociales. Cuanto m\u00e1s precisa sea la determinaci\u00f3n de la persona, m\u00e1s objetiva ser\u00e1 la generaci\u00f3n de contenido. De esta forma, la comunicaci\u00f3n con tu audiencia ser\u00e1 un factor determinante para generar engagement con ellos.<\/span><\/p>\n<h4><span style=\"color: #ffcc00;\"><strong><img decoding=\"async\" class=\"wp-image-2021 size-full alignleft\" src=\"http:\/\/verocontents.com.br\/wp-content\/uploads\/2019\/07\/social-monitoramento-marca.png\" alt=\"Redes Sociales - Monitoreo de Marca - Vero Contenidos\" width=\"110\" height=\"110\" srcset=\"https:\/\/verocontents.com.br\/wp-content\/uploads\/2019\/07\/social-monitoramento-marca.png 110w, https:\/\/verocontents.com.br\/wp-content\/uploads\/2019\/07\/social-monitoramento-marca-45x45.png 45w, https:\/\/verocontents.com.br\/wp-content\/uploads\/2019\/07\/social-monitoramento-marca-100x100.png 100w\" sizes=\"(max-width: 110px) 100vw, 110px\" \/><span style=\"color: #ff9900;\">Monitoreo de marca<\/span><\/strong><\/span><\/h4>\n<p><span style=\"font-size: large;\">\u00bfSe menciona tu marca en la web? \u00bfY tus competidores? Es sumamente importante cuando hablamos de gesti\u00f3n de redes sociales monitorear tu marca y la de tus competidores. Por ello, nuestro equipo eval\u00faa c\u00f3mo se est\u00e1 desarrollando tu marca en internet y cu\u00e1l es la percepci\u00f3n que tu audiencia tiene de ella.<\/span><\/p>\n<h4><span style=\"color: #ffcc00;\"><strong><img loading=\"lazy\" decoding=\"async\" class=\"wp-image-2022 size-full alignright\" src=\"http:\/\/verocontents.com.br\/wp-content\/uploads\/2019\/07\/social-geracao-de-leads.png\" alt=\"Redes Sociales - Generaci\u00f3n de Leads - Vero Contents\" width=\"110\" height=\"110\" srcset=\"https:\/\/verocontents.com.br\/wp-content\/uploads\/2019\/07\/social-geracao-de-leads.png 110w, https:\/\/verocontents.com.br\/wp-content\/uploads\/2019\/07\/social-geracao-de-leads-45x45.png 45w, https:\/\/verocontents.com.br\/wp-content\/uploads\/2019\/07\/social-geracao-de-leads-100x100.png 100w\" sizes=\"(max-width: 110px) 100vw, 110px\" \/><span style=\"color: #ff9900;\">Generaci\u00f3n l\u00edder<\/span><\/strong><\/span><\/h4>\n<p><span style=\"font-size: large;\">Las redes sociales tambi\u00e9n juegan un papel importante en la generaci\u00f3n de leads. Adem\u00e1s de desarrollar contenido para atraer a su audiencia en sus redes sociales y generar tr\u00e1fico a su sitio web, puede trabajar directamente para generar clientes potenciales. Entonces, si necesitas una estrategia l\u00edder en redes sociales, cuenta con Vero Contents.<\/span><\/p>\n<h4><span style=\"color: #ffcc00;\"><strong><img loading=\"lazy\" decoding=\"async\" class=\"wp-image-2023 size-full alignleft\" src=\"http:\/\/verocontents.com.br\/wp-content\/uploads\/2019\/07\/social-analise-de-metricas.png\" alt=\"Redes Sociales - An\u00e1lisis de M\u00e9tricas - Vero Contents\" width=\"110\" height=\"110\" srcset=\"https:\/\/verocontents.com.br\/wp-content\/uploads\/2019\/07\/social-analise-de-metricas.png 110w, https:\/\/verocontents.com.br\/wp-content\/uploads\/2019\/07\/social-analise-de-metricas-45x45.png 45w, https:\/\/verocontents.com.br\/wp-content\/uploads\/2019\/07\/social-analise-de-metricas-100x100.png 100w\" sizes=\"(max-width: 110px) 100vw, 110px\" \/><span style=\"color: #ff9900;\">An\u00e1lisis de m\u00e9tricas<\/span><\/strong><\/span><\/h4>\n<p><span style=\"font-size: large;\">Evaluar y evolucionar. En las redes sociales, tambi\u00e9n es necesario evaluar continuamente las m\u00e9tricas, con el objetivo de mejorar el engagement de tu audiencia y la presencia de tu empresa en las redes sociales. Por ello, nuestro equipo busca constantemente mejorar el trabajo realizado en las redes, enfoc\u00e1ndonos siempre en resultados. <\/span><\/p>\n<p><span style=\"font-size: large;\"><a href=\"https:\/\/verocontents.com\/fale-com-um-especialista\" target=\"_blank\" rel=\"noopener noreferrer\">Habla con uno de los expertos de Vero Contents<\/a>. Entonces, vea c\u00f3mo las redes sociales pueden ayudar a su negocio.<\/span><\/p>\n<h4><span style=\"color: #ff9900;\">\u00bfQuieres solucionar tu marketing digital? \u00a1Rellena el formulario y habla con nosotros!<\/span><\/h4>\n\n<div class=\"wpcf7 no-js\" id=\"wpcf7-f708-o1\" lang=\"pt-BR\" dir=\"ltr\" data-wpcf7-id=\"708\">\n<div class=\"screen-reader-response\"><p role=\"status\" aria-live=\"polite\" aria-atomic=\"true\"><\/p> <ul><\/ul><\/div>\n<form action=\"\/es\/wp-json\/wp\/v2\/pages\/176#wpcf7-f708-o1\" method=\"post\" class=\"wpcf7-form init\" aria-label=\"Formularios de contacto\" novalidate=\"novalidate\" data-status=\"init\" data-trp-original-action=\"\/es\/wp-json\/wp\/v2\/pages\/176#wpcf7-f708-o1\">\n<fieldset class=\"hidden-fields-container\"><input type=\"hidden\" name=\"_wpcf7\" value=\"708\" \/><input type=\"hidden\" name=\"_wpcf7_version\" value=\"6.1.5\" \/><input type=\"hidden\" name=\"_wpcf7_locale\" value=\"pt_BR\" \/><input type=\"hidden\" name=\"_wpcf7_unit_tag\" value=\"wpcf7-f708-o1\" \/><input type=\"hidden\" name=\"_wpcf7_container_post\" value=\"0\" \/><input type=\"hidden\" name=\"_wpcf7_posted_data_hash\" value=\"\" \/>\n<\/fieldset>\n<p><label> Tu nombre (requerido)<br \/>\n<span class=\"wpcf7-form-control-wrap\" data-name=\"seu-nome\"><input size=\"40\" maxlength=\"400\" class=\"wpcf7-form-control wpcf7-text wpcf7-validates-as-required\" aria-required=\"true\" aria-invalid=\"false\" value=\"\" type=\"text\" name=\"seu-nome\" \/><\/span> <\/label>\n<\/p>\n<p><label> Tu Email (requerido)<br \/>\n<span class=\"wpcf7-form-control-wrap\" data-name=\"seu-email\"><input size=\"40\" maxlength=\"400\" class=\"wpcf7-form-control wpcf7-email wpcf7-validates-as-required wpcf7-text wpcf7-validates-as-email\" aria-required=\"true\" aria-invalid=\"false\" value=\"\" type=\"email\" name=\"seu-email\" \/><\/span> <\/label>\n<\/p>\n<p><label> Tel\u00e9fono<br \/>\n<span class=\"wpcf7-form-control-wrap\" data-name=\"tel\"><input size=\"40\" maxlength=\"400\" class=\"wpcf7-form-control wpcf7-tel wpcf7-validates-as-required wpcf7-text wpcf7-validates-as-tel\" aria-required=\"true\" aria-invalid=\"false\" value=\"\" type=\"tel\" name=\"tel\" \/><\/span> <\/label>\n<\/p>\n<p><label> Mensaje<br \/>\n<span class=\"wpcf7-form-control-wrap\" data-name=\"mensagem\"><textarea cols=\"40\" rows=\"10\" maxlength=\"2000\" class=\"wpcf7-form-control wpcf7-textarea\" aria-invalid=\"false\" name=\"mensagem\"><\/textarea><\/span> <\/label>\n<\/p>\n<p><input class=\"wpcf7-form-control wpcf7-submit has-spinner\" type=\"submit\" value=\"Mandar\" \/>\n<\/p>\n<p><div id=\"cf7sr-69d4f145e9912\" class=\"cf7sr-g-recaptcha\" data-theme=\"light\" data-type=\"image\" data-size=\"normal\" data-sitekey=\"6LceHTkUAAAAAE1vbi1ElOgB69UfBH8GnGFuDdf4\"><\/div><span class=\"wpcf7-form-control-wrap cf7sr-recaptcha\" data-name=\"cf7sr-recaptcha\"><input type=\"hidden\" name=\"cf7sr-recaptcha\" value=\"\" class=\"wpcf7-form-control\"><\/span>\n<\/p><div class=\"wpcf7-response-output\" aria-hidden=\"true\"><\/div>\n<input type=\"hidden\" name=\"trp-form-language\" value=\"es\"\/><\/form>\n<\/div>","protected":false},"excerpt":{"rendered":"<p>Gesti\u00f3n de redes sociales: estar presente en las redes sociales es hoy en d\u00eda imprescindible para cualquier empresa. Por eso, relacionarse y estar m\u00e1s cerca del cliente es el mayor beneficio que pueden aportar las redes sociales. Vero Contenidos tiene<\/p>","protected":false},"author":1,"featured_media":2082,"parent":4398,"menu_order":0,"comment_status":"closed","ping_status":"closed","template":"","meta":{"_monsterinsights_skip_tracking":false,"_monsterinsights_sitenote_active":false,"_monsterinsights_sitenote_note":"","_monsterinsights_sitenote_category":0,"footnotes":""},"class_list":["post-176","page","type-page","status-publish","has-post-thumbnail","hentry"],"yoast_head":"<!-- This site is optimized with the Yoast SEO Premium plugin v26.9 (Yoast SEO v27.0) - https:\/\/yoast.com\/product\/yoast-seo-premium-wordpress\/ -->\n<title>Gest\u00e3o de Redes Sociais - Vero Contents<\/title>\n<meta name=\"description\" content=\"A Vero Contents possui uma equipe de especialistas em gest\u00e3o de redes sociais para tornar essa rela\u00e7\u00e3o um verdadeiro sucesso.\" \/>\n<meta name=\"robots\" content=\"index, follow, max-snippet:-1, max-image-preview:large, max-video-preview:-1\" \/>\n<link rel=\"canonical\" href=\"https:\/\/verocontents.com.br\/es\/servicios\/redes-sociales\/\" \/>\n<meta property=\"og:locale\" content=\"es_MX\" \/>\n<meta property=\"og:type\" content=\"article\" \/>\n<meta property=\"og:title\" content=\"Redes Sociais\" \/>\n<meta property=\"og:description\" content=\"A Vero Contents possui uma equipe de especialistas em gest\u00e3o de redes sociais para tornar essa rela\u00e7\u00e3o um verdadeiro sucesso.\" \/>\n<meta property=\"og:url\" content=\"https:\/\/verocontents.com.br\/es\/servicios\/redes-sociales\/\" \/>\n<meta property=\"og:site_name\" content=\"Vero Contents\" \/>\n<meta property=\"article:publisher\" content=\"https:\/\/www.facebook.com\/verocontents\/\" \/>\n<meta property=\"article:modified_time\" content=\"2024-05-06T15:57:58+00:00\" \/>\n<meta property=\"og:image\" content=\"https:\/\/verocontents.com.br\/wp-content\/uploads\/2019\/07\/carrossel-home-redes-sociais.png\" \/>\n\t<meta property=\"og:image:width\" content=\"120\" \/>\n\t<meta property=\"og:image:height\" content=\"120\" \/>\n\t<meta property=\"og:image:type\" content=\"image\/png\" \/>\n<meta name=\"twitter:card\" content=\"summary_large_image\" \/>\n<meta name=\"twitter:site\" content=\"@marcelcast\" \/>\n<meta name=\"twitter:label1\" content=\"Tiempo de lectura\" \/>\n\t<meta name=\"twitter:data1\" content=\"4 minutos\" \/>\n<script type=\"application\/ld+json\" class=\"yoast-schema-graph\">{\"@context\":\"https:\/\/schema.org\",\"@graph\":[{\"@type\":\"WebPage\",\"@id\":\"https:\/\/verocontents.com.br\/servicos\/redes-sociais\/\",\"url\":\"https:\/\/verocontents.com.br\/servicos\/redes-sociais\/\",\"name\":\"Gest\u00e3o de Redes Sociais - Vero Contents\",\"isPartOf\":{\"@id\":\"https:\/\/verocontents.com.br\/#website\"},\"primaryImageOfPage\":{\"@id\":\"https:\/\/verocontents.com.br\/servicos\/redes-sociais\/#primaryimage\"},\"image\":{\"@id\":\"https:\/\/verocontents.com.br\/servicos\/redes-sociais\/#primaryimage\"},\"thumbnailUrl\":\"https:\/\/verocontents.com.br\/wp-content\/uploads\/2019\/07\/carrossel-home-redes-sociais.png\",\"datePublished\":\"2017-03-13T15:23:57+00:00\",\"dateModified\":\"2024-05-06T15:57:58+00:00\",\"description\":\"A Vero Contents possui uma equipe de especialistas em gest\u00e3o de redes sociais para tornar essa rela\u00e7\u00e3o um verdadeiro sucesso.\",\"breadcrumb\":{\"@id\":\"https:\/\/verocontents.com.br\/servicos\/redes-sociais\/#breadcrumb\"},\"inLanguage\":\"es\",\"potentialAction\":[{\"@type\":\"ReadAction\",\"target\":[\"https:\/\/verocontents.com.br\/servicos\/redes-sociais\/\"]}]},{\"@type\":\"ImageObject\",\"inLanguage\":\"es\",\"@id\":\"https:\/\/verocontents.com.br\/servicos\/redes-sociais\/#primaryimage\",\"url\":\"https:\/\/verocontents.com.br\/wp-content\/uploads\/2019\/07\/carrossel-home-redes-sociais.png\",\"contentUrl\":\"https:\/\/verocontents.com.br\/wp-content\/uploads\/2019\/07\/carrossel-home-redes-sociais.png\",\"width\":120,\"height\":120,\"caption\":\"Redes Sociais\"},{\"@type\":\"BreadcrumbList\",\"@id\":\"https:\/\/verocontents.com.br\/servicos\/redes-sociais\/#breadcrumb\",\"itemListElement\":[{\"@type\":\"ListItem\",\"position\":1,\"name\":\"Home\",\"item\":\"https:\/\/verocontents.com.br\/\"},{\"@type\":\"ListItem\",\"position\":2,\"name\":\"Servi\u00e7os\",\"item\":\"https:\/\/verocontents.com.br\/servicos\/\"},{\"@type\":\"ListItem\",\"position\":3,\"name\":\"Redes Sociais\"}]},{\"@type\":\"WebSite\",\"@id\":\"https:\/\/verocontents.com.br\/#website\",\"url\":\"https:\/\/verocontents.com.br\/\",\"name\":\"Vero Contents\",\"description\":\"Ag\u00eancia de Marketing Digital e Inbound Marketing\",\"publisher\":{\"@id\":\"https:\/\/verocontents.com.br\/#organization\"},\"potentialAction\":[{\"@type\":\"SearchAction\",\"target\":{\"@type\":\"EntryPoint\",\"urlTemplate\":\"https:\/\/verocontents.com.br\/?s={search_term_string}\"},\"query-input\":{\"@type\":\"PropertyValueSpecification\",\"valueRequired\":true,\"valueName\":\"search_term_string\"}}],\"inLanguage\":\"es\"},{\"@type\":\"Organization\",\"@id\":\"https:\/\/verocontents.com.br\/#organization\",\"name\":\"Vero Contents\",\"url\":\"https:\/\/verocontents.com.br\/\",\"logo\":{\"@type\":\"ImageObject\",\"inLanguage\":\"es\",\"@id\":\"https:\/\/verocontents.com.br\/#\/schema\/logo\/image\/\",\"url\":\"http:\/\/verocontents.com.br\/wp-content\/uploads\/2017\/02\/logo-vero-contents.png\",\"contentUrl\":\"http:\/\/verocontents.com.br\/wp-content\/uploads\/2017\/02\/logo-vero-contents.png\",\"width\":240,\"height\":70,\"caption\":\"Vero Contents\"},\"image\":{\"@id\":\"https:\/\/verocontents.com.br\/#\/schema\/logo\/image\/\"},\"sameAs\":[\"https:\/\/www.facebook.com\/verocontents\/\",\"https:\/\/x.com\/marcelcast\",\"https:\/\/www.instagram.com\/verocommkt\/\",\"https:\/\/www.linkedin.com\/company\/vero-comunica-o-e-marketing\",\"http:\/\/www.pinterest.com\/marcelcsouza\",\"https:\/\/www.youtube.com\/channel\/UC0HHv6AQKtsUWqa21C5gX9Q\"]}]}<\/script>\n<!-- \/ Yoast SEO Premium plugin. -->","yoast_head_json":{"title":"Gesti\u00f3n de Redes Sociales - Vero Contenidos","description":"Vero Contents cuenta con un equipo de expertos en gesti\u00f3n de redes sociales para hacer de esta relaci\u00f3n un aut\u00e9ntico \u00e9xito.","robots":{"index":"index","follow":"follow","max-snippet":"max-snippet:-1","max-image-preview":"max-image-preview:large","max-video-preview":"max-video-preview:-1"},"canonical":"https:\/\/verocontents.com.br\/es\/servicios\/redes-sociales\/","og_locale":"es_MX","og_type":"article","og_title":"Redes Sociais","og_description":"A Vero Contents possui uma equipe de especialistas em gest\u00e3o de redes sociais para tornar essa rela\u00e7\u00e3o um verdadeiro sucesso.","og_url":"https:\/\/verocontents.com.br\/es\/servicios\/redes-sociales\/","og_site_name":"Vero Contents","article_publisher":"https:\/\/www.facebook.com\/verocontents\/","article_modified_time":"2024-05-06T15:57:58+00:00","og_image":[{"width":120,"height":120,"url":"https:\/\/verocontents.com.br\/wp-content\/uploads\/2019\/07\/carrossel-home-redes-sociais.png","type":"image\/png"}],"twitter_card":"summary_large_image","twitter_site":"@marcelcast","twitter_misc":{"Tiempo de lectura":"4 minutos"},"schema":{"@context":"https:\/\/schema.org","@graph":[{"@type":"WebPage","@id":"https:\/\/verocontents.com.br\/servicos\/redes-sociais\/","url":"https:\/\/verocontents.com.br\/servicos\/redes-sociais\/","name":"Gesti\u00f3n de Redes Sociales - Vero Contenidos","isPartOf":{"@id":"https:\/\/verocontents.com.br\/#website"},"primaryImageOfPage":{"@id":"https:\/\/verocontents.com.br\/servicos\/redes-sociais\/#primaryimage"},"image":{"@id":"https:\/\/verocontents.com.br\/servicos\/redes-sociais\/#primaryimage"},"thumbnailUrl":"https:\/\/verocontents.com.br\/wp-content\/uploads\/2019\/07\/carrossel-home-redes-sociais.png","datePublished":"2017-03-13T15:23:57+00:00","dateModified":"2024-05-06T15:57:58+00:00","description":"Vero Contents cuenta con un equipo de expertos en gesti\u00f3n de redes sociales para hacer de esta relaci\u00f3n un aut\u00e9ntico \u00e9xito.","breadcrumb":{"@id":"https:\/\/verocontents.com.br\/servicos\/redes-sociais\/#breadcrumb"},"inLanguage":"es","potentialAction":[{"@type":"ReadAction","target":["https:\/\/verocontents.com.br\/servicos\/redes-sociais\/"]}]},{"@type":"ImageObject","inLanguage":"es","@id":"https:\/\/verocontents.com.br\/servicos\/redes-sociais\/#primaryimage","url":"https:\/\/verocontents.com.br\/wp-content\/uploads\/2019\/07\/carrossel-home-redes-sociais.png","contentUrl":"https:\/\/verocontents.com.br\/wp-content\/uploads\/2019\/07\/carrossel-home-redes-sociais.png","width":120,"height":120,"caption":"Redes Sociais"},{"@type":"BreadcrumbList","@id":"https:\/\/verocontents.com.br\/servicos\/redes-sociais\/#breadcrumb","itemListElement":[{"@type":"ListItem","position":1,"name":"Home","item":"https:\/\/verocontents.com.br\/"},{"@type":"ListItem","position":2,"name":"Servi\u00e7os","item":"https:\/\/verocontents.com.br\/servicos\/"},{"@type":"ListItem","position":3,"name":"Redes Sociais"}]},{"@type":"WebSite","@id":"https:\/\/verocontents.com.br\/#website","url":"https:\/\/verocontents.com.br\/","name":"Contenidos Vero","description":"Agencia de Marketing Digital y Inbound Marketing","publisher":{"@id":"https:\/\/verocontents.com.br\/#organization"},"potentialAction":[{"@type":"SearchAction","target":{"@type":"EntryPoint","urlTemplate":"https:\/\/verocontents.com.br\/?s={search_term_string}"},"query-input":{"@type":"PropertyValueSpecification","valueRequired":true,"valueName":"search_term_string"}}],"inLanguage":"es"},{"@type":"Organization","@id":"https:\/\/verocontents.com.br\/#organization","name":"Contenidos Vero","url":"https:\/\/verocontents.com.br\/","logo":{"@type":"ImageObject","inLanguage":"es","@id":"https:\/\/verocontents.com.br\/#\/schema\/logo\/image\/","url":"http:\/\/verocontents.com.br\/wp-content\/uploads\/2017\/02\/logo-vero-contents.png","contentUrl":"http:\/\/verocontents.com.br\/wp-content\/uploads\/2017\/02\/logo-vero-contents.png","width":240,"height":70,"caption":"Vero Contents"},"image":{"@id":"https:\/\/verocontents.com.br\/#\/schema\/logo\/image\/"},"sameAs":["https:\/\/www.facebook.com\/verocontents\/","https:\/\/x.com\/marcelcast","https:\/\/www.instagram.com\/verocommkt\/","https:\/\/www.linkedin.com\/company\/vero-comunica-o-e-marketing","http:\/\/www.pinterest.com\/marcelcsouza","https:\/\/www.youtube.com\/channel\/UC0HHv6AQKtsUWqa21C5gX9Q"]}]}},"_links":{"self":[{"href":"https:\/\/verocontents.com.br\/es\/wp-json\/wp\/v2\/pages\/176","targetHints":{"allow":["GET"]}}],"collection":[{"href":"https:\/\/verocontents.com.br\/es\/wp-json\/wp\/v2\/pages"}],"about":[{"href":"https:\/\/verocontents.com.br\/es\/wp-json\/wp\/v2\/types\/page"}],"author":[{"embeddable":true,"href":"https:\/\/verocontents.com.br\/es\/wp-json\/wp\/v2\/users\/1"}],"replies":[{"embeddable":true,"href":"https:\/\/verocontents.com.br\/es\/wp-json\/wp\/v2\/comments?post=176"}],"version-history":[{"count":1,"href":"https:\/\/verocontents.com.br\/es\/wp-json\/wp\/v2\/pages\/176\/revisions"}],"predecessor-version":[{"id":4402,"href":"https:\/\/verocontents.com.br\/es\/wp-json\/wp\/v2\/pages\/176\/revisions\/4402"}],"up":[{"embeddable":true,"href":"https:\/\/verocontents.com.br\/es\/wp-json\/wp\/v2\/pages\/4398"}],"wp:featuredmedia":[{"embeddable":true,"href":"https:\/\/verocontents.com.br\/es\/wp-json\/wp\/v2\/media\/2082"}],"wp:attachment":[{"href":"https:\/\/verocontents.com.br\/es\/wp-json\/wp\/v2\/media?parent=176"}],"curies":[{"name":"wp","href":"https:\/\/api.w.org\/{rel}","templated":true}]}}