{"id":1722,"date":"2014-03-21T13:27:36","date_gmt":"2014-03-21T13:27:36","guid":{"rendered":"http:\/\/demo.themegrill.com\/spacious\/?page_id=83"},"modified":"2024-05-20T23:48:08","modified_gmt":"2024-05-21T02:48:08","slug":"sitio-web-responsivo-mary-kay","status":"publish","type":"page","link":"https:\/\/verocontents.com.br\/es\/casos\/sitio-web-responsivo-mary-kay\/","title":{"rendered":"Sitio de acceso Mary Kay | Diamantes rosas"},"content":{"rendered":"<h4><span style=\"font-size: large; color: #ff9900;\"><strong>Sitio web adaptable Mary Kay | Diamantes rosas<\/strong><\/span><\/h4>\n<p><span style=\"font-size: medium;\">El hotsite responsivo dise\u00f1ado para Mary Kay tuvo como objetivo dar a conocer el Concurso Cultural Diamantes Rosados\u00a0<\/span><span style=\"font-size: medium;\">durante el periodo de la Campa\u00f1a de Lanzamiento del producto. El hotsite se utiliz\u00f3 como herramienta de publicidad y promoci\u00f3n.<\/span><\/p>\n<p><span style=\"font-size: medium;\">Clientes Mary Kay participaron en el Concurso enviando sus videos con testimonios sobre sus mejores amigas. Luego se procedi\u00f3 a la votaci\u00f3n de los mejores v\u00eddeos en el propio hotsite, donde se repartieron diversos premios. As\u00ed, seg\u00fan el ranking, los premios fueron diamantes Vivara, bol\u00edgrafos Swarovski, as\u00ed como nuevos kits de perfumes.<\/span><\/p>\n<p>El hotsite del Concurso Cultural alcanz\u00f3 una media de 20.000 visitantes al mes durante el per\u00edodo de la campa\u00f1a. Adem\u00e1s, se enviaron m\u00e1s de 1.000 v\u00eddeos para su votaci\u00f3n.<\/p>\n<p><span style=\"font-size: large; color: #ff9900;\"><strong>Tecnolog\u00eda<\/strong><\/span><\/p>\n<p>Desarrollada en HTML5\/PHP, la herramienta de programaci\u00f3n convierte v\u00eddeos enviados en diferentes formatos a formatos mp4 \u00fanicos. De esta forma, los usuarios que suban sus v\u00eddeos no tendr\u00edan que preocuparse por el tipo de v\u00eddeo, ni por el tama\u00f1o de los archivos. Adem\u00e1s, los servidores AWS utilizados no permitieron que el sitio web se sobrecargara con tama\u00f1os de archivos.<\/p>\n<p>Descubra m\u00e1s sobre nuestro <a href=\"https:\/\/verocontents.com.br\/es\/diseno-y-tecnologia\/\">servicios de dise\u00f1o y tecnolog\u00eda<\/a>.<\/p>\n<figure id=\"attachment_1862\" aria-describedby=\"caption-attachment-1862\" style=\"width: 1000px\" class=\"wp-caption alignnone\"><a href=\"http:\/\/verocontents.com.br\/wp-content\/uploads\/2019\/07\/01-home.jpg\"><img fetchpriority=\"high\" decoding=\"async\" class=\"zoooom wp-image-1862 size-full\" title=\"Sitio web responsivo - Mary Kay1\" src=\"http:\/\/verocontents.com.br\/wp-content\/uploads\/2019\/07\/01-home.jpg\" alt=\"Sitio web responsivo - Mary Kay - P\u00e1gina de inicio\" width=\"1000\" height=\"920\" srcset=\"https:\/\/verocontents.com.br\/wp-content\/uploads\/2019\/07\/01-home.jpg 1000w, https:\/\/verocontents.com.br\/wp-content\/uploads\/2019\/07\/01-home-300x276.jpg 300w, https:\/\/verocontents.com.br\/wp-content\/uploads\/2019\/07\/01-home-768x707.jpg 768w, https:\/\/verocontents.com.br\/wp-content\/uploads\/2019\/07\/01-home-600x552.jpg 600w\" sizes=\"(max-width: 1000px) 100vw, 1000px\" \/><\/a><figcaption id=\"caption-attachment-1862\" class=\"wp-caption-text\">Inicio \u2013 Diamantes Rosados<\/figcaption><\/figure>\n<p>&nbsp;<\/p>\n<figure id=\"attachment_1863\" aria-describedby=\"caption-attachment-1863\" style=\"width: 1000px\" class=\"wp-caption alignnone\"><a href=\"http:\/\/verocontents.com.br\/wp-content\/uploads\/2019\/07\/02-como-participar.jpg\"><img decoding=\"async\" class=\"zoooom wp-image-1863 size-full\" title=\"Sitio web responsivo - Mary Kay2\" src=\"http:\/\/verocontents.com.br\/wp-content\/uploads\/2019\/07\/02-como-participar.jpg\" alt=\"Sitio web responsivo - Mary Kay - P\u00e1gina de inicio\" width=\"1000\" height=\"920\" srcset=\"https:\/\/verocontents.com.br\/wp-content\/uploads\/2019\/07\/02-como-participar.jpg 1000w, https:\/\/verocontents.com.br\/wp-content\/uploads\/2019\/07\/02-como-participar-300x276.jpg 300w, https:\/\/verocontents.com.br\/wp-content\/uploads\/2019\/07\/02-como-participar-768x707.jpg 768w, https:\/\/verocontents.com.br\/wp-content\/uploads\/2019\/07\/02-como-participar-600x552.jpg 600w\" sizes=\"(max-width: 1000px) 100vw, 1000px\" \/><\/a><figcaption id=\"caption-attachment-1863\" class=\"wp-caption-text\">C\u00f3mo participar \u2013 Diamantes rosas<\/figcaption><\/figure>\n<p>&nbsp;<\/p>\n<figure id=\"attachment_1864\" aria-describedby=\"caption-attachment-1864\" style=\"width: 1000px\" class=\"wp-caption alignnone\"><a href=\"http:\/\/verocontents.com.br\/wp-content\/uploads\/2019\/07\/03-premios.jpg\"><img decoding=\"async\" class=\"zoooom wp-image-1864 size-full\" title=\"Sitio web responsivo - Mary Kay3\" src=\"http:\/\/verocontents.com.br\/wp-content\/uploads\/2019\/07\/03-premios.jpg\" alt=\"Sitio web responsivo - Mary Kay - P\u00e1gina de inicio\" width=\"1000\" height=\"920\" srcset=\"https:\/\/verocontents.com.br\/wp-content\/uploads\/2019\/07\/03-premios.jpg 1000w, https:\/\/verocontents.com.br\/wp-content\/uploads\/2019\/07\/03-premios-300x276.jpg 300w, https:\/\/verocontents.com.br\/wp-content\/uploads\/2019\/07\/03-premios-768x707.jpg 768w, https:\/\/verocontents.com.br\/wp-content\/uploads\/2019\/07\/03-premios-600x552.jpg 600w\" sizes=\"(max-width: 1000px) 100vw, 1000px\" \/><\/a><figcaption id=\"caption-attachment-1864\" class=\"wp-caption-text\">Premios \u2013 Diamantes rosas<\/figcaption><\/figure>\n<p>&nbsp;<\/p>\n<figure id=\"attachment_1865\" aria-describedby=\"caption-attachment-1865\" style=\"width: 1000px\" class=\"wp-caption alignnone\"><a href=\"http:\/\/verocontents.com.br\/wp-content\/uploads\/2019\/07\/04-videos.jpg\"><img loading=\"lazy\" decoding=\"async\" class=\"zoooom wp-image-1865 size-full\" title=\"Sitio web responsivo - Mary Kay4\" src=\"http:\/\/verocontents.com.br\/wp-content\/uploads\/2019\/07\/04-videos.jpg\" alt=\"Sitio web responsivo - Mary Kay - P\u00e1gina de inicio\" width=\"1000\" height=\"920\" srcset=\"https:\/\/verocontents.com.br\/wp-content\/uploads\/2019\/07\/04-videos.jpg 1000w, https:\/\/verocontents.com.br\/wp-content\/uploads\/2019\/07\/04-videos-300x276.jpg 300w, https:\/\/verocontents.com.br\/wp-content\/uploads\/2019\/07\/04-videos-768x707.jpg 768w, https:\/\/verocontents.com.br\/wp-content\/uploads\/2019\/07\/04-videos-600x552.jpg 600w\" sizes=\"(max-width: 1000px) 100vw, 1000px\" \/><\/a><figcaption id=\"caption-attachment-1865\" class=\"wp-caption-text\">V\u00eddeos \u2013 Diamantes rosas<\/figcaption><\/figure>\n<p>&nbsp;<\/p>\n<figure id=\"attachment_1866\" aria-describedby=\"caption-attachment-1866\" style=\"width: 1000px\" class=\"wp-caption alignnone\"><a href=\"http:\/\/verocontents.com.br\/wp-content\/uploads\/2019\/07\/06-cadastro1.jpg\"><img loading=\"lazy\" decoding=\"async\" class=\"zoooom wp-image-1866 size-full\" title=\"Sitio web responsivo - Mary Kay61\" src=\"http:\/\/verocontents.com.br\/wp-content\/uploads\/2019\/07\/06-cadastro1.jpg\" alt=\"Sitio web responsivo - Mary Kay - P\u00e1gina de inicio\" width=\"1000\" height=\"920\" srcset=\"https:\/\/verocontents.com.br\/wp-content\/uploads\/2019\/07\/06-cadastro1.jpg 1000w, https:\/\/verocontents.com.br\/wp-content\/uploads\/2019\/07\/06-cadastro1-300x276.jpg 300w, https:\/\/verocontents.com.br\/wp-content\/uploads\/2019\/07\/06-cadastro1-768x707.jpg 768w, https:\/\/verocontents.com.br\/wp-content\/uploads\/2019\/07\/06-cadastro1-600x552.jpg 600w\" sizes=\"(max-width: 1000px) 100vw, 1000px\" \/><\/a><figcaption id=\"caption-attachment-1866\" class=\"wp-caption-text\">Registro de Datos Personales \u2013 Pink Diamonds<\/figcaption><\/figure>\n<p>&nbsp;<\/p>\n<figure id=\"attachment_1867\" aria-describedby=\"caption-attachment-1867\" style=\"width: 1000px\" class=\"wp-caption alignnone\"><a href=\"http:\/\/verocontents.com.br\/wp-content\/uploads\/2019\/07\/06-cadastro2.jpg\"><img loading=\"lazy\" decoding=\"async\" class=\"zoooom wp-image-1867 size-full\" title=\"Sitio web responsivo - Mary Kay6\" src=\"http:\/\/verocontents.com.br\/wp-content\/uploads\/2019\/07\/06-cadastro2.jpg\" alt=\"Sitio web responsivo - Mary Kay - P\u00e1gina de inicio\" width=\"1000\" height=\"920\" srcset=\"https:\/\/verocontents.com.br\/wp-content\/uploads\/2019\/07\/06-cadastro2.jpg 1000w, https:\/\/verocontents.com.br\/wp-content\/uploads\/2019\/07\/06-cadastro2-300x276.jpg 300w, https:\/\/verocontents.com.br\/wp-content\/uploads\/2019\/07\/06-cadastro2-768x707.jpg 768w, https:\/\/verocontents.com.br\/wp-content\/uploads\/2019\/07\/06-cadastro2-600x552.jpg 600w\" sizes=\"(max-width: 1000px) 100vw, 1000px\" \/><\/a><figcaption id=\"caption-attachment-1867\" class=\"wp-caption-text\">Env\u00edo de v\u00eddeos \u2013 Diamantes rosas<\/figcaption><\/figure>\n<p>&nbsp;<\/p>\n<figure id=\"attachment_1868\" aria-describedby=\"caption-attachment-1868\" style=\"width: 1000px\" class=\"wp-caption alignnone\"><a href=\"http:\/\/verocontents.com.br\/wp-content\/uploads\/2019\/07\/06-cadastro3.jpg\"><img loading=\"lazy\" decoding=\"async\" class=\"zoooom wp-image-1868 size-full\" title=\"Sitio web responsivo - Mary Kay62\" src=\"http:\/\/verocontents.com.br\/wp-content\/uploads\/2019\/07\/06-cadastro3.jpg\" alt=\"Sitio web responsivo - Mary Kay - P\u00e1gina de inicio\" width=\"1000\" height=\"920\" srcset=\"https:\/\/verocontents.com.br\/wp-content\/uploads\/2019\/07\/06-cadastro3.jpg 1000w, https:\/\/verocontents.com.br\/wp-content\/uploads\/2019\/07\/06-cadastro3-300x276.jpg 300w, https:\/\/verocontents.com.br\/wp-content\/uploads\/2019\/07\/06-cadastro3-768x707.jpg 768w, https:\/\/verocontents.com.br\/wp-content\/uploads\/2019\/07\/06-cadastro3-600x552.jpg 600w\" sizes=\"(max-width: 1000px) 100vw, 1000px\" \/><\/a><figcaption id=\"caption-attachment-1868\" class=\"wp-caption-text\">Finalizaci\u00f3n del env\u00edo del v\u00eddeo: Diamantes rosas<\/figcaption><\/figure>\n<p>&nbsp;<\/p>","protected":false},"excerpt":{"rendered":"<p>Sitio web adaptable Mary Kay | Pink Diamonds El hotsite responsivo creado para Mary Kay ten\u00eda como objetivo dar a conocer el Concurso Cultural Pink Diamonds durante la campa\u00f1a de lanzamiento del producto. El hotsite se utiliz\u00f3 como herramienta publicitaria y<\/p>","protected":false},"author":1,"featured_media":0,"parent":1959,"menu_order":0,"comment_status":"closed","ping_status":"closed","template":"","meta":{"_monsterinsights_skip_tracking":false,"_monsterinsights_sitenote_active":false,"_monsterinsights_sitenote_note":"","_monsterinsights_sitenote_category":0,"footnotes":""},"class_list":["post-1722","page","type-page","status-publish","hentry"],"yoast_head":"<!-- This site is optimized with the Yoast SEO Premium plugin v26.9 (Yoast SEO v27.0) - https:\/\/yoast.com\/product\/yoast-seo-premium-wordpress\/ -->\n<title>Hotsite Mary Kay | Pink Diamonds - Vero Contents<\/title>\n<meta name=\"description\" content=\"Veja o case da Vero Contents sobre o hotsite responsivo criado para o cliente Mary Kay que teve como objetivo divulgar o Concurso Cultural.\" \/>\n<meta name=\"robots\" content=\"index, follow, max-snippet:-1, max-image-preview:large, max-video-preview:-1\" \/>\n<link rel=\"canonical\" href=\"https:\/\/verocontents.com.br\/es\/casos\/sitio-web-responsivo-mary-kay\/\" \/>\n<meta property=\"og:locale\" content=\"es_MX\" \/>\n<meta property=\"og:type\" content=\"article\" \/>\n<meta property=\"og:title\" content=\"Hotsite Mary Kay | Pink Diamonds\" \/>\n<meta property=\"og:description\" content=\"Veja o case da Vero Contents sobre o hotsite responsivo criado para o cliente Mary Kay que teve como objetivo divulgar o Concurso Cultural.\" \/>\n<meta property=\"og:url\" content=\"https:\/\/verocontents.com.br\/es\/casos\/sitio-web-responsivo-mary-kay\/\" \/>\n<meta property=\"og:site_name\" content=\"Vero Contents\" \/>\n<meta property=\"article:publisher\" content=\"https:\/\/www.facebook.com\/verocontents\/\" \/>\n<meta property=\"article:modified_time\" content=\"2024-05-21T02:48:08+00:00\" \/>\n<meta property=\"og:image\" content=\"http:\/\/verocontents.com.br\/wp-content\/uploads\/2019\/07\/01-home.jpg\" \/>\n<meta name=\"twitter:card\" content=\"summary_large_image\" \/>\n<meta name=\"twitter:site\" content=\"@marcelcast\" \/>\n<meta name=\"twitter:label1\" content=\"Tiempo de lectura\" \/>\n\t<meta name=\"twitter:data1\" content=\"3 minutos\" \/>\n<script type=\"application\/ld+json\" class=\"yoast-schema-graph\">{\"@context\":\"https:\/\/schema.org\",\"@graph\":[{\"@type\":\"WebPage\",\"@id\":\"https:\/\/verocontents.com.br\/cases\/hotsite-responsivo-mary-kay\/\",\"url\":\"https:\/\/verocontents.com.br\/cases\/hotsite-responsivo-mary-kay\/\",\"name\":\"Hotsite Mary Kay | Pink Diamonds - Vero Contents\",\"isPartOf\":{\"@id\":\"https:\/\/verocontents.com.br\/#website\"},\"primaryImageOfPage\":{\"@id\":\"https:\/\/verocontents.com.br\/cases\/hotsite-responsivo-mary-kay\/#primaryimage\"},\"image\":{\"@id\":\"https:\/\/verocontents.com.br\/cases\/hotsite-responsivo-mary-kay\/#primaryimage\"},\"thumbnailUrl\":\"http:\/\/verocontents.com.br\/wp-content\/uploads\/2019\/07\/01-home.jpg\",\"datePublished\":\"2014-03-21T13:27:36+00:00\",\"dateModified\":\"2024-05-21T02:48:08+00:00\",\"description\":\"Veja o case da Vero Contents sobre o hotsite responsivo criado para o cliente Mary Kay que teve como objetivo divulgar o Concurso Cultural.\",\"breadcrumb\":{\"@id\":\"https:\/\/verocontents.com.br\/cases\/hotsite-responsivo-mary-kay\/#breadcrumb\"},\"inLanguage\":\"es\",\"potentialAction\":[{\"@type\":\"ReadAction\",\"target\":[\"https:\/\/verocontents.com.br\/cases\/hotsite-responsivo-mary-kay\/\"]}]},{\"@type\":\"ImageObject\",\"inLanguage\":\"es\",\"@id\":\"https:\/\/verocontents.com.br\/cases\/hotsite-responsivo-mary-kay\/#primaryimage\",\"url\":\"http:\/\/verocontents.com.br\/wp-content\/uploads\/2019\/07\/01-home.jpg\",\"contentUrl\":\"http:\/\/verocontents.com.br\/wp-content\/uploads\/2019\/07\/01-home.jpg\"},{\"@type\":\"BreadcrumbList\",\"@id\":\"https:\/\/verocontents.com.br\/cases\/hotsite-responsivo-mary-kay\/#breadcrumb\",\"itemListElement\":[{\"@type\":\"ListItem\",\"position\":1,\"name\":\"Home\",\"item\":\"https:\/\/verocontents.com.br\/\"},{\"@type\":\"ListItem\",\"position\":2,\"name\":\"Cases\",\"item\":\"https:\/\/verocontents.com.br\/cases\/\"},{\"@type\":\"ListItem\",\"position\":3,\"name\":\"Hotsite Mary Kay | Pink Diamonds\"}]},{\"@type\":\"WebSite\",\"@id\":\"https:\/\/verocontents.com.br\/#website\",\"url\":\"https:\/\/verocontents.com.br\/\",\"name\":\"Vero Contents\",\"description\":\"Ag\u00eancia de Marketing Digital e Inbound Marketing\",\"publisher\":{\"@id\":\"https:\/\/verocontents.com.br\/#organization\"},\"potentialAction\":[{\"@type\":\"SearchAction\",\"target\":{\"@type\":\"EntryPoint\",\"urlTemplate\":\"https:\/\/verocontents.com.br\/?s={search_term_string}\"},\"query-input\":{\"@type\":\"PropertyValueSpecification\",\"valueRequired\":true,\"valueName\":\"search_term_string\"}}],\"inLanguage\":\"es\"},{\"@type\":\"Organization\",\"@id\":\"https:\/\/verocontents.com.br\/#organization\",\"name\":\"Vero Contents\",\"url\":\"https:\/\/verocontents.com.br\/\",\"logo\":{\"@type\":\"ImageObject\",\"inLanguage\":\"es\",\"@id\":\"https:\/\/verocontents.com.br\/#\/schema\/logo\/image\/\",\"url\":\"http:\/\/verocontents.com.br\/wp-content\/uploads\/2017\/02\/logo-vero-contents.png\",\"contentUrl\":\"http:\/\/verocontents.com.br\/wp-content\/uploads\/2017\/02\/logo-vero-contents.png\",\"width\":240,\"height\":70,\"caption\":\"Vero Contents\"},\"image\":{\"@id\":\"https:\/\/verocontents.com.br\/#\/schema\/logo\/image\/\"},\"sameAs\":[\"https:\/\/www.facebook.com\/verocontents\/\",\"https:\/\/x.com\/marcelcast\",\"https:\/\/www.instagram.com\/verocommkt\/\",\"https:\/\/www.linkedin.com\/company\/vero-comunica-o-e-marketing\",\"http:\/\/www.pinterest.com\/marcelcsouza\",\"https:\/\/www.youtube.com\/channel\/UC0HHv6AQKtsUWqa21C5gX9Q\"]}]}<\/script>\n<!-- \/ Yoast SEO Premium plugin. -->","yoast_head_json":{"title":"Sitio de acceso Mary Kay | Diamantes rosas - Vero Contenidos","description":"Vea el caso de Vero Contents sobre el hotsite responsivo creado para la cliente Mary Kay, que ten\u00eda como objetivo dar a conocer el Concurso Cultural.","robots":{"index":"index","follow":"follow","max-snippet":"max-snippet:-1","max-image-preview":"max-image-preview:large","max-video-preview":"max-video-preview:-1"},"canonical":"https:\/\/verocontents.com.br\/es\/casos\/sitio-web-responsivo-mary-kay\/","og_locale":"es_MX","og_type":"article","og_title":"Hotsite Mary Kay | Pink Diamonds","og_description":"Veja o case da Vero Contents sobre o hotsite responsivo criado para o cliente Mary Kay que teve como objetivo divulgar o Concurso Cultural.","og_url":"https:\/\/verocontents.com.br\/es\/casos\/sitio-web-responsivo-mary-kay\/","og_site_name":"Vero Contents","article_publisher":"https:\/\/www.facebook.com\/verocontents\/","article_modified_time":"2024-05-21T02:48:08+00:00","og_image":[{"url":"http:\/\/verocontents.com.br\/wp-content\/uploads\/2019\/07\/01-home.jpg","type":"","width":"","height":""}],"twitter_card":"summary_large_image","twitter_site":"@marcelcast","twitter_misc":{"Tiempo de lectura":"3 minutos"},"schema":{"@context":"https:\/\/schema.org","@graph":[{"@type":"WebPage","@id":"https:\/\/verocontents.com.br\/cases\/hotsite-responsivo-mary-kay\/","url":"https:\/\/verocontents.com.br\/cases\/hotsite-responsivo-mary-kay\/","name":"Sitio de acceso Mary Kay | Diamantes rosas - Vero Contenidos","isPartOf":{"@id":"https:\/\/verocontents.com.br\/#website"},"primaryImageOfPage":{"@id":"https:\/\/verocontents.com.br\/cases\/hotsite-responsivo-mary-kay\/#primaryimage"},"image":{"@id":"https:\/\/verocontents.com.br\/cases\/hotsite-responsivo-mary-kay\/#primaryimage"},"thumbnailUrl":"http:\/\/verocontents.com.br\/wp-content\/uploads\/2019\/07\/01-home.jpg","datePublished":"2014-03-21T13:27:36+00:00","dateModified":"2024-05-21T02:48:08+00:00","description":"Vea el caso de Vero Contents sobre el hotsite responsivo creado para la cliente Mary Kay, que ten\u00eda como objetivo dar a conocer el Concurso Cultural.","breadcrumb":{"@id":"https:\/\/verocontents.com.br\/cases\/hotsite-responsivo-mary-kay\/#breadcrumb"},"inLanguage":"es","potentialAction":[{"@type":"ReadAction","target":["https:\/\/verocontents.com.br\/cases\/hotsite-responsivo-mary-kay\/"]}]},{"@type":"ImageObject","inLanguage":"es","@id":"https:\/\/verocontents.com.br\/cases\/hotsite-responsivo-mary-kay\/#primaryimage","url":"http:\/\/verocontents.com.br\/wp-content\/uploads\/2019\/07\/01-home.jpg","contentUrl":"http:\/\/verocontents.com.br\/wp-content\/uploads\/2019\/07\/01-home.jpg"},{"@type":"BreadcrumbList","@id":"https:\/\/verocontents.com.br\/cases\/hotsite-responsivo-mary-kay\/#breadcrumb","itemListElement":[{"@type":"ListItem","position":1,"name":"Home","item":"https:\/\/verocontents.com.br\/"},{"@type":"ListItem","position":2,"name":"Cases","item":"https:\/\/verocontents.com.br\/cases\/"},{"@type":"ListItem","position":3,"name":"Hotsite Mary Kay | Pink Diamonds"}]},{"@type":"WebSite","@id":"https:\/\/verocontents.com.br\/#website","url":"https:\/\/verocontents.com.br\/","name":"Contenidos Vero","description":"Agencia de Marketing Digital y Inbound Marketing","publisher":{"@id":"https:\/\/verocontents.com.br\/#organization"},"potentialAction":[{"@type":"SearchAction","target":{"@type":"EntryPoint","urlTemplate":"https:\/\/verocontents.com.br\/?s={search_term_string}"},"query-input":{"@type":"PropertyValueSpecification","valueRequired":true,"valueName":"search_term_string"}}],"inLanguage":"es"},{"@type":"Organization","@id":"https:\/\/verocontents.com.br\/#organization","name":"Contenidos Vero","url":"https:\/\/verocontents.com.br\/","logo":{"@type":"ImageObject","inLanguage":"es","@id":"https:\/\/verocontents.com.br\/#\/schema\/logo\/image\/","url":"http:\/\/verocontents.com.br\/wp-content\/uploads\/2017\/02\/logo-vero-contents.png","contentUrl":"http:\/\/verocontents.com.br\/wp-content\/uploads\/2017\/02\/logo-vero-contents.png","width":240,"height":70,"caption":"Vero Contents"},"image":{"@id":"https:\/\/verocontents.com.br\/#\/schema\/logo\/image\/"},"sameAs":["https:\/\/www.facebook.com\/verocontents\/","https:\/\/x.com\/marcelcast","https:\/\/www.instagram.com\/verocommkt\/","https:\/\/www.linkedin.com\/company\/vero-comunica-o-e-marketing","http:\/\/www.pinterest.com\/marcelcsouza","https:\/\/www.youtube.com\/channel\/UC0HHv6AQKtsUWqa21C5gX9Q"]}]}},"_links":{"self":[{"href":"https:\/\/verocontents.com.br\/es\/wp-json\/wp\/v2\/pages\/1722","targetHints":{"allow":["GET"]}}],"collection":[{"href":"https:\/\/verocontents.com.br\/es\/wp-json\/wp\/v2\/pages"}],"about":[{"href":"https:\/\/verocontents.com.br\/es\/wp-json\/wp\/v2\/types\/page"}],"author":[{"embeddable":true,"href":"https:\/\/verocontents.com.br\/es\/wp-json\/wp\/v2\/users\/1"}],"replies":[{"embeddable":true,"href":"https:\/\/verocontents.com.br\/es\/wp-json\/wp\/v2\/comments?post=1722"}],"version-history":[{"count":4,"href":"https:\/\/verocontents.com.br\/es\/wp-json\/wp\/v2\/pages\/1722\/revisions"}],"predecessor-version":[{"id":4815,"href":"https:\/\/verocontents.com.br\/es\/wp-json\/wp\/v2\/pages\/1722\/revisions\/4815"}],"up":[{"embeddable":true,"href":"https:\/\/verocontents.com.br\/es\/wp-json\/wp\/v2\/pages\/1959"}],"wp:attachment":[{"href":"https:\/\/verocontents.com.br\/es\/wp-json\/wp\/v2\/media?parent=1722"}],"curies":[{"name":"wp","href":"https:\/\/api.w.org\/{rel}","templated":true}]}}