{"id":162,"date":"2017-03-08T23:07:56","date_gmt":"2017-03-09T02:07:56","guid":{"rendered":"https:\/\/verocontents.com.br\/?page_id=162"},"modified":"2024-02-08T23:05:44","modified_gmt":"2024-02-09T02:05:44","slug":"trafico-pagado","status":"publish","type":"page","link":"https:\/\/verocontents.com.br\/es\/servicios\/trafico-pagado\/","title":{"rendered":"Tr\u00e1fico pagado"},"content":{"rendered":"<p><span style=\"font-size: large;\">Existen varias herramientas que se pueden utilizar para generar tr\u00e1fico pago o <a href=\"https:\/\/verocontents.com.br\/es\/blog\/los-medios-pagos-entienden-por-que-es-importante-invertir-2\/\">medios pagados<\/a>. Ya sean enlaces patrocinados, campa\u00f1as pagas en redes sociales, como Facebook Ads, Instagram Ads, LinkedIn Ads o Pinterest Ads, o incluso el uso de plataformas de medios program\u00e1ticos. La soluci\u00f3n para cada proyecto pasa por una planificaci\u00f3n precisa e individualizada.\u00a0<\/span><\/p>\n<p><span style=\"font-size: large;\">Planificar, Ejecutar, Optimizar y Analizar son las cuatro etapas de estas herramientas que funcionan con ajustes e investigaciones continuos.<\/span><\/p>\n<h4><span style=\"color: #ff9900;\"><strong><img decoding=\"async\" class=\"wp-image-2031 size-full alignleft\" src=\"http:\/\/verocontents.com.br\/wp-content\/uploads\/2019\/07\/links-patrocinados-planejar.png\" alt=\"Enlaces patrocinados - Plan - Vero Contenidos\" width=\"110\" height=\"110\" srcset=\"https:\/\/verocontents.com.br\/wp-content\/uploads\/2019\/07\/links-patrocinados-planejar.png 110w, https:\/\/verocontents.com.br\/wp-content\/uploads\/2019\/07\/links-patrocinados-planejar-45x45.png 45w, https:\/\/verocontents.com.br\/wp-content\/uploads\/2019\/07\/links-patrocinados-planejar-100x100.png 100w\" sizes=\"(max-width: 110px) 100vw, 110px\" \/><span style=\"color: #ff9900;\">planificar<\/span><\/strong><\/span><\/h4>\n<p><span style=\"font-size: large;\">La planificaci\u00f3n es la primera etapa de una excelente campa\u00f1a de tr\u00e1fico pago. Por ello, analizar la competencia, investigar el mercado y crear estrategias seg\u00fan el funnel de ventas, la etapa de compra del visitante y el servicio\/producto ofrecido son las primeras tareas de nuestro equipo.<\/span><\/p>\n<h4><span style=\"color: #ff9900;\"><strong><img decoding=\"async\" class=\"wp-image-2032 size-full alignright\" src=\"http:\/\/verocontents.com.br\/wp-content\/uploads\/2019\/07\/links-patrocinados-executar.png\" alt=\"Enlaces patrocinados - Ejecutar - Vero Contents\" width=\"110\" height=\"110\" srcset=\"https:\/\/verocontents.com.br\/wp-content\/uploads\/2019\/07\/links-patrocinados-executar.png 110w, https:\/\/verocontents.com.br\/wp-content\/uploads\/2019\/07\/links-patrocinados-executar-45x45.png 45w, https:\/\/verocontents.com.br\/wp-content\/uploads\/2019\/07\/links-patrocinados-executar-100x100.png 100w\" sizes=\"(max-width: 110px) 100vw, 110px\" \/><span style=\"color: #ff9900;\">Ejecutar<\/span><\/strong><\/span><\/h4>\n<p><span style=\"font-size: large;\">Uno de los secretos para crear una campa\u00f1a de tr\u00e1fico pago exitosa es buscar las palabras clave correctamente. De esta manera, el <em>palabras clave<\/em> deben ser relevantes para el negocio del cliente o, en caso contrario, deben ser negativos. Por lo tanto, la intersecci\u00f3n de estas palabras con la redacci\u00f3n de anuncios y la ingenier\u00eda de sitios web es la combinaci\u00f3n perfecta para el \u00e9xito. Todav\u00eda tenemos banners para la red de display y campa\u00f1as de remarketing. Hablamos s\u00f3lo de enlaces patrocinados, pero la ejecuci\u00f3n de campa\u00f1as en redes sociales implica una segmentaci\u00f3n exacta, con el objetivo de llegar al cliente. Tambi\u00e9n hay cuidado en la realizaci\u00f3n de pruebas A\/B para encontrar siempre el mejor anuncio.<\/span><\/p>\n<h4><span style=\"color: #ff9900;\"><strong><img decoding=\"async\" class=\"wp-image-2033 size-full alignleft\" src=\"http:\/\/verocontents.com.br\/wp-content\/uploads\/2019\/07\/links-patrocinados-otimizar.png\" alt=\"Enlaces patrocinados - Optimizar - Vero Contents\" width=\"110\" height=\"110\" srcset=\"https:\/\/verocontents.com.br\/wp-content\/uploads\/2019\/07\/links-patrocinados-otimizar.png 110w, https:\/\/verocontents.com.br\/wp-content\/uploads\/2019\/07\/links-patrocinados-otimizar-45x45.png 45w, https:\/\/verocontents.com.br\/wp-content\/uploads\/2019\/07\/links-patrocinados-otimizar-100x100.png 100w\" sizes=\"(max-width: 110px) 100vw, 110px\" \/><span style=\"color: #ff9900;\">Optimizar<\/span><\/strong><\/span><\/h4>\n<p><span style=\"font-size: large;\">Otro secreto de una campa\u00f1a de tr\u00e1fico pago es la optimizaci\u00f3n. Por lo tanto, realizar ajustes finos constantes para que la campa\u00f1a alcance el objetivo es una tarea de nuestro equipo. El an\u00e1lisis de panel diario, las pruebas continuas, el an\u00e1lisis del retorno de la inversi\u00f3n (ROI) y los informes de rendimiento garantizar\u00e1n los ajustes necesarios.<\/span><\/p>\n<h4><span style=\"color: #ff9900;\"><strong><img loading=\"lazy\" decoding=\"async\" class=\"wp-image-2034 size-full alignright\" src=\"http:\/\/verocontents.com.br\/wp-content\/uploads\/2019\/07\/links-patrocinados-analisar.png\" alt=\"Enlaces patrocinados - Analizar - Vero Contents\" width=\"110\" height=\"110\" srcset=\"https:\/\/verocontents.com.br\/wp-content\/uploads\/2019\/07\/links-patrocinados-analisar.png 110w, https:\/\/verocontents.com.br\/wp-content\/uploads\/2019\/07\/links-patrocinados-analisar-45x45.png 45w, https:\/\/verocontents.com.br\/wp-content\/uploads\/2019\/07\/links-patrocinados-analisar-100x100.png 100w\" sizes=\"(max-width: 110px) 100vw, 110px\" \/><span style=\"color: #ff9900;\">Analizar<\/span><\/strong><\/span><\/h4>\n<p><span style=\"font-size: large;\">La fase de optimizaci\u00f3n ya requiere del an\u00e1lisis por parte de nuestros analistas. A\u00fan as\u00ed, despu\u00e9s de cada mes de campa\u00f1a, nuestro equipo se re\u00fane para analizar lo ocurrido en el mes anterior. Por lo tanto, es posible que sea necesario realizar m\u00e1s ajustes para garantizar que la campa\u00f1a siga siendo 100%.<\/span><\/p>\n<p><span style=\"font-size: large;\">Adem\u00e1s, dado que el marketing digital siempre evoluciona, nuestro equipo busca constantemente nuevas herramientas y soluciones para obtener resultados expresivos y r\u00e1pidos. <\/span><\/p>\n<h4><span style=\"color: #ff9900;\">\u00bfQuieres solucionar tu marketing digital? \u00a1Rellena el formulario y habla con nosotros!<\/span><\/h4>\n\n<div class=\"wpcf7 no-js\" id=\"wpcf7-f708-o1\" lang=\"pt-BR\" dir=\"ltr\" data-wpcf7-id=\"708\">\n<div class=\"screen-reader-response\"><p role=\"status\" aria-live=\"polite\" aria-atomic=\"true\"><\/p> <ul><\/ul><\/div>\n<form action=\"\/es\/wp-json\/wp\/v2\/pages\/162#wpcf7-f708-o1\" method=\"post\" class=\"wpcf7-form init\" aria-label=\"Formularios de contacto\" novalidate=\"novalidate\" data-status=\"init\" data-trp-original-action=\"\/es\/wp-json\/wp\/v2\/pages\/162#wpcf7-f708-o1\">\n<fieldset class=\"hidden-fields-container\"><input type=\"hidden\" name=\"_wpcf7\" value=\"708\" \/><input type=\"hidden\" name=\"_wpcf7_version\" value=\"6.1.5\" \/><input type=\"hidden\" name=\"_wpcf7_locale\" value=\"pt_BR\" \/><input type=\"hidden\" name=\"_wpcf7_unit_tag\" value=\"wpcf7-f708-o1\" \/><input type=\"hidden\" name=\"_wpcf7_container_post\" value=\"0\" \/><input type=\"hidden\" name=\"_wpcf7_posted_data_hash\" value=\"\" \/>\n<\/fieldset>\n<p><label> Tu nombre (requerido)<br \/>\n<span class=\"wpcf7-form-control-wrap\" data-name=\"seu-nome\"><input size=\"40\" maxlength=\"400\" class=\"wpcf7-form-control wpcf7-text wpcf7-validates-as-required\" aria-required=\"true\" aria-invalid=\"false\" value=\"\" type=\"text\" name=\"seu-nome\" \/><\/span> <\/label>\n<\/p>\n<p><label> Tu Email (requerido)<br \/>\n<span class=\"wpcf7-form-control-wrap\" data-name=\"seu-email\"><input size=\"40\" maxlength=\"400\" class=\"wpcf7-form-control wpcf7-email wpcf7-validates-as-required wpcf7-text wpcf7-validates-as-email\" aria-required=\"true\" aria-invalid=\"false\" value=\"\" type=\"email\" name=\"seu-email\" \/><\/span> <\/label>\n<\/p>\n<p><label> Tel\u00e9fono<br \/>\n<span class=\"wpcf7-form-control-wrap\" data-name=\"tel\"><input size=\"40\" maxlength=\"400\" class=\"wpcf7-form-control wpcf7-tel wpcf7-validates-as-required wpcf7-text wpcf7-validates-as-tel\" aria-required=\"true\" aria-invalid=\"false\" value=\"\" type=\"tel\" name=\"tel\" \/><\/span> <\/label>\n<\/p>\n<p><label> Mensaje<br \/>\n<span class=\"wpcf7-form-control-wrap\" data-name=\"mensagem\"><textarea cols=\"40\" rows=\"10\" maxlength=\"2000\" class=\"wpcf7-form-control wpcf7-textarea\" aria-invalid=\"false\" name=\"mensagem\"><\/textarea><\/span> <\/label>\n<\/p>\n<p><input class=\"wpcf7-form-control wpcf7-submit has-spinner\" type=\"submit\" value=\"Mandar\" \/>\n<\/p>\n<p><div id=\"cf7sr-69d6e98652837\" class=\"cf7sr-g-recaptcha\" data-theme=\"light\" data-type=\"image\" data-size=\"normal\" data-sitekey=\"6LceHTkUAAAAAE1vbi1ElOgB69UfBH8GnGFuDdf4\"><\/div><span class=\"wpcf7-form-control-wrap cf7sr-recaptcha\" data-name=\"cf7sr-recaptcha\"><input type=\"hidden\" name=\"cf7sr-recaptcha\" value=\"\" class=\"wpcf7-form-control\"><\/span>\n<\/p><div class=\"wpcf7-response-output\" aria-hidden=\"true\"><\/div>\n<input type=\"hidden\" name=\"trp-form-language\" value=\"es\"\/><\/form>\n<\/div>","protected":false},"excerpt":{"rendered":"<p>Existen varias herramientas que pueden utilizarse para generar tr\u00e1fico o medios de pago. Ya sean enlaces patrocinados, campa\u00f1as de pago en redes sociales, como anuncios de Facebook, Instagram, LinkedIn o Pinterest, o incluso el uso de...<\/p>","protected":false},"author":1,"featured_media":2077,"parent":4398,"menu_order":0,"comment_status":"closed","ping_status":"closed","template":"","meta":{"_monsterinsights_skip_tracking":false,"_monsterinsights_sitenote_active":false,"_monsterinsights_sitenote_note":"","_monsterinsights_sitenote_category":0,"footnotes":""},"class_list":["post-162","page","type-page","status-publish","has-post-thumbnail","hentry"],"yoast_head":"<!-- This site is optimized with the Yoast SEO Premium plugin v26.9 (Yoast SEO v27.0) - https:\/\/yoast.com\/product\/yoast-seo-premium-wordpress\/ -->\n<title>Links patrocinados \u2022 Google Adwords - Vero Contents<\/title>\n<meta name=\"description\" content=\"O ponto de partida na internet s\u00e3o as ferramentas de busca. Os links patrocinados em redes como Google, Yahoo e Bing s\u00e3o especialidade na Vero Contents.\" \/>\n<meta name=\"robots\" content=\"index, follow, max-snippet:-1, max-image-preview:large, max-video-preview:-1\" \/>\n<link rel=\"canonical\" href=\"https:\/\/verocontents.com.br\/es\/servicios\/trafico-pagado\/\" \/>\n<meta property=\"og:locale\" content=\"es_MX\" \/>\n<meta property=\"og:type\" content=\"article\" \/>\n<meta property=\"og:title\" content=\"Tr\u00e1fego Pago\" \/>\n<meta property=\"og:description\" content=\"O ponto de partida na internet s\u00e3o as ferramentas de busca. Os links patrocinados em redes como Google, Yahoo e Bing s\u00e3o especialidade na Vero Contents.\" \/>\n<meta property=\"og:url\" content=\"https:\/\/verocontents.com.br\/es\/servicios\/trafico-pagado\/\" \/>\n<meta property=\"og:site_name\" content=\"Vero Contents\" \/>\n<meta property=\"article:publisher\" content=\"https:\/\/www.facebook.com\/verocontents\/\" \/>\n<meta property=\"article:modified_time\" content=\"2024-02-09T02:05:44+00:00\" \/>\n<meta property=\"og:image\" content=\"https:\/\/verocontents.com.br\/wp-content\/uploads\/2019\/07\/carrossel-home-adwords.png\" \/>\n\t<meta property=\"og:image:width\" content=\"120\" \/>\n\t<meta property=\"og:image:height\" content=\"120\" \/>\n\t<meta property=\"og:image:type\" content=\"image\/png\" \/>\n<meta name=\"twitter:card\" content=\"summary_large_image\" \/>\n<meta name=\"twitter:site\" content=\"@marcelcast\" \/>\n<meta name=\"twitter:label1\" content=\"Tiempo de lectura\" \/>\n\t<meta name=\"twitter:data1\" content=\"4 minutos\" \/>\n<script type=\"application\/ld+json\" class=\"yoast-schema-graph\">{\"@context\":\"https:\/\/schema.org\",\"@graph\":[{\"@type\":\"WebPage\",\"@id\":\"https:\/\/verocontents.com.br\/en\/services\/paid-traffic\/\",\"url\":\"https:\/\/verocontents.com.br\/en\/services\/paid-traffic\/\",\"name\":\"Links patrocinados \u2022 Google Adwords - Vero Contents\",\"isPartOf\":{\"@id\":\"https:\/\/verocontents.com.br\/#website\"},\"primaryImageOfPage\":{\"@id\":\"https:\/\/verocontents.com.br\/en\/services\/paid-traffic\/#primaryimage\"},\"image\":{\"@id\":\"https:\/\/verocontents.com.br\/en\/services\/paid-traffic\/#primaryimage\"},\"thumbnailUrl\":\"https:\/\/verocontents.com.br\/wp-content\/uploads\/2019\/07\/carrossel-home-adwords.png\",\"datePublished\":\"2017-03-09T02:07:56+00:00\",\"dateModified\":\"2024-02-09T02:05:44+00:00\",\"description\":\"O ponto de partida na internet s\u00e3o as ferramentas de busca. Os links patrocinados em redes como Google, Yahoo e Bing s\u00e3o especialidade na Vero Contents.\",\"breadcrumb\":{\"@id\":\"https:\/\/verocontents.com.br\/en\/services\/paid-traffic\/#breadcrumb\"},\"inLanguage\":\"es\",\"potentialAction\":[{\"@type\":\"ReadAction\",\"target\":[\"https:\/\/verocontents.com.br\/en\/services\/paid-traffic\/\"]}]},{\"@type\":\"ImageObject\",\"inLanguage\":\"es\",\"@id\":\"https:\/\/verocontents.com.br\/en\/services\/paid-traffic\/#primaryimage\",\"url\":\"https:\/\/verocontents.com.br\/wp-content\/uploads\/2019\/07\/carrossel-home-adwords.png\",\"contentUrl\":\"https:\/\/verocontents.com.br\/wp-content\/uploads\/2019\/07\/carrossel-home-adwords.png\",\"width\":120,\"height\":120,\"caption\":\"Google Adwords e Links Patrocinados\"},{\"@type\":\"BreadcrumbList\",\"@id\":\"https:\/\/verocontents.com.br\/en\/services\/paid-traffic\/#breadcrumb\",\"itemListElement\":[{\"@type\":\"ListItem\",\"position\":1,\"name\":\"Home\",\"item\":\"https:\/\/verocontents.com.br\/\"},{\"@type\":\"ListItem\",\"position\":2,\"name\":\"Servi\u00e7os\",\"item\":\"https:\/\/verocontents.com.br\/servicos\/\"},{\"@type\":\"ListItem\",\"position\":3,\"name\":\"Tr\u00e1fego Pago\"}]},{\"@type\":\"WebSite\",\"@id\":\"https:\/\/verocontents.com.br\/#website\",\"url\":\"https:\/\/verocontents.com.br\/\",\"name\":\"Vero Contents\",\"description\":\"Ag\u00eancia de Marketing Digital e Inbound Marketing\",\"publisher\":{\"@id\":\"https:\/\/verocontents.com.br\/#organization\"},\"potentialAction\":[{\"@type\":\"SearchAction\",\"target\":{\"@type\":\"EntryPoint\",\"urlTemplate\":\"https:\/\/verocontents.com.br\/?s={search_term_string}\"},\"query-input\":{\"@type\":\"PropertyValueSpecification\",\"valueRequired\":true,\"valueName\":\"search_term_string\"}}],\"inLanguage\":\"es\"},{\"@type\":\"Organization\",\"@id\":\"https:\/\/verocontents.com.br\/#organization\",\"name\":\"Vero Contents\",\"url\":\"https:\/\/verocontents.com.br\/\",\"logo\":{\"@type\":\"ImageObject\",\"inLanguage\":\"es\",\"@id\":\"https:\/\/verocontents.com.br\/#\/schema\/logo\/image\/\",\"url\":\"http:\/\/verocontents.com.br\/wp-content\/uploads\/2017\/02\/logo-vero-contents.png\",\"contentUrl\":\"http:\/\/verocontents.com.br\/wp-content\/uploads\/2017\/02\/logo-vero-contents.png\",\"width\":240,\"height\":70,\"caption\":\"Vero Contents\"},\"image\":{\"@id\":\"https:\/\/verocontents.com.br\/#\/schema\/logo\/image\/\"},\"sameAs\":[\"https:\/\/www.facebook.com\/verocontents\/\",\"https:\/\/x.com\/marcelcast\",\"https:\/\/www.instagram.com\/verocommkt\/\",\"https:\/\/www.linkedin.com\/company\/vero-comunica-o-e-marketing\",\"http:\/\/www.pinterest.com\/marcelcsouza\",\"https:\/\/www.youtube.com\/channel\/UC0HHv6AQKtsUWqa21C5gX9Q\"]}]}<\/script>\n<!-- \/ Yoast SEO Premium plugin. -->","yoast_head_json":{"title":"Enlaces patrocinados \u2022 Google Adwords - Vero Contenidos","description":"El punto de partida en Internet son las herramientas de b\u00fasqueda. Los enlaces patrocinados en redes como Google, Yahoo y Bing son una especialidad de Vero Contents.","robots":{"index":"index","follow":"follow","max-snippet":"max-snippet:-1","max-image-preview":"max-image-preview:large","max-video-preview":"max-video-preview:-1"},"canonical":"https:\/\/verocontents.com.br\/es\/servicios\/trafico-pagado\/","og_locale":"es_MX","og_type":"article","og_title":"Tr\u00e1fego Pago","og_description":"O ponto de partida na internet s\u00e3o as ferramentas de busca. Os links patrocinados em redes como Google, Yahoo e Bing s\u00e3o especialidade na Vero Contents.","og_url":"https:\/\/verocontents.com.br\/es\/servicios\/trafico-pagado\/","og_site_name":"Vero Contents","article_publisher":"https:\/\/www.facebook.com\/verocontents\/","article_modified_time":"2024-02-09T02:05:44+00:00","og_image":[{"width":120,"height":120,"url":"https:\/\/verocontents.com.br\/wp-content\/uploads\/2019\/07\/carrossel-home-adwords.png","type":"image\/png"}],"twitter_card":"summary_large_image","twitter_site":"@marcelcast","twitter_misc":{"Tiempo de lectura":"4 minutos"},"schema":{"@context":"https:\/\/schema.org","@graph":[{"@type":"WebPage","@id":"https:\/\/verocontents.com.br\/en\/services\/paid-traffic\/","url":"https:\/\/verocontents.com.br\/en\/services\/paid-traffic\/","name":"Enlaces patrocinados \u2022 Google Adwords - Vero Contenidos","isPartOf":{"@id":"https:\/\/verocontents.com.br\/#website"},"primaryImageOfPage":{"@id":"https:\/\/verocontents.com.br\/en\/services\/paid-traffic\/#primaryimage"},"image":{"@id":"https:\/\/verocontents.com.br\/en\/services\/paid-traffic\/#primaryimage"},"thumbnailUrl":"https:\/\/verocontents.com.br\/wp-content\/uploads\/2019\/07\/carrossel-home-adwords.png","datePublished":"2017-03-09T02:07:56+00:00","dateModified":"2024-02-09T02:05:44+00:00","description":"El punto de partida en Internet son las herramientas de b\u00fasqueda. Los enlaces patrocinados en redes como Google, Yahoo y Bing son una especialidad de Vero Contents.","breadcrumb":{"@id":"https:\/\/verocontents.com.br\/en\/services\/paid-traffic\/#breadcrumb"},"inLanguage":"es","potentialAction":[{"@type":"ReadAction","target":["https:\/\/verocontents.com.br\/en\/services\/paid-traffic\/"]}]},{"@type":"ImageObject","inLanguage":"es","@id":"https:\/\/verocontents.com.br\/en\/services\/paid-traffic\/#primaryimage","url":"https:\/\/verocontents.com.br\/wp-content\/uploads\/2019\/07\/carrossel-home-adwords.png","contentUrl":"https:\/\/verocontents.com.br\/wp-content\/uploads\/2019\/07\/carrossel-home-adwords.png","width":120,"height":120,"caption":"Google Adwords e Links Patrocinados"},{"@type":"BreadcrumbList","@id":"https:\/\/verocontents.com.br\/en\/services\/paid-traffic\/#breadcrumb","itemListElement":[{"@type":"ListItem","position":1,"name":"Home","item":"https:\/\/verocontents.com.br\/"},{"@type":"ListItem","position":2,"name":"Servi\u00e7os","item":"https:\/\/verocontents.com.br\/servicos\/"},{"@type":"ListItem","position":3,"name":"Tr\u00e1fego Pago"}]},{"@type":"WebSite","@id":"https:\/\/verocontents.com.br\/#website","url":"https:\/\/verocontents.com.br\/","name":"Contenidos Vero","description":"Agencia de Marketing Digital y Inbound Marketing","publisher":{"@id":"https:\/\/verocontents.com.br\/#organization"},"potentialAction":[{"@type":"SearchAction","target":{"@type":"EntryPoint","urlTemplate":"https:\/\/verocontents.com.br\/?s={search_term_string}"},"query-input":{"@type":"PropertyValueSpecification","valueRequired":true,"valueName":"search_term_string"}}],"inLanguage":"es"},{"@type":"Organization","@id":"https:\/\/verocontents.com.br\/#organization","name":"Contenidos Vero","url":"https:\/\/verocontents.com.br\/","logo":{"@type":"ImageObject","inLanguage":"es","@id":"https:\/\/verocontents.com.br\/#\/schema\/logo\/image\/","url":"http:\/\/verocontents.com.br\/wp-content\/uploads\/2017\/02\/logo-vero-contents.png","contentUrl":"http:\/\/verocontents.com.br\/wp-content\/uploads\/2017\/02\/logo-vero-contents.png","width":240,"height":70,"caption":"Vero Contents"},"image":{"@id":"https:\/\/verocontents.com.br\/#\/schema\/logo\/image\/"},"sameAs":["https:\/\/www.facebook.com\/verocontents\/","https:\/\/x.com\/marcelcast","https:\/\/www.instagram.com\/verocommkt\/","https:\/\/www.linkedin.com\/company\/vero-comunica-o-e-marketing","http:\/\/www.pinterest.com\/marcelcsouza","https:\/\/www.youtube.com\/channel\/UC0HHv6AQKtsUWqa21C5gX9Q"]}]}},"_links":{"self":[{"href":"https:\/\/verocontents.com.br\/es\/wp-json\/wp\/v2\/pages\/162","targetHints":{"allow":["GET"]}}],"collection":[{"href":"https:\/\/verocontents.com.br\/es\/wp-json\/wp\/v2\/pages"}],"about":[{"href":"https:\/\/verocontents.com.br\/es\/wp-json\/wp\/v2\/types\/page"}],"author":[{"embeddable":true,"href":"https:\/\/verocontents.com.br\/es\/wp-json\/wp\/v2\/users\/1"}],"replies":[{"embeddable":true,"href":"https:\/\/verocontents.com.br\/es\/wp-json\/wp\/v2\/comments?post=162"}],"version-history":[{"count":2,"href":"https:\/\/verocontents.com.br\/es\/wp-json\/wp\/v2\/pages\/162\/revisions"}],"predecessor-version":[{"id":4397,"href":"https:\/\/verocontents.com.br\/es\/wp-json\/wp\/v2\/pages\/162\/revisions\/4397"}],"up":[{"embeddable":true,"href":"https:\/\/verocontents.com.br\/es\/wp-json\/wp\/v2\/pages\/4398"}],"wp:featuredmedia":[{"embeddable":true,"href":"https:\/\/verocontents.com.br\/es\/wp-json\/wp\/v2\/media\/2077"}],"wp:attachment":[{"href":"https:\/\/verocontents.com.br\/es\/wp-json\/wp\/v2\/media?parent=162"}],"curies":[{"name":"wp","href":"https:\/\/api.w.org\/{rel}","templated":true}]}}