{"id":1460,"date":"2018-05-03T17:51:57","date_gmt":"2018-05-03T20:51:57","guid":{"rendered":"https:\/\/verocontents.com.br\/?page_id=1460"},"modified":"2025-01-29T21:32:19","modified_gmt":"2025-01-30T00:32:19","slug":"sobre-contenidos-vero","status":"publish","type":"page","link":"https:\/\/verocontents.com.br\/es\/sobre-contenidos-vero\/","title":{"rendered":"Acerca de los contenidos de Vero"},"content":{"rendered":"<h2><span style=\"color: #ff6600;\">En Vero Contents, el marketing digital se trata de resultados<\/span><\/h2>\n<p>Vero Contents es una agencia de marketing digital nacida de Vero Comunica\u00e7\u00e3o e Marketing (actualmente VeroCom), fundada en 1997. Respaldada por casi 30 a\u00f1os de experiencia en el \u00e1rea de marketing y comunicaci\u00f3n, se convirti\u00f3 en una agencia con foco 100% en el mundo digital, especializ\u00e1ndose en <em>mercadotecnia interna<\/em> y generaci\u00f3n de contenidos.<\/p>\n<p>Apostando por grandes alianzas, como RD Station y Google, entendiendo desde el principio que el mercado digital necesitaba entregar cada vez m\u00e1s resultados, Vero Contents surgi\u00f3 con la misi\u00f3n de ayudar a las empresas y emprendedores a conquistar su espacio definitivo en el mundo digital.<\/p>\n<h2><span style=\"color: #ff6600;\">Servicios<\/span><\/h2>\n<p>Planificar, ejecutar, evaluar y evolucionar, utilizando las herramientas y medios online disponibles de la mejor manera para que el cliente pueda alcanzar los mejores resultados. Y m\u00e1s: con integraci\u00f3n de medios online y offline.<\/p>\n<p>Esto es m\u00e1s que un objetivo, es la raz\u00f3n de ser de Vero. De esa forma, <a href=\"https:\/\/verocontents.com.br\/es\/servicios\/mercadotecnia-interna\/\" target=\"_blank\" rel=\"noopener noreferrer\">Inbound Marketing<\/a>, <a href=\"https:\/\/verocontents.com.br\/es\/servicios\/trafico-pagado\/\" target=\"_blank\" rel=\"noopener noreferrer\">Tr\u00e1fico pagado<\/a>, <a href=\"https:\/\/verocontents.com.br\/es\/servicios\/redes-sociales\/\" target=\"_blank\" rel=\"noopener noreferrer\">Redes Sociales<\/a>, <a href=\"https:\/\/verocontents.com.br\/es\/servicios\/diseno-y-tecnologia\/\" target=\"_blank\" rel=\"noopener noreferrer\">Dise\u00f1o y tecnolog\u00eda<\/a>, <a href=\"https:\/\/verocontents.com.br\/es\/servicios\/optimizacion-de-motores-de-busqueda\/\" target=\"_blank\" rel=\"noopener noreferrer\">SEO<\/a> e <a href=\"https:\/\/verocontents.com.br\/es\/servicios\/tiendas-virtuales\/\">Tiendas virtuales<\/a> Trabajan juntos o por separado, seg\u00fan las necesidades del cliente.<\/p>\n<p>Navegue por nuestro sitio web y visite nuestro <a href=\"https:\/\/verocontents.com.br\/es\/blog\/\" target=\"_blank\" rel=\"noopener noreferrer\">Blog<\/a>, donde estar\u00e1n disponibles diversos contenidos de marketing digital y emprendimiento. Y si quieres disfruta y <a href=\"https:\/\/verocontents.com.br\/es\/materiales-gratis-vero-contenidos\/\" target=\"_blank\" rel=\"noopener noreferrer\">descargar material gratis<\/a> sobre los m\u00e1s variados temas del mundo digital.<\/p>\n<p>\u00bfQuieres ir directo al grano? <a href=\"https:\/\/verocontents.com\/fale-com-um-especialista\">Habla con un experto en Vero Contents<\/a>!<\/p>","protected":false},"excerpt":{"rendered":"<p>En Vero Contents, el marketing digital est\u00e1 orientado a los resultados Vero Contents es una agencia de marketing digital nacida de Vero Comunica\u00e7\u00e3o e Marketing (actualmente VeroCom), fundada en 1997. Respaldada por casi 30 a\u00f1os de experiencia en el \u00e1rea de<\/p>","protected":false},"author":1,"featured_media":0,"parent":0,"menu_order":0,"comment_status":"closed","ping_status":"closed","template":"","meta":{"_monsterinsights_skip_tracking":false,"_monsterinsights_sitenote_active":false,"_monsterinsights_sitenote_note":"","_monsterinsights_sitenote_category":0,"footnotes":""},"class_list":["post-1460","page","type-page","status-publish","hentry"],"yoast_head":"<!-- This site is optimized with the Yoast SEO Premium plugin v26.9 (Yoast SEO v27.0) - https:\/\/yoast.com\/product\/yoast-seo-premium-wordpress\/ -->\n<title>Sobre a Vero Contents | Marketing Digital | Inbound Marketing<\/title>\n<meta name=\"description\" content=\"Com respaldo de mais de 20 anos de experi\u00eancia, a Vero Contents foi fundada em 2016 com foco em inbound marketing e gera\u00e7\u00e3o de conte\u00fado.\" \/>\n<meta name=\"robots\" content=\"index, follow, max-snippet:-1, max-image-preview:large, max-video-preview:-1\" \/>\n<link rel=\"canonical\" href=\"https:\/\/verocontents.com.br\/es\/sobre-contenidos-vero\/\" \/>\n<meta property=\"og:locale\" content=\"es_MX\" \/>\n<meta property=\"og:type\" content=\"article\" \/>\n<meta property=\"og:title\" content=\"Sobre a Vero Contents\" \/>\n<meta property=\"og:description\" content=\"Com respaldo de mais de 20 anos de experi\u00eancia, a Vero Contents foi fundada em 2016 com foco em inbound marketing e gera\u00e7\u00e3o de conte\u00fado.\" \/>\n<meta property=\"og:url\" content=\"https:\/\/verocontents.com.br\/es\/sobre-contenidos-vero\/\" \/>\n<meta property=\"og:site_name\" content=\"Vero Contents\" \/>\n<meta property=\"article:publisher\" content=\"https:\/\/www.facebook.com\/verocontents\/\" \/>\n<meta property=\"article:modified_time\" content=\"2025-01-30T00:32:19+00:00\" \/>\n<meta name=\"twitter:card\" content=\"summary_large_image\" \/>\n<meta name=\"twitter:site\" content=\"@marcelcast\" \/>\n<meta name=\"twitter:label1\" content=\"Tiempo de lectura\" \/>\n\t<meta name=\"twitter:data1\" content=\"2 minutos\" \/>\n<script type=\"application\/ld+json\" class=\"yoast-schema-graph\">{\"@context\":\"https:\/\/schema.org\",\"@graph\":[{\"@type\":\"WebPage\",\"@id\":\"https:\/\/verocontents.com.br\/sobre-a-vero-contents\/\",\"url\":\"https:\/\/verocontents.com.br\/sobre-a-vero-contents\/\",\"name\":\"Sobre a Vero Contents | Marketing Digital | Inbound Marketing\",\"isPartOf\":{\"@id\":\"https:\/\/verocontents.com.br\/#website\"},\"datePublished\":\"2018-05-03T20:51:57+00:00\",\"dateModified\":\"2025-01-30T00:32:19+00:00\",\"description\":\"Com respaldo de mais de 20 anos de experi\u00eancia, a Vero Contents foi fundada em 2016 com foco em inbound marketing e gera\u00e7\u00e3o de conte\u00fado.\",\"breadcrumb\":{\"@id\":\"https:\/\/verocontents.com.br\/sobre-a-vero-contents\/#breadcrumb\"},\"inLanguage\":\"es\",\"potentialAction\":[{\"@type\":\"ReadAction\",\"target\":[\"https:\/\/verocontents.com.br\/sobre-a-vero-contents\/\"]}]},{\"@type\":\"BreadcrumbList\",\"@id\":\"https:\/\/verocontents.com.br\/sobre-a-vero-contents\/#breadcrumb\",\"itemListElement\":[{\"@type\":\"ListItem\",\"position\":1,\"name\":\"Home\",\"item\":\"https:\/\/verocontents.com.br\/\"},{\"@type\":\"ListItem\",\"position\":2,\"name\":\"Sobre a Vero Contents\"}]},{\"@type\":\"WebSite\",\"@id\":\"https:\/\/verocontents.com.br\/#website\",\"url\":\"https:\/\/verocontents.com.br\/\",\"name\":\"Vero Contents\",\"description\":\"Ag\u00eancia de Marketing Digital e Inbound Marketing\",\"publisher\":{\"@id\":\"https:\/\/verocontents.com.br\/#organization\"},\"potentialAction\":[{\"@type\":\"SearchAction\",\"target\":{\"@type\":\"EntryPoint\",\"urlTemplate\":\"https:\/\/verocontents.com.br\/?s={search_term_string}\"},\"query-input\":{\"@type\":\"PropertyValueSpecification\",\"valueRequired\":true,\"valueName\":\"search_term_string\"}}],\"inLanguage\":\"es\"},{\"@type\":\"Organization\",\"@id\":\"https:\/\/verocontents.com.br\/#organization\",\"name\":\"Vero Contents\",\"url\":\"https:\/\/verocontents.com.br\/\",\"logo\":{\"@type\":\"ImageObject\",\"inLanguage\":\"es\",\"@id\":\"https:\/\/verocontents.com.br\/#\/schema\/logo\/image\/\",\"url\":\"http:\/\/verocontents.com.br\/wp-content\/uploads\/2017\/02\/logo-vero-contents.png\",\"contentUrl\":\"http:\/\/verocontents.com.br\/wp-content\/uploads\/2017\/02\/logo-vero-contents.png\",\"width\":240,\"height\":70,\"caption\":\"Vero Contents\"},\"image\":{\"@id\":\"https:\/\/verocontents.com.br\/#\/schema\/logo\/image\/\"},\"sameAs\":[\"https:\/\/www.facebook.com\/verocontents\/\",\"https:\/\/x.com\/marcelcast\",\"https:\/\/www.instagram.com\/verocommkt\/\",\"https:\/\/www.linkedin.com\/company\/vero-comunica-o-e-marketing\",\"http:\/\/www.pinterest.com\/marcelcsouza\",\"https:\/\/www.youtube.com\/channel\/UC0HHv6AQKtsUWqa21C5gX9Q\"]}]}<\/script>\n<!-- \/ Yoast SEO Premium plugin. -->","yoast_head_json":{"title":"Acerca de Vero Contenidos | M\u00e1rketing Digital | Mercadotecnia interna","description":"Respaldada por m\u00e1s de 20 a\u00f1os de experiencia, Vero Contents fue fundada en 2016 con un enfoque en inbound marketing y generaci\u00f3n de contenidos.","robots":{"index":"index","follow":"follow","max-snippet":"max-snippet:-1","max-image-preview":"max-image-preview:large","max-video-preview":"max-video-preview:-1"},"canonical":"https:\/\/verocontents.com.br\/es\/sobre-contenidos-vero\/","og_locale":"es_MX","og_type":"article","og_title":"Sobre a Vero Contents","og_description":"Com respaldo de mais de 20 anos de experi\u00eancia, a Vero Contents foi fundada em 2016 com foco em inbound marketing e gera\u00e7\u00e3o de conte\u00fado.","og_url":"https:\/\/verocontents.com.br\/es\/sobre-contenidos-vero\/","og_site_name":"Vero Contents","article_publisher":"https:\/\/www.facebook.com\/verocontents\/","article_modified_time":"2025-01-30T00:32:19+00:00","twitter_card":"summary_large_image","twitter_site":"@marcelcast","twitter_misc":{"Tiempo de lectura":"2 minutos"},"schema":{"@context":"https:\/\/schema.org","@graph":[{"@type":"WebPage","@id":"https:\/\/verocontents.com.br\/sobre-a-vero-contents\/","url":"https:\/\/verocontents.com.br\/sobre-a-vero-contents\/","name":"Acerca de Vero Contenidos | M\u00e1rketing Digital | Mercadotecnia interna","isPartOf":{"@id":"https:\/\/verocontents.com.br\/#website"},"datePublished":"2018-05-03T20:51:57+00:00","dateModified":"2025-01-30T00:32:19+00:00","description":"Respaldada por m\u00e1s de 20 a\u00f1os de experiencia, Vero Contents fue fundada en 2016 con un enfoque en inbound marketing y generaci\u00f3n de contenidos.","breadcrumb":{"@id":"https:\/\/verocontents.com.br\/sobre-a-vero-contents\/#breadcrumb"},"inLanguage":"es","potentialAction":[{"@type":"ReadAction","target":["https:\/\/verocontents.com.br\/sobre-a-vero-contents\/"]}]},{"@type":"BreadcrumbList","@id":"https:\/\/verocontents.com.br\/sobre-a-vero-contents\/#breadcrumb","itemListElement":[{"@type":"ListItem","position":1,"name":"Home","item":"https:\/\/verocontents.com.br\/"},{"@type":"ListItem","position":2,"name":"Sobre a Vero Contents"}]},{"@type":"WebSite","@id":"https:\/\/verocontents.com.br\/#website","url":"https:\/\/verocontents.com.br\/","name":"Contenidos Vero","description":"Agencia de Marketing Digital y Inbound Marketing","publisher":{"@id":"https:\/\/verocontents.com.br\/#organization"},"potentialAction":[{"@type":"SearchAction","target":{"@type":"EntryPoint","urlTemplate":"https:\/\/verocontents.com.br\/?s={search_term_string}"},"query-input":{"@type":"PropertyValueSpecification","valueRequired":true,"valueName":"search_term_string"}}],"inLanguage":"es"},{"@type":"Organization","@id":"https:\/\/verocontents.com.br\/#organization","name":"Contenidos Vero","url":"https:\/\/verocontents.com.br\/","logo":{"@type":"ImageObject","inLanguage":"es","@id":"https:\/\/verocontents.com.br\/#\/schema\/logo\/image\/","url":"http:\/\/verocontents.com.br\/wp-content\/uploads\/2017\/02\/logo-vero-contents.png","contentUrl":"http:\/\/verocontents.com.br\/wp-content\/uploads\/2017\/02\/logo-vero-contents.png","width":240,"height":70,"caption":"Vero Contents"},"image":{"@id":"https:\/\/verocontents.com.br\/#\/schema\/logo\/image\/"},"sameAs":["https:\/\/www.facebook.com\/verocontents\/","https:\/\/x.com\/marcelcast","https:\/\/www.instagram.com\/verocommkt\/","https:\/\/www.linkedin.com\/company\/vero-comunica-o-e-marketing","http:\/\/www.pinterest.com\/marcelcsouza","https:\/\/www.youtube.com\/channel\/UC0HHv6AQKtsUWqa21C5gX9Q"]}]}},"_links":{"self":[{"href":"https:\/\/verocontents.com.br\/es\/wp-json\/wp\/v2\/pages\/1460","targetHints":{"allow":["GET"]}}],"collection":[{"href":"https:\/\/verocontents.com.br\/es\/wp-json\/wp\/v2\/pages"}],"about":[{"href":"https:\/\/verocontents.com.br\/es\/wp-json\/wp\/v2\/types\/page"}],"author":[{"embeddable":true,"href":"https:\/\/verocontents.com.br\/es\/wp-json\/wp\/v2\/users\/1"}],"replies":[{"embeddable":true,"href":"https:\/\/verocontents.com.br\/es\/wp-json\/wp\/v2\/comments?post=1460"}],"version-history":[{"count":6,"href":"https:\/\/verocontents.com.br\/es\/wp-json\/wp\/v2\/pages\/1460\/revisions"}],"predecessor-version":[{"id":5308,"href":"https:\/\/verocontents.com.br\/es\/wp-json\/wp\/v2\/pages\/1460\/revisions\/5308"}],"wp:attachment":[{"href":"https:\/\/verocontents.com.br\/es\/wp-json\/wp\/v2\/media?parent=1460"}],"curies":[{"name":"wp","href":"https:\/\/api.w.org\/{rel}","templated":true}]}}