{"id":276,"date":"2017-03-23T22:38:30","date_gmt":"2017-03-24T01:38:30","guid":{"rendered":"https:\/\/verocontents.com.br\/?page_id=276"},"modified":"2024-11-15T11:17:29","modified_gmt":"2024-11-15T14:17:29","slug":"privacy-policies","status":"publish","type":"page","link":"https:\/\/verocontents.com.br\/en\/privacy-policies\/","title":{"rendered":"Privacy Policies"},"content":{"rendered":"<p>Vero Contents has established privacy policies with the aim of respecting your privacy and reserving the right to confidentiality of each user&#039;s identity. Therefore, any questions regarding our Privacy and Data Security Policies can be clarified by contacting us:<\/p>\n<p>Sending an email to <a href=\"mailto:vero@verocontents.com.br\">vero@verocontents.com.br<\/a>;<br \/>\nGet in touch via WhatsApp \u2013 (11) 5180-7000.<br \/>\nBy postal address: Av. Nossa Sra. Sabar\u00e1, 507 91B, Sao Paulo, 04685-001, Brazil.<\/p>\n<h4><span style=\"color: #ff9900;\"><strong>1. CONDITIONS<\/strong><\/span><\/h4>\n<p>The website&#039;s Privacy and Data Security Policies <a href=\"https:\/\/verocontents.com.br\/en\/\">www.verocontents.com.br<\/a> contains guidelines and information on how Vero Contents treats and protects information collected through its website and social media. As such, it will be governed by the following conditions:<\/p>\n<p>1.1. All people who access the website in some way are classified as \u201cusers\u201d. <a href=\"https:\/\/verocontents.com.br\/en\/\">www.verocontents.com.br<\/a> and your social media, customers or not.<\/p>\n<p>1.2. Individual identification is understood to be any information that is not available to the general public and that, if disclosed, could cause some type of moral embarrassment, damage or harm to the individual. Therefore, examples of individual identification data include contact details and residence details.<\/p>\n<p>1.3. Cryptography is the name given to the process of encoding information, in which such information is encoded (scrambled) at the source and decoded at the destination, thus making it difficult for information traveling on the internet to be deciphered.<\/p>\n<p>1.4. <em>cookie<\/em> is a text file sent by the Vero Contents server to the Internet user&#039;s computer, with the purpose of identifying the computer, personalizing the Internet user&#039;s access and obtaining access data, such as pages browsed or links clicked. Thus, a <em>cookie<\/em> is assigned individually to each computer, and cannot be used to run programs or infect computers with viruses, and can only be read by the server that sent it.<\/p>\n<h4><span style=\"color: #ff9900;\"><strong>2. OBLIGATIONS<\/strong><\/span><\/h4>\n<p>Vero Contents is committed to:<\/p>\n<p>2.1. Collect on your website only individually identifiable information necessary to provide products and\/or services requested by your customers.<\/p>\n<p>2.2. Use <em>Cookies<\/em> to control the audience and navigation on your website.<\/p>\n<p>2.3. Strictly comply with all provisions of the Privacy and Data Security Policies.<\/p>\n<h4><span style=\"color: #ff9900;\"><strong>3. USE OF INFORMATION<\/strong><\/span><\/h4>\n<p>The information captured through the <a href=\"https:\/\/verocontents.com.br\/en\/\">www.verocontents.com.br<\/a> and its social media are used by Vero Contents for the purpose of:<\/p>\n<p>3.1. Enable the provision of information about products or services requested on the website.<\/p>\n<p>3.2. Identify the profile, desires or needs of users, in order to improve the products and\/or services offered by the company.<\/p>\n<p>3.3. Send information about products or services that interest your users.<\/p>\n<h4><span style=\"color: #ff9900;\"><strong>4. DISCLOSURE OF DATA<\/strong><\/span><\/h4>\n<p>Vero Contents does not provide individual user identification data to third parties.<\/p>\n<h4><span style=\"color: #ff9900;\"><strong>5. THE USER IS FULLY RESPONSIBLE FOR:<\/strong><\/span><\/h4>\n<p>5.1. Ensure your individual digital identification data whenever you access the Internet, informing them only in operations where data protection exists.<\/p>\n<p>5.2. Provide truthful information.<\/p>\n<p>5.3. Strictly comply with all determinations and procedures set out in the Privacy Policies.<\/p>\n<h4><span style=\"color: #ff9900;\"><strong>6. CHANGES IN PRIVACY POLICIES<\/strong><\/span><\/h4>\n<p>Vero Contents may change this privacy and data use policy at any time, and any changes to these Privacy and Data Security Policies will be published in this space.<\/p>\n<h4><span style=\"color: #ff9900;\"><strong>7. CONTACT REMOVAL<\/strong><\/span><\/h4>\n<p>Vero Contents is committed to respecting your privacy and is against spam. Therefore, if you no longer wish to receive information, send your full name and email to: <a href=\"mailto:vero@verocontents.com.br\">vero@verocontents.com.br<\/a>.<\/p>\n<p>This Policy is subject to constant improvements and improvements. Therefore, we recommend your periodic consultation.<\/p>\n<h4><span style=\"color: #ff9900;\"><strong>8. APPLICABLE LAW<\/strong><\/span><\/h4>\n<p>This document is governed and applied in accordance with the laws in force of the Federative Republic of Brazil. The S\u00e3o Paulo District Court is hereby elected as competent to resolve any issues that may arise from this document.<\/p>","protected":false},"excerpt":{"rendered":"<p>Vero Contents has established privacy policies with the aim of respecting your privacy and reserving the right to confidentiality of each user&#039;s identity. Therefore, any questions regarding our Privacy and Data Security Policies can be<\/p>","protected":false},"author":1,"featured_media":0,"parent":0,"menu_order":0,"comment_status":"closed","ping_status":"closed","template":"","meta":{"_monsterinsights_skip_tracking":false,"_monsterinsights_sitenote_active":false,"_monsterinsights_sitenote_note":"","_monsterinsights_sitenote_category":0,"footnotes":""},"class_list":["post-276","page","type-page","status-publish","hentry"],"yoast_head":"<!-- This site is optimized with the Yoast SEO Premium plugin v26.9 (Yoast SEO v27.0) - https:\/\/yoast.com\/product\/yoast-seo-premium-wordpress\/ -->\n<title>Pol\u00edticas de Privacidade - Vero Contents<\/title>\n<meta name=\"description\" content=\"Confira as Pol\u00edticas de privacidade, com o objetivo de respeitar sua privacidade e reservar o direito ao sigilo de identidade do usu\u00e1rio.\" \/>\n<meta name=\"robots\" content=\"index, follow, max-snippet:-1, max-image-preview:large, max-video-preview:-1\" \/>\n<link rel=\"canonical\" href=\"https:\/\/verocontents.com.br\/en\/privacy-policies\/\" \/>\n<meta property=\"og:locale\" content=\"en_US\" \/>\n<meta property=\"og:type\" content=\"article\" \/>\n<meta property=\"og:title\" content=\"Pol\u00edticas de Privacidade\" \/>\n<meta property=\"og:description\" content=\"Confira as Pol\u00edticas de privacidade, com o objetivo de respeitar sua privacidade e reservar o direito ao sigilo de identidade do usu\u00e1rio.\" \/>\n<meta property=\"og:url\" content=\"https:\/\/verocontents.com.br\/en\/privacy-policies\/\" \/>\n<meta property=\"og:site_name\" content=\"Vero Contents\" \/>\n<meta property=\"article:publisher\" content=\"https:\/\/www.facebook.com\/verocontents\/\" \/>\n<meta property=\"article:modified_time\" content=\"2024-11-15T14:17:29+00:00\" \/>\n<meta name=\"twitter:card\" content=\"summary_large_image\" \/>\n<meta name=\"twitter:site\" content=\"@marcelcast\" \/>\n<meta name=\"twitter:label1\" content=\"Est. reading time\" \/>\n\t<meta name=\"twitter:data1\" content=\"4 minutes\" \/>\n<script type=\"application\/ld+json\" class=\"yoast-schema-graph\">{\"@context\":\"https:\/\/schema.org\",\"@graph\":[{\"@type\":\"WebPage\",\"@id\":\"https:\/\/verocontents.com.br\/politicas-de-privacidade\/\",\"url\":\"https:\/\/verocontents.com.br\/politicas-de-privacidade\/\",\"name\":\"Pol\u00edticas de Privacidade - Vero Contents\",\"isPartOf\":{\"@id\":\"https:\/\/verocontents.com.br\/#website\"},\"datePublished\":\"2017-03-24T01:38:30+00:00\",\"dateModified\":\"2024-11-15T14:17:29+00:00\",\"description\":\"Confira as Pol\u00edticas de privacidade, com o objetivo de respeitar sua privacidade e reservar o direito ao sigilo de identidade do usu\u00e1rio.\",\"breadcrumb\":{\"@id\":\"https:\/\/verocontents.com.br\/politicas-de-privacidade\/#breadcrumb\"},\"inLanguage\":\"en-US\",\"potentialAction\":[{\"@type\":\"ReadAction\",\"target\":[\"https:\/\/verocontents.com.br\/politicas-de-privacidade\/\"]}]},{\"@type\":\"BreadcrumbList\",\"@id\":\"https:\/\/verocontents.com.br\/politicas-de-privacidade\/#breadcrumb\",\"itemListElement\":[{\"@type\":\"ListItem\",\"position\":1,\"name\":\"Home\",\"item\":\"https:\/\/verocontents.com.br\/\"},{\"@type\":\"ListItem\",\"position\":2,\"name\":\"Pol\u00edticas de Privacidade\"}]},{\"@type\":\"WebSite\",\"@id\":\"https:\/\/verocontents.com.br\/#website\",\"url\":\"https:\/\/verocontents.com.br\/\",\"name\":\"Vero Contents\",\"description\":\"Ag\u00eancia de Marketing Digital e Inbound Marketing\",\"publisher\":{\"@id\":\"https:\/\/verocontents.com.br\/#organization\"},\"potentialAction\":[{\"@type\":\"SearchAction\",\"target\":{\"@type\":\"EntryPoint\",\"urlTemplate\":\"https:\/\/verocontents.com.br\/?s={search_term_string}\"},\"query-input\":{\"@type\":\"PropertyValueSpecification\",\"valueRequired\":true,\"valueName\":\"search_term_string\"}}],\"inLanguage\":\"en-US\"},{\"@type\":\"Organization\",\"@id\":\"https:\/\/verocontents.com.br\/#organization\",\"name\":\"Vero Contents\",\"url\":\"https:\/\/verocontents.com.br\/\",\"logo\":{\"@type\":\"ImageObject\",\"inLanguage\":\"en-US\",\"@id\":\"https:\/\/verocontents.com.br\/#\/schema\/logo\/image\/\",\"url\":\"http:\/\/verocontents.com.br\/wp-content\/uploads\/2017\/02\/logo-vero-contents.png\",\"contentUrl\":\"http:\/\/verocontents.com.br\/wp-content\/uploads\/2017\/02\/logo-vero-contents.png\",\"width\":240,\"height\":70,\"caption\":\"Vero Contents\"},\"image\":{\"@id\":\"https:\/\/verocontents.com.br\/#\/schema\/logo\/image\/\"},\"sameAs\":[\"https:\/\/www.facebook.com\/verocontents\/\",\"https:\/\/x.com\/marcelcast\",\"https:\/\/www.instagram.com\/verocommkt\/\",\"https:\/\/www.linkedin.com\/company\/vero-comunica-o-e-marketing\",\"http:\/\/www.pinterest.com\/marcelcsouza\",\"https:\/\/www.youtube.com\/channel\/UC0HHv6AQKtsUWqa21C5gX9Q\"]}]}<\/script>\n<!-- \/ Yoast SEO Premium plugin. -->","yoast_head_json":{"title":"Privacy Policies - Vero Contents","description":"Check the Privacy Policies, with the aim of respecting your privacy and reserving the right to confidentiality of the user&#039;s identity.","robots":{"index":"index","follow":"follow","max-snippet":"max-snippet:-1","max-image-preview":"max-image-preview:large","max-video-preview":"max-video-preview:-1"},"canonical":"https:\/\/verocontents.com.br\/en\/privacy-policies\/","og_locale":"en_US","og_type":"article","og_title":"Pol\u00edticas de Privacidade","og_description":"Confira as Pol\u00edticas de privacidade, com o objetivo de respeitar sua privacidade e reservar o direito ao sigilo de identidade do usu\u00e1rio.","og_url":"https:\/\/verocontents.com.br\/en\/privacy-policies\/","og_site_name":"Vero Contents","article_publisher":"https:\/\/www.facebook.com\/verocontents\/","article_modified_time":"2024-11-15T14:17:29+00:00","twitter_card":"summary_large_image","twitter_site":"@marcelcast","twitter_misc":{"Est. reading time":"4 minutes"},"schema":{"@context":"https:\/\/schema.org","@graph":[{"@type":"WebPage","@id":"https:\/\/verocontents.com.br\/politicas-de-privacidade\/","url":"https:\/\/verocontents.com.br\/politicas-de-privacidade\/","name":"Privacy Policies - Vero Contents","isPartOf":{"@id":"https:\/\/verocontents.com.br\/#website"},"datePublished":"2017-03-24T01:38:30+00:00","dateModified":"2024-11-15T14:17:29+00:00","description":"Check the Privacy Policies, with the aim of respecting your privacy and reserving the right to confidentiality of the user&#039;s identity.","breadcrumb":{"@id":"https:\/\/verocontents.com.br\/politicas-de-privacidade\/#breadcrumb"},"inLanguage":"en-US","potentialAction":[{"@type":"ReadAction","target":["https:\/\/verocontents.com.br\/politicas-de-privacidade\/"]}]},{"@type":"BreadcrumbList","@id":"https:\/\/verocontents.com.br\/politicas-de-privacidade\/#breadcrumb","itemListElement":[{"@type":"ListItem","position":1,"name":"Home","item":"https:\/\/verocontents.com.br\/"},{"@type":"ListItem","position":2,"name":"Pol\u00edticas de Privacidade"}]},{"@type":"WebSite","@id":"https:\/\/verocontents.com.br\/#website","url":"https:\/\/verocontents.com.br\/","name":"Vero Contents","description":"Digital Marketing and Inbound Marketing Agency","publisher":{"@id":"https:\/\/verocontents.com.br\/#organization"},"potentialAction":[{"@type":"SearchAction","target":{"@type":"EntryPoint","urlTemplate":"https:\/\/verocontents.com.br\/?s={search_term_string}"},"query-input":{"@type":"PropertyValueSpecification","valueRequired":true,"valueName":"search_term_string"}}],"inLanguage":"en-US"},{"@type":"Organization","@id":"https:\/\/verocontents.com.br\/#organization","name":"Vero Contents","url":"https:\/\/verocontents.com.br\/","logo":{"@type":"ImageObject","inLanguage":"en-US","@id":"https:\/\/verocontents.com.br\/#\/schema\/logo\/image\/","url":"http:\/\/verocontents.com.br\/wp-content\/uploads\/2017\/02\/logo-vero-contents.png","contentUrl":"http:\/\/verocontents.com.br\/wp-content\/uploads\/2017\/02\/logo-vero-contents.png","width":240,"height":70,"caption":"Vero Contents"},"image":{"@id":"https:\/\/verocontents.com.br\/#\/schema\/logo\/image\/"},"sameAs":["https:\/\/www.facebook.com\/verocontents\/","https:\/\/x.com\/marcelcast","https:\/\/www.instagram.com\/verocommkt\/","https:\/\/www.linkedin.com\/company\/vero-comunica-o-e-marketing","http:\/\/www.pinterest.com\/marcelcsouza","https:\/\/www.youtube.com\/channel\/UC0HHv6AQKtsUWqa21C5gX9Q"]}]}},"_links":{"self":[{"href":"https:\/\/verocontents.com.br\/en\/wp-json\/wp\/v2\/pages\/276","targetHints":{"allow":["GET"]}}],"collection":[{"href":"https:\/\/verocontents.com.br\/en\/wp-json\/wp\/v2\/pages"}],"about":[{"href":"https:\/\/verocontents.com.br\/en\/wp-json\/wp\/v2\/types\/page"}],"author":[{"embeddable":true,"href":"https:\/\/verocontents.com.br\/en\/wp-json\/wp\/v2\/users\/1"}],"replies":[{"embeddable":true,"href":"https:\/\/verocontents.com.br\/en\/wp-json\/wp\/v2\/comments?post=276"}],"version-history":[{"count":6,"href":"https:\/\/verocontents.com.br\/en\/wp-json\/wp\/v2\/pages\/276\/revisions"}],"predecessor-version":[{"id":5261,"href":"https:\/\/verocontents.com.br\/en\/wp-json\/wp\/v2\/pages\/276\/revisions\/5261"}],"wp:attachment":[{"href":"https:\/\/verocontents.com.br\/en\/wp-json\/wp\/v2\/media?parent=276"}],"curies":[{"name":"wp","href":"https:\/\/api.w.org\/{rel}","templated":true}]}}