{"id":1896,"date":"2019-07-28T14:48:16","date_gmt":"2019-07-28T17:48:16","guid":{"rendered":"https:\/\/verocontents.com.br\/?page_id=1896"},"modified":"2024-02-08T22:41:10","modified_gmt":"2024-02-09T01:41:10","slug":"responsive-website-dan-solution","status":"publish","type":"page","link":"https:\/\/verocontents.com.br\/en\/cases\/responsive-website-dan-solution\/","title":{"rendered":"Responsive Website | Dan Solution"},"content":{"rendered":"<h4><span style=\"font-size: large; color: #ff9900;\"><strong>Responsive Website<\/strong><\/span><\/h4>\n<p><span style=\"font-size: medium;\">The responsive website Dan Solution (<a href=\"http:\/\/www.dansolucao.com.br\" target=\"_blank\" rel=\"noopener noreferrer\">www.dansolucao.com.br<\/a>) was developed within the context of an inbound marketing strategy. In this way, it was structured so that navigability indicates to the visitor where the company&#039;s main services are, also pointing out customer testimonials and various calls-to-action for conversion. <\/span><\/p>\n<p><span style=\"font-size: medium;\">Thus, anyone who browses the Dan Solution website can contact the company at different times and register to receive information. You can also request a free inspection and receive digital materials with important tips about the day-to-day life of the condominium.<\/span><\/p>\n<p>The design of the Dan Solution responsive website was designed and structured to showcase the company&#039;s technology and modernity.<\/p>\n<p><a href=\"http:\/\/verocontents.com.br\/wp-content\/uploads\/2019\/07\/website-dan-solucao1.jpg\"><img fetchpriority=\"high\" decoding=\"async\" class=\"zoooom wp-image-1898 size-full\" title=\"Responsive website - Dan Solution1\" src=\"http:\/\/verocontents.com.br\/wp-content\/uploads\/2019\/07\/website-dan-solucao1.jpg\" alt=\"Website Dan Solution Home\" width=\"1000\" height=\"527\" srcset=\"https:\/\/verocontents.com.br\/wp-content\/uploads\/2019\/07\/website-dan-solucao1.jpg 1000w, https:\/\/verocontents.com.br\/wp-content\/uploads\/2019\/07\/website-dan-solucao1-300x158.jpg 300w, https:\/\/verocontents.com.br\/wp-content\/uploads\/2019\/07\/website-dan-solucao1-768x405.jpg 768w, https:\/\/verocontents.com.br\/wp-content\/uploads\/2019\/07\/website-dan-solucao1-600x316.jpg 600w\" sizes=\"(max-width: 1000px) 100vw, 1000px\" \/><\/a><\/p>\n<p>&nbsp;<\/p>\n<p><a href=\"http:\/\/verocontents.com.br\/wp-content\/uploads\/2019\/07\/website-dan-solucao2.jpg\"><img decoding=\"async\" class=\"zoooom alignnone wp-image-1899 size-full\" title=\"Responsive website - Dan Solution2\" src=\"http:\/\/verocontents.com.br\/wp-content\/uploads\/2019\/07\/website-dan-solucao2.jpg\" alt=\"Dan Solution Website - Home\" width=\"1000\" height=\"527\" srcset=\"https:\/\/verocontents.com.br\/wp-content\/uploads\/2019\/07\/website-dan-solucao2.jpg 1000w, https:\/\/verocontents.com.br\/wp-content\/uploads\/2019\/07\/website-dan-solucao2-300x158.jpg 300w, https:\/\/verocontents.com.br\/wp-content\/uploads\/2019\/07\/website-dan-solucao2-768x405.jpg 768w, https:\/\/verocontents.com.br\/wp-content\/uploads\/2019\/07\/website-dan-solucao2-600x316.jpg 600w\" sizes=\"(max-width: 1000px) 100vw, 1000px\" \/><\/a><\/p>\n<p>&nbsp;<\/p>\n<p><a href=\"http:\/\/verocontents.com.br\/wp-content\/uploads\/2019\/07\/website-dan-solucao4.jpg\"><img decoding=\"async\" class=\"zoooom alignnone wp-image-1900 size-full\" title=\"Responsive website - Dan Solution4\" src=\"http:\/\/verocontents.com.br\/wp-content\/uploads\/2019\/07\/website-dan-solucao4.jpg\" alt=\"Dan Solution Website - Chemical Injection\" width=\"1000\" height=\"527\" srcset=\"https:\/\/verocontents.com.br\/wp-content\/uploads\/2019\/07\/website-dan-solucao4.jpg 1000w, https:\/\/verocontents.com.br\/wp-content\/uploads\/2019\/07\/website-dan-solucao4-300x158.jpg 300w, https:\/\/verocontents.com.br\/wp-content\/uploads\/2019\/07\/website-dan-solucao4-768x405.jpg 768w, https:\/\/verocontents.com.br\/wp-content\/uploads\/2019\/07\/website-dan-solucao4-600x316.jpg 600w\" sizes=\"(max-width: 1000px) 100vw, 1000px\" \/><\/a><\/p>\n<h4><span style=\"font-size: large; color: #ff9900;\"><strong>Technology<\/strong><\/span><\/h4>\n<p>Developed in HTML5\/PHP, the website was created to receive several integrations, via API (Application Programming Interface). RD Station and other tools were integrated, such as Tawk.to (for online chat), Google Analytics, Google Adwords pixels and Facebook pixels. Therefore, it is possible to track users and carry out actions, such as remarketing campaigns and Facebook Ads.<\/p>\n<p>Find out more about the project <a href=\"https:\/\/verocontents.com.br\/en\/inbound-marketing-dan-solucao\/\">inbound marketing from Dan Solution<\/a>.<\/p>","protected":false},"excerpt":{"rendered":"<p>Responsive Website The Dan Solution responsive website (www.dansolucao.com.br) was developed within the context of an inbound marketing strategy. In this way, it was structured so that navigability indicates to the visitor where the company&#039;s main services are, also pointing out testimonials from<\/p>","protected":false},"author":1,"featured_media":1902,"parent":1959,"menu_order":0,"comment_status":"closed","ping_status":"closed","template":"","meta":{"_monsterinsights_skip_tracking":false,"_monsterinsights_sitenote_active":false,"_monsterinsights_sitenote_note":"","_monsterinsights_sitenote_category":0,"footnotes":""},"class_list":["post-1896","page","type-page","status-publish","has-post-thumbnail","hentry"],"yoast_head":"<!-- This site is optimized with the Yoast SEO Premium plugin v26.9 (Yoast SEO v27.0) - https:\/\/yoast.com\/product\/yoast-seo-premium-wordpress\/ -->\n<title>Website Responsivo | Dan Solu\u00e7\u00e3o - Vero Contents<\/title>\n<meta name=\"description\" content=\"Descubra aqui como foi a linha de estrutura do Website Responsivo Dan Solu\u00e7\u00e3o, desenvolvido por meio de uma estrat\u00e9gia de Inbound Marketing.\" \/>\n<meta name=\"robots\" content=\"index, follow, max-snippet:-1, max-image-preview:large, max-video-preview:-1\" \/>\n<link rel=\"canonical\" href=\"https:\/\/verocontents.com.br\/en\/cases\/responsive-website-dan-solution\/\" \/>\n<meta property=\"og:locale\" content=\"en_US\" \/>\n<meta property=\"og:type\" content=\"article\" \/>\n<meta property=\"og:title\" content=\"Website Responsivo | Dan Solu\u00e7\u00e3o\" \/>\n<meta property=\"og:description\" content=\"Descubra aqui como foi a linha de estrutura do Website Responsivo Dan Solu\u00e7\u00e3o, desenvolvido por meio de uma estrat\u00e9gia de Inbound Marketing.\" \/>\n<meta property=\"og:url\" content=\"https:\/\/verocontents.com.br\/en\/cases\/responsive-website-dan-solution\/\" \/>\n<meta property=\"og:site_name\" content=\"Vero Contents\" \/>\n<meta property=\"article:publisher\" content=\"https:\/\/www.facebook.com\/verocontents\/\" \/>\n<meta property=\"article:modified_time\" content=\"2024-02-09T01:41:10+00:00\" \/>\n<meta property=\"og:image\" content=\"https:\/\/verocontents.com.br\/wp-content\/uploads\/2019\/07\/destaque-dan2.jpg\" \/>\n\t<meta property=\"og:image:width\" content=\"800\" \/>\n\t<meta property=\"og:image:height\" content=\"800\" \/>\n\t<meta property=\"og:image:type\" content=\"image\/jpeg\" \/>\n<meta name=\"twitter:card\" content=\"summary_large_image\" \/>\n<meta name=\"twitter:site\" content=\"@marcelcast\" \/>\n<meta name=\"twitter:label1\" content=\"Est. reading time\" \/>\n\t<meta name=\"twitter:data1\" content=\"2 minutes\" \/>\n<script type=\"application\/ld+json\" class=\"yoast-schema-graph\">{\"@context\":\"https:\/\/schema.org\",\"@graph\":[{\"@type\":\"WebPage\",\"@id\":\"https:\/\/verocontents.com.br\/cases\/website-responsivo-dan-solucao\/\",\"url\":\"https:\/\/verocontents.com.br\/cases\/website-responsivo-dan-solucao\/\",\"name\":\"Website Responsivo | Dan Solu\u00e7\u00e3o - Vero Contents\",\"isPartOf\":{\"@id\":\"https:\/\/verocontents.com.br\/#website\"},\"primaryImageOfPage\":{\"@id\":\"https:\/\/verocontents.com.br\/cases\/website-responsivo-dan-solucao\/#primaryimage\"},\"image\":{\"@id\":\"https:\/\/verocontents.com.br\/cases\/website-responsivo-dan-solucao\/#primaryimage\"},\"thumbnailUrl\":\"https:\/\/verocontents.com.br\/wp-content\/uploads\/2019\/07\/destaque-dan2.jpg\",\"datePublished\":\"2019-07-28T17:48:16+00:00\",\"dateModified\":\"2024-02-09T01:41:10+00:00\",\"description\":\"Descubra aqui como foi a linha de estrutura do Website Responsivo Dan Solu\u00e7\u00e3o, desenvolvido por meio de uma estrat\u00e9gia de Inbound Marketing.\",\"breadcrumb\":{\"@id\":\"https:\/\/verocontents.com.br\/cases\/website-responsivo-dan-solucao\/#breadcrumb\"},\"inLanguage\":\"en-US\",\"potentialAction\":[{\"@type\":\"ReadAction\",\"target\":[\"https:\/\/verocontents.com.br\/cases\/website-responsivo-dan-solucao\/\"]}]},{\"@type\":\"ImageObject\",\"inLanguage\":\"en-US\",\"@id\":\"https:\/\/verocontents.com.br\/cases\/website-responsivo-dan-solucao\/#primaryimage\",\"url\":\"https:\/\/verocontents.com.br\/wp-content\/uploads\/2019\/07\/destaque-dan2.jpg\",\"contentUrl\":\"https:\/\/verocontents.com.br\/wp-content\/uploads\/2019\/07\/destaque-dan2.jpg\",\"width\":800,\"height\":800},{\"@type\":\"BreadcrumbList\",\"@id\":\"https:\/\/verocontents.com.br\/cases\/website-responsivo-dan-solucao\/#breadcrumb\",\"itemListElement\":[{\"@type\":\"ListItem\",\"position\":1,\"name\":\"Home\",\"item\":\"https:\/\/verocontents.com.br\/\"},{\"@type\":\"ListItem\",\"position\":2,\"name\":\"Cases\",\"item\":\"https:\/\/verocontents.com.br\/cases\/\"},{\"@type\":\"ListItem\",\"position\":3,\"name\":\"Website Responsivo | Dan Solu\u00e7\u00e3o\"}]},{\"@type\":\"WebSite\",\"@id\":\"https:\/\/verocontents.com.br\/#website\",\"url\":\"https:\/\/verocontents.com.br\/\",\"name\":\"Vero Contents\",\"description\":\"Ag\u00eancia de Marketing Digital e Inbound Marketing\",\"publisher\":{\"@id\":\"https:\/\/verocontents.com.br\/#organization\"},\"potentialAction\":[{\"@type\":\"SearchAction\",\"target\":{\"@type\":\"EntryPoint\",\"urlTemplate\":\"https:\/\/verocontents.com.br\/?s={search_term_string}\"},\"query-input\":{\"@type\":\"PropertyValueSpecification\",\"valueRequired\":true,\"valueName\":\"search_term_string\"}}],\"inLanguage\":\"en-US\"},{\"@type\":\"Organization\",\"@id\":\"https:\/\/verocontents.com.br\/#organization\",\"name\":\"Vero Contents\",\"url\":\"https:\/\/verocontents.com.br\/\",\"logo\":{\"@type\":\"ImageObject\",\"inLanguage\":\"en-US\",\"@id\":\"https:\/\/verocontents.com.br\/#\/schema\/logo\/image\/\",\"url\":\"http:\/\/verocontents.com.br\/wp-content\/uploads\/2017\/02\/logo-vero-contents.png\",\"contentUrl\":\"http:\/\/verocontents.com.br\/wp-content\/uploads\/2017\/02\/logo-vero-contents.png\",\"width\":240,\"height\":70,\"caption\":\"Vero Contents\"},\"image\":{\"@id\":\"https:\/\/verocontents.com.br\/#\/schema\/logo\/image\/\"},\"sameAs\":[\"https:\/\/www.facebook.com\/verocontents\/\",\"https:\/\/x.com\/marcelcast\",\"https:\/\/www.instagram.com\/verocommkt\/\",\"https:\/\/www.linkedin.com\/company\/vero-comunica-o-e-marketing\",\"http:\/\/www.pinterest.com\/marcelcsouza\",\"https:\/\/www.youtube.com\/channel\/UC0HHv6AQKtsUWqa21C5gX9Q\"]}]}<\/script>\n<!-- \/ Yoast SEO Premium plugin. -->","yoast_head_json":{"title":"Responsive Website | Dan Solution - Vero Contents","description":"Find out here how the structure of the Dan Solution Responsive Website was developed, developed through an Inbound Marketing strategy.","robots":{"index":"index","follow":"follow","max-snippet":"max-snippet:-1","max-image-preview":"max-image-preview:large","max-video-preview":"max-video-preview:-1"},"canonical":"https:\/\/verocontents.com.br\/en\/cases\/responsive-website-dan-solution\/","og_locale":"en_US","og_type":"article","og_title":"Website Responsivo | Dan Solu\u00e7\u00e3o","og_description":"Descubra aqui como foi a linha de estrutura do Website Responsivo Dan Solu\u00e7\u00e3o, desenvolvido por meio de uma estrat\u00e9gia de Inbound Marketing.","og_url":"https:\/\/verocontents.com.br\/en\/cases\/responsive-website-dan-solution\/","og_site_name":"Vero Contents","article_publisher":"https:\/\/www.facebook.com\/verocontents\/","article_modified_time":"2024-02-09T01:41:10+00:00","og_image":[{"width":800,"height":800,"url":"https:\/\/verocontents.com.br\/wp-content\/uploads\/2019\/07\/destaque-dan2.jpg","type":"image\/jpeg"}],"twitter_card":"summary_large_image","twitter_site":"@marcelcast","twitter_misc":{"Est. reading time":"2 minutes"},"schema":{"@context":"https:\/\/schema.org","@graph":[{"@type":"WebPage","@id":"https:\/\/verocontents.com.br\/cases\/website-responsivo-dan-solucao\/","url":"https:\/\/verocontents.com.br\/cases\/website-responsivo-dan-solucao\/","name":"Responsive Website | Dan Solution - Vero Contents","isPartOf":{"@id":"https:\/\/verocontents.com.br\/#website"},"primaryImageOfPage":{"@id":"https:\/\/verocontents.com.br\/cases\/website-responsivo-dan-solucao\/#primaryimage"},"image":{"@id":"https:\/\/verocontents.com.br\/cases\/website-responsivo-dan-solucao\/#primaryimage"},"thumbnailUrl":"https:\/\/verocontents.com.br\/wp-content\/uploads\/2019\/07\/destaque-dan2.jpg","datePublished":"2019-07-28T17:48:16+00:00","dateModified":"2024-02-09T01:41:10+00:00","description":"Find out here how the structure of the Dan Solution Responsive Website was developed, developed through an Inbound Marketing strategy.","breadcrumb":{"@id":"https:\/\/verocontents.com.br\/cases\/website-responsivo-dan-solucao\/#breadcrumb"},"inLanguage":"en-US","potentialAction":[{"@type":"ReadAction","target":["https:\/\/verocontents.com.br\/cases\/website-responsivo-dan-solucao\/"]}]},{"@type":"ImageObject","inLanguage":"en-US","@id":"https:\/\/verocontents.com.br\/cases\/website-responsivo-dan-solucao\/#primaryimage","url":"https:\/\/verocontents.com.br\/wp-content\/uploads\/2019\/07\/destaque-dan2.jpg","contentUrl":"https:\/\/verocontents.com.br\/wp-content\/uploads\/2019\/07\/destaque-dan2.jpg","width":800,"height":800},{"@type":"BreadcrumbList","@id":"https:\/\/verocontents.com.br\/cases\/website-responsivo-dan-solucao\/#breadcrumb","itemListElement":[{"@type":"ListItem","position":1,"name":"Home","item":"https:\/\/verocontents.com.br\/"},{"@type":"ListItem","position":2,"name":"Cases","item":"https:\/\/verocontents.com.br\/cases\/"},{"@type":"ListItem","position":3,"name":"Website Responsivo | Dan Solu\u00e7\u00e3o"}]},{"@type":"WebSite","@id":"https:\/\/verocontents.com.br\/#website","url":"https:\/\/verocontents.com.br\/","name":"Vero Contents","description":"Digital Marketing and Inbound Marketing Agency","publisher":{"@id":"https:\/\/verocontents.com.br\/#organization"},"potentialAction":[{"@type":"SearchAction","target":{"@type":"EntryPoint","urlTemplate":"https:\/\/verocontents.com.br\/?s={search_term_string}"},"query-input":{"@type":"PropertyValueSpecification","valueRequired":true,"valueName":"search_term_string"}}],"inLanguage":"en-US"},{"@type":"Organization","@id":"https:\/\/verocontents.com.br\/#organization","name":"Vero Contents","url":"https:\/\/verocontents.com.br\/","logo":{"@type":"ImageObject","inLanguage":"en-US","@id":"https:\/\/verocontents.com.br\/#\/schema\/logo\/image\/","url":"http:\/\/verocontents.com.br\/wp-content\/uploads\/2017\/02\/logo-vero-contents.png","contentUrl":"http:\/\/verocontents.com.br\/wp-content\/uploads\/2017\/02\/logo-vero-contents.png","width":240,"height":70,"caption":"Vero Contents"},"image":{"@id":"https:\/\/verocontents.com.br\/#\/schema\/logo\/image\/"},"sameAs":["https:\/\/www.facebook.com\/verocontents\/","https:\/\/x.com\/marcelcast","https:\/\/www.instagram.com\/verocommkt\/","https:\/\/www.linkedin.com\/company\/vero-comunica-o-e-marketing","http:\/\/www.pinterest.com\/marcelcsouza","https:\/\/www.youtube.com\/channel\/UC0HHv6AQKtsUWqa21C5gX9Q"]}]}},"_links":{"self":[{"href":"https:\/\/verocontents.com.br\/en\/wp-json\/wp\/v2\/pages\/1896","targetHints":{"allow":["GET"]}}],"collection":[{"href":"https:\/\/verocontents.com.br\/en\/wp-json\/wp\/v2\/pages"}],"about":[{"href":"https:\/\/verocontents.com.br\/en\/wp-json\/wp\/v2\/types\/page"}],"author":[{"embeddable":true,"href":"https:\/\/verocontents.com.br\/en\/wp-json\/wp\/v2\/users\/1"}],"replies":[{"embeddable":true,"href":"https:\/\/verocontents.com.br\/en\/wp-json\/wp\/v2\/comments?post=1896"}],"version-history":[{"count":3,"href":"https:\/\/verocontents.com.br\/en\/wp-json\/wp\/v2\/pages\/1896\/revisions"}],"predecessor-version":[{"id":4362,"href":"https:\/\/verocontents.com.br\/en\/wp-json\/wp\/v2\/pages\/1896\/revisions\/4362"}],"up":[{"embeddable":true,"href":"https:\/\/verocontents.com.br\/en\/wp-json\/wp\/v2\/pages\/1959"}],"wp:featuredmedia":[{"embeddable":true,"href":"https:\/\/verocontents.com.br\/en\/wp-json\/wp\/v2\/media\/1902"}],"wp:attachment":[{"href":"https:\/\/verocontents.com.br\/en\/wp-json\/wp\/v2\/media?parent=1896"}],"curies":[{"name":"wp","href":"https:\/\/api.w.org\/{rel}","templated":true}]}}