{"id":1891,"date":"2019-07-28T14:42:48","date_gmt":"2019-07-28T17:42:48","guid":{"rendered":"https:\/\/verocontents.com.br\/?page_id=1891"},"modified":"2025-04-11T16:55:15","modified_gmt":"2025-04-11T19:55:15","slug":"inbound-marketing-for-building-maintenance-provides-a-solution","status":"publish","type":"page","link":"https:\/\/verocontents.com.br\/en\/cases\/inbound-marketing-for-building-maintenance-provides-a-solution\/","title":{"rendered":"Inbound Marketing | Dan Solution"},"content":{"rendered":"<h3><span style=\"font-size: large; color: #000000;\">Inbound Marketing | Content Marketing<\/span><\/h3>\n<p><span style=\"font-size: medium;\">The inbound marketing strategy for Dan Solu\u00e7\u00e3o began in 2016. The company, which specializes in solutions for leaks in condominium buildings, invested in digital marketing to acquire customers. First, a new responsive website was implemented, with a corporate blog. Traffic sources were divided into three main points: paid media, organic media, and social media. The blog focused on personas related to condominiums, such as building managers, caretakers, board members, and residents.<\/span><\/p>\n<figure id=\"attachment_1892\" aria-describedby=\"caption-attachment-1892\" style=\"width: 1000px\" class=\"wp-caption alignnone\"><a href=\"http:\/\/verocontents.com.br\/wp-content\/uploads\/2019\/07\/marketing-de-conteudo-dan-solucao1-blog.jpg\"><img fetchpriority=\"high\" decoding=\"async\" class=\"zoooom wp-image-1892 size-full\" title=\"Content Marketing - blog - Dan Solution\" src=\"http:\/\/verocontents.com.br\/wp-content\/uploads\/2019\/07\/marketing-de-conteudo-dan-solucao1-blog.jpg\" alt=\"Inbound Marketing | Blog Dan Solution\" width=\"1000\" height=\"527\" srcset=\"https:\/\/verocontents.com.br\/wp-content\/uploads\/2019\/07\/marketing-de-conteudo-dan-solucao1-blog.jpg 1000w, https:\/\/verocontents.com.br\/wp-content\/uploads\/2019\/07\/marketing-de-conteudo-dan-solucao1-blog-300x158.jpg 300w, https:\/\/verocontents.com.br\/wp-content\/uploads\/2019\/07\/marketing-de-conteudo-dan-solucao1-blog-768x405.jpg 768w, https:\/\/verocontents.com.br\/wp-content\/uploads\/2019\/07\/marketing-de-conteudo-dan-solucao1-blog-600x316.jpg 600w\" sizes=\"(max-width: 1000px) 100vw, 1000px\" \/><\/a><figcaption id=\"caption-attachment-1892\" class=\"wp-caption-text\">Inbound Marketing | Blog Dan Solution<\/figcaption><\/figure>\n<p>&nbsp;<\/p>\n<figure id=\"attachment_1893\" aria-describedby=\"caption-attachment-1893\" style=\"width: 1000px\" class=\"wp-caption alignnone\"><a href=\"http:\/\/verocontents.com.br\/wp-content\/uploads\/2019\/07\/marketing-de-conteudo-dan-solucao2.jpg\"><img decoding=\"async\" class=\"zoooom wp-image-1893 size-full\" title=\"Content Marketing - LP and email - Dan Solution\" src=\"http:\/\/verocontents.com.br\/wp-content\/uploads\/2019\/07\/marketing-de-conteudo-dan-solucao2.jpg\" alt=\"Inbound Marketing | Blog Dan Solution\" width=\"1000\" height=\"527\" srcset=\"https:\/\/verocontents.com.br\/wp-content\/uploads\/2019\/07\/marketing-de-conteudo-dan-solucao2.jpg 1000w, https:\/\/verocontents.com.br\/wp-content\/uploads\/2019\/07\/marketing-de-conteudo-dan-solucao2-300x158.jpg 300w, https:\/\/verocontents.com.br\/wp-content\/uploads\/2019\/07\/marketing-de-conteudo-dan-solucao2-768x405.jpg 768w, https:\/\/verocontents.com.br\/wp-content\/uploads\/2019\/07\/marketing-de-conteudo-dan-solucao2-600x316.jpg 600w\" sizes=\"(max-width: 1000px) 100vw, 1000px\" \/><\/a><figcaption id=\"caption-attachment-1893\" class=\"wp-caption-text\">Inbound Marketing | Landing Page and Marketing Automation | Dan Solution<\/figcaption><\/figure>\n<p><strong style=\"color: #ff9900; font-size: large;\">Traffic Acquisition<\/strong><\/p>\n<p>Traffic acquisition was set up using Google Adwords, SEO techniques and social media work (Facebook and Instagram). A customer mailing list was built through lead generation, which started from scratch, to set up a lead nurturing flow, via <a href=\"https:\/\/verocontents.com.br\/en\/services\/inbound-marketing\/rd-station-marketing-management\/\">RD Station<\/a>.<\/p>\n<h3><span style=\"font-size: large; color: #ff9900;\"><strong>Lead Generation<\/strong><\/span><\/h3>\n<p>Vero Contents also developed several digital offers for Dan Solu\u00e7\u00e3o, with materials aimed at the personas. The marketing funnel was set up and, with constant lead generation and nurturing flows in place, the first sales were made via digital marketing in the inbound marketing project.<\/p>","protected":false},"excerpt":{"rendered":"<p>Inbound Marketing | Content Marketing The inbound marketing strategy for Dan Solu\u00e7\u00e3o began in 2016. The company, specialized in solutions for infiltration in condominium buildings, invested in digital for customer acquisition. First, it implemented<\/p>","protected":false},"author":1,"featured_media":0,"parent":1959,"menu_order":0,"comment_status":"closed","ping_status":"closed","template":"","meta":{"_monsterinsights_skip_tracking":false,"_monsterinsights_sitenote_active":false,"_monsterinsights_sitenote_note":"","_monsterinsights_sitenote_category":0,"footnotes":""},"class_list":["post-1891","page","type-page","status-publish","hentry"],"yoast_head":"<!-- This site is optimized with the Yoast SEO Premium plugin v26.9 (Yoast SEO v27.0) - https:\/\/yoast.com\/product\/yoast-seo-premium-wordpress\/ -->\n<title>Inbound Marketing | Dan Solu\u00e7\u00e3o - Vero Contents<\/title>\n<meta name=\"description\" content=\"Case de Inbound Marketing da Dan Solu\u00e7\u00e3o. O trabalho foi focado em Marketing de Conte\u00fado, Aquisi\u00e7\u00e3o de Tr\u00e1fego e Gera\u00e7\u00e3o de Leads.\" \/>\n<meta name=\"robots\" content=\"index, follow, max-snippet:-1, max-image-preview:large, max-video-preview:-1\" \/>\n<link rel=\"canonical\" href=\"https:\/\/verocontents.com.br\/en\/cases\/inbound-marketing-for-building-maintenance-provides-a-solution\/\" \/>\n<meta property=\"og:locale\" content=\"en_US\" \/>\n<meta property=\"og:type\" content=\"article\" \/>\n<meta property=\"og:title\" content=\"Inbound Marketing | Dan Solu\u00e7\u00e3o\" \/>\n<meta property=\"og:description\" content=\"Case de Inbound Marketing da Dan Solu\u00e7\u00e3o. O trabalho foi focado em Marketing de Conte\u00fado, Aquisi\u00e7\u00e3o de Tr\u00e1fego e Gera\u00e7\u00e3o de Leads.\" \/>\n<meta property=\"og:url\" content=\"https:\/\/verocontents.com.br\/en\/cases\/inbound-marketing-for-building-maintenance-provides-a-solution\/\" \/>\n<meta property=\"og:site_name\" content=\"Vero Contents\" \/>\n<meta property=\"article:publisher\" content=\"https:\/\/www.facebook.com\/verocontents\/\" \/>\n<meta property=\"article:modified_time\" content=\"2025-04-11T19:55:15+00:00\" \/>\n<meta property=\"og:image\" content=\"https:\/\/verocontents.com.br\/wp-content\/uploads\/2019\/07\/marketing-de-conteudo-dan-solucao1-blog.jpg\" \/>\n\t<meta property=\"og:image:width\" content=\"1000\" \/>\n\t<meta property=\"og:image:height\" content=\"527\" \/>\n\t<meta property=\"og:image:type\" content=\"image\/jpeg\" \/>\n<meta name=\"twitter:card\" content=\"summary_large_image\" \/>\n<meta name=\"twitter:site\" content=\"@marcelcast\" \/>\n<meta name=\"twitter:label1\" content=\"Est. reading time\" \/>\n\t<meta name=\"twitter:data1\" content=\"2 minutes\" \/>\n<script type=\"application\/ld+json\" class=\"yoast-schema-graph\">{\"@context\":\"https:\/\/schema.org\",\"@graph\":[{\"@type\":\"WebPage\",\"@id\":\"https:\/\/verocontents.com.br\/cases\/inbound-marketing-para-manutencao-predial-dan-solucao\/\",\"url\":\"https:\/\/verocontents.com.br\/cases\/inbound-marketing-para-manutencao-predial-dan-solucao\/\",\"name\":\"Inbound Marketing | Dan Solu\u00e7\u00e3o - Vero Contents\",\"isPartOf\":{\"@id\":\"https:\/\/verocontents.com.br\/#website\"},\"primaryImageOfPage\":{\"@id\":\"https:\/\/verocontents.com.br\/cases\/inbound-marketing-para-manutencao-predial-dan-solucao\/#primaryimage\"},\"image\":{\"@id\":\"https:\/\/verocontents.com.br\/cases\/inbound-marketing-para-manutencao-predial-dan-solucao\/#primaryimage\"},\"thumbnailUrl\":\"http:\/\/verocontents.com.br\/wp-content\/uploads\/2019\/07\/marketing-de-conteudo-dan-solucao1-blog.jpg\",\"datePublished\":\"2019-07-28T17:42:48+00:00\",\"dateModified\":\"2025-04-11T19:55:15+00:00\",\"description\":\"Case de Inbound Marketing da Dan Solu\u00e7\u00e3o. O trabalho foi focado em Marketing de Conte\u00fado, Aquisi\u00e7\u00e3o de Tr\u00e1fego e Gera\u00e7\u00e3o de Leads.\",\"breadcrumb\":{\"@id\":\"https:\/\/verocontents.com.br\/cases\/inbound-marketing-para-manutencao-predial-dan-solucao\/#breadcrumb\"},\"inLanguage\":\"en-US\",\"potentialAction\":[{\"@type\":\"ReadAction\",\"target\":[\"https:\/\/verocontents.com.br\/cases\/inbound-marketing-para-manutencao-predial-dan-solucao\/\"]}]},{\"@type\":\"ImageObject\",\"inLanguage\":\"en-US\",\"@id\":\"https:\/\/verocontents.com.br\/cases\/inbound-marketing-para-manutencao-predial-dan-solucao\/#primaryimage\",\"url\":\"http:\/\/verocontents.com.br\/wp-content\/uploads\/2019\/07\/marketing-de-conteudo-dan-solucao1-blog.jpg\",\"contentUrl\":\"http:\/\/verocontents.com.br\/wp-content\/uploads\/2019\/07\/marketing-de-conteudo-dan-solucao1-blog.jpg\"},{\"@type\":\"BreadcrumbList\",\"@id\":\"https:\/\/verocontents.com.br\/cases\/inbound-marketing-para-manutencao-predial-dan-solucao\/#breadcrumb\",\"itemListElement\":[{\"@type\":\"ListItem\",\"position\":1,\"name\":\"Home\",\"item\":\"https:\/\/verocontents.com.br\/\"},{\"@type\":\"ListItem\",\"position\":2,\"name\":\"Cases\",\"item\":\"https:\/\/verocontents.com.br\/cases\/\"},{\"@type\":\"ListItem\",\"position\":3,\"name\":\"Inbound Marketing | Dan Solu\u00e7\u00e3o\"}]},{\"@type\":\"WebSite\",\"@id\":\"https:\/\/verocontents.com.br\/#website\",\"url\":\"https:\/\/verocontents.com.br\/\",\"name\":\"Vero Contents\",\"description\":\"Ag\u00eancia de Marketing Digital e Inbound Marketing\",\"publisher\":{\"@id\":\"https:\/\/verocontents.com.br\/#organization\"},\"potentialAction\":[{\"@type\":\"SearchAction\",\"target\":{\"@type\":\"EntryPoint\",\"urlTemplate\":\"https:\/\/verocontents.com.br\/?s={search_term_string}\"},\"query-input\":{\"@type\":\"PropertyValueSpecification\",\"valueRequired\":true,\"valueName\":\"search_term_string\"}}],\"inLanguage\":\"en-US\"},{\"@type\":\"Organization\",\"@id\":\"https:\/\/verocontents.com.br\/#organization\",\"name\":\"Vero Contents\",\"url\":\"https:\/\/verocontents.com.br\/\",\"logo\":{\"@type\":\"ImageObject\",\"inLanguage\":\"en-US\",\"@id\":\"https:\/\/verocontents.com.br\/#\/schema\/logo\/image\/\",\"url\":\"http:\/\/verocontents.com.br\/wp-content\/uploads\/2017\/02\/logo-vero-contents.png\",\"contentUrl\":\"http:\/\/verocontents.com.br\/wp-content\/uploads\/2017\/02\/logo-vero-contents.png\",\"width\":240,\"height\":70,\"caption\":\"Vero Contents\"},\"image\":{\"@id\":\"https:\/\/verocontents.com.br\/#\/schema\/logo\/image\/\"},\"sameAs\":[\"https:\/\/www.facebook.com\/verocontents\/\",\"https:\/\/x.com\/marcelcast\",\"https:\/\/www.instagram.com\/verocommkt\/\",\"https:\/\/www.linkedin.com\/company\/vero-comunica-o-e-marketing\",\"http:\/\/www.pinterest.com\/marcelcsouza\",\"https:\/\/www.youtube.com\/channel\/UC0HHv6AQKtsUWqa21C5gX9Q\"]}]}<\/script>\n<!-- \/ Yoast SEO Premium plugin. -->","yoast_head_json":{"title":"Inbound Marketing | Dan Solution - Vero Contents","description":"Dan Solu\u00e7\u00e3o&#039;s Inbound Marketing Case Study. The work was focused on Content Marketing, Traffic Acquisition and Lead Generation.","robots":{"index":"index","follow":"follow","max-snippet":"max-snippet:-1","max-image-preview":"max-image-preview:large","max-video-preview":"max-video-preview:-1"},"canonical":"https:\/\/verocontents.com.br\/en\/cases\/inbound-marketing-for-building-maintenance-provides-a-solution\/","og_locale":"en_US","og_type":"article","og_title":"Inbound Marketing | Dan Solu\u00e7\u00e3o","og_description":"Case de Inbound Marketing da Dan Solu\u00e7\u00e3o. O trabalho foi focado em Marketing de Conte\u00fado, Aquisi\u00e7\u00e3o de Tr\u00e1fego e Gera\u00e7\u00e3o de Leads.","og_url":"https:\/\/verocontents.com.br\/en\/cases\/inbound-marketing-for-building-maintenance-provides-a-solution\/","og_site_name":"Vero Contents","article_publisher":"https:\/\/www.facebook.com\/verocontents\/","article_modified_time":"2025-04-11T19:55:15+00:00","og_image":[{"width":1000,"height":527,"url":"https:\/\/verocontents.com.br\/wp-content\/uploads\/2019\/07\/marketing-de-conteudo-dan-solucao1-blog.jpg","type":"image\/jpeg"}],"twitter_card":"summary_large_image","twitter_site":"@marcelcast","twitter_misc":{"Est. reading time":"2 minutes"},"schema":{"@context":"https:\/\/schema.org","@graph":[{"@type":"WebPage","@id":"https:\/\/verocontents.com.br\/cases\/inbound-marketing-para-manutencao-predial-dan-solucao\/","url":"https:\/\/verocontents.com.br\/cases\/inbound-marketing-para-manutencao-predial-dan-solucao\/","name":"Inbound Marketing | Dan Solution - Vero Contents","isPartOf":{"@id":"https:\/\/verocontents.com.br\/#website"},"primaryImageOfPage":{"@id":"https:\/\/verocontents.com.br\/cases\/inbound-marketing-para-manutencao-predial-dan-solucao\/#primaryimage"},"image":{"@id":"https:\/\/verocontents.com.br\/cases\/inbound-marketing-para-manutencao-predial-dan-solucao\/#primaryimage"},"thumbnailUrl":"http:\/\/verocontents.com.br\/wp-content\/uploads\/2019\/07\/marketing-de-conteudo-dan-solucao1-blog.jpg","datePublished":"2019-07-28T17:42:48+00:00","dateModified":"2025-04-11T19:55:15+00:00","description":"Dan Solu\u00e7\u00e3o&#039;s Inbound Marketing Case Study. The work was focused on Content Marketing, Traffic Acquisition and Lead Generation.","breadcrumb":{"@id":"https:\/\/verocontents.com.br\/cases\/inbound-marketing-para-manutencao-predial-dan-solucao\/#breadcrumb"},"inLanguage":"en-US","potentialAction":[{"@type":"ReadAction","target":["https:\/\/verocontents.com.br\/cases\/inbound-marketing-para-manutencao-predial-dan-solucao\/"]}]},{"@type":"ImageObject","inLanguage":"en-US","@id":"https:\/\/verocontents.com.br\/cases\/inbound-marketing-para-manutencao-predial-dan-solucao\/#primaryimage","url":"http:\/\/verocontents.com.br\/wp-content\/uploads\/2019\/07\/marketing-de-conteudo-dan-solucao1-blog.jpg","contentUrl":"http:\/\/verocontents.com.br\/wp-content\/uploads\/2019\/07\/marketing-de-conteudo-dan-solucao1-blog.jpg"},{"@type":"BreadcrumbList","@id":"https:\/\/verocontents.com.br\/cases\/inbound-marketing-para-manutencao-predial-dan-solucao\/#breadcrumb","itemListElement":[{"@type":"ListItem","position":1,"name":"Home","item":"https:\/\/verocontents.com.br\/"},{"@type":"ListItem","position":2,"name":"Cases","item":"https:\/\/verocontents.com.br\/cases\/"},{"@type":"ListItem","position":3,"name":"Inbound Marketing | Dan Solu\u00e7\u00e3o"}]},{"@type":"WebSite","@id":"https:\/\/verocontents.com.br\/#website","url":"https:\/\/verocontents.com.br\/","name":"Vero Contents","description":"Digital Marketing and Inbound Marketing Agency","publisher":{"@id":"https:\/\/verocontents.com.br\/#organization"},"potentialAction":[{"@type":"SearchAction","target":{"@type":"EntryPoint","urlTemplate":"https:\/\/verocontents.com.br\/?s={search_term_string}"},"query-input":{"@type":"PropertyValueSpecification","valueRequired":true,"valueName":"search_term_string"}}],"inLanguage":"en-US"},{"@type":"Organization","@id":"https:\/\/verocontents.com.br\/#organization","name":"Vero Contents","url":"https:\/\/verocontents.com.br\/","logo":{"@type":"ImageObject","inLanguage":"en-US","@id":"https:\/\/verocontents.com.br\/#\/schema\/logo\/image\/","url":"http:\/\/verocontents.com.br\/wp-content\/uploads\/2017\/02\/logo-vero-contents.png","contentUrl":"http:\/\/verocontents.com.br\/wp-content\/uploads\/2017\/02\/logo-vero-contents.png","width":240,"height":70,"caption":"Vero Contents"},"image":{"@id":"https:\/\/verocontents.com.br\/#\/schema\/logo\/image\/"},"sameAs":["https:\/\/www.facebook.com\/verocontents\/","https:\/\/x.com\/marcelcast","https:\/\/www.instagram.com\/verocommkt\/","https:\/\/www.linkedin.com\/company\/vero-comunica-o-e-marketing","http:\/\/www.pinterest.com\/marcelcsouza","https:\/\/www.youtube.com\/channel\/UC0HHv6AQKtsUWqa21C5gX9Q"]}]}},"_links":{"self":[{"href":"https:\/\/verocontents.com.br\/en\/wp-json\/wp\/v2\/pages\/1891","targetHints":{"allow":["GET"]}}],"collection":[{"href":"https:\/\/verocontents.com.br\/en\/wp-json\/wp\/v2\/pages"}],"about":[{"href":"https:\/\/verocontents.com.br\/en\/wp-json\/wp\/v2\/types\/page"}],"author":[{"embeddable":true,"href":"https:\/\/verocontents.com.br\/en\/wp-json\/wp\/v2\/users\/1"}],"replies":[{"embeddable":true,"href":"https:\/\/verocontents.com.br\/en\/wp-json\/wp\/v2\/comments?post=1891"}],"version-history":[{"count":3,"href":"https:\/\/verocontents.com.br\/en\/wp-json\/wp\/v2\/pages\/1891\/revisions"}],"predecessor-version":[{"id":5783,"href":"https:\/\/verocontents.com.br\/en\/wp-json\/wp\/v2\/pages\/1891\/revisions\/5783"}],"up":[{"embeddable":true,"href":"https:\/\/verocontents.com.br\/en\/wp-json\/wp\/v2\/pages\/1959"}],"wp:attachment":[{"href":"https:\/\/verocontents.com.br\/en\/wp-json\/wp\/v2\/media?parent=1891"}],"curies":[{"name":"wp","href":"https:\/\/api.w.org\/{rel}","templated":true}]}}