{"id":176,"date":"2017-03-13T12:23:57","date_gmt":"2017-03-13T15:23:57","guid":{"rendered":"https:\/\/verocontents.com.br\/?page_id=176"},"modified":"2024-05-06T12:57:58","modified_gmt":"2024-05-06T15:57:58","slug":"social-media","status":"publish","type":"page","link":"https:\/\/verocontents.com.br\/en\/services\/social-media\/","title":{"rendered":"Social Media"},"content":{"rendered":"<p><span style=\"font-size: large;\">Social media management: being present on social media is a must for any company these days. Therefore, relating and being closer to the customer is the biggest benefit that social networks can provide. <\/span><\/p>\n<p><span style=\"font-size: large;\">Vero Contents has a team of experts in social media management to make this relationship a real success. That way, just talk to us. That way, we can help you.<\/span><\/p>\n<h4><span style=\"color: #ffcc00;\"><strong><img decoding=\"async\" class=\"wp-image-2019 size-full alignleft\" src=\"http:\/\/verocontents.com.br\/wp-content\/uploads\/2019\/07\/social-mapeamento-digital.png\" alt=\"Social Networks - Digital Mapping - Vero Contents\" width=\"110\" height=\"110\" srcset=\"https:\/\/verocontents.com.br\/wp-content\/uploads\/2019\/07\/social-mapeamento-digital.png 110w, https:\/\/verocontents.com.br\/wp-content\/uploads\/2019\/07\/social-mapeamento-digital-45x45.png 45w, https:\/\/verocontents.com.br\/wp-content\/uploads\/2019\/07\/social-mapeamento-digital-100x100.png 100w\" sizes=\"(max-width: 110px) 100vw, 110px\" \/><span style=\"color: #ff9900;\">Digital Mapping<\/span><\/strong><\/span><\/h4>\n<p><span style=\"font-size: large;\">The first step in establishing a social media presence strategy is digital mapping. Therefore, knowing exactly which audience to reach, what stage your company is at and who your competitors are will allow us to determine exactly who to talk to and how to talk.<\/span><\/p>\n<h4><span style=\"color: #ffcc00;\"><strong><img decoding=\"async\" class=\"wp-image-2020 size-full alignright\" src=\"http:\/\/verocontents.com.br\/wp-content\/uploads\/2019\/07\/social-personas-mkt-conteudo.png\" alt=\"Social Media - Personas and Content Marketing - Vero Contents\" width=\"110\" height=\"110\" srcset=\"https:\/\/verocontents.com.br\/wp-content\/uploads\/2019\/07\/social-personas-mkt-conteudo.png 110w, https:\/\/verocontents.com.br\/wp-content\/uploads\/2019\/07\/social-personas-mkt-conteudo-45x45.png 45w, https:\/\/verocontents.com.br\/wp-content\/uploads\/2019\/07\/social-personas-mkt-conteudo-100x100.png 100w\" sizes=\"(max-width: 110px) 100vw, 110px\" \/><span style=\"color: #ff9900;\">Personas and Content Generation<\/span><\/strong><\/span><\/h4>\n<p><span style=\"font-size: large;\">Determining the profile of your audience, their habits, tastes and customs is one of the tasks in social media management. The more accurate the determination of the persona, the more objective the content generation will be. This way, communication with your audience will be a determining factor in creating engagement with them.<\/span><\/p>\n<h4><span style=\"color: #ffcc00;\"><strong><img decoding=\"async\" class=\"wp-image-2021 size-full alignleft\" src=\"http:\/\/verocontents.com.br\/wp-content\/uploads\/2019\/07\/social-monitoramento-marca.png\" alt=\"Social Media - Brand Monitoring - Vero Contents\" width=\"110\" height=\"110\" srcset=\"https:\/\/verocontents.com.br\/wp-content\/uploads\/2019\/07\/social-monitoramento-marca.png 110w, https:\/\/verocontents.com.br\/wp-content\/uploads\/2019\/07\/social-monitoramento-marca-45x45.png 45w, https:\/\/verocontents.com.br\/wp-content\/uploads\/2019\/07\/social-monitoramento-marca-100x100.png 100w\" sizes=\"(max-width: 110px) 100vw, 110px\" \/><span style=\"color: #ff9900;\">Brand Monitoring<\/span><\/strong><\/span><\/h4>\n<p><span style=\"font-size: large;\">Is your brand being mentioned on the web? And your competitors? It is extremely important when we talk about social media management to monitor your brand and your competitors. Therefore, our team evaluates how your brand is developing on the internet and what your audience&#039;s perception of it is.<\/span><\/p>\n<h4><span style=\"color: #ffcc00;\"><strong><img loading=\"lazy\" decoding=\"async\" class=\"wp-image-2022 size-full alignright\" src=\"http:\/\/verocontents.com.br\/wp-content\/uploads\/2019\/07\/social-geracao-de-leads.png\" alt=\"Social Media - Lead Generation - Vero Contents\" width=\"110\" height=\"110\" srcset=\"https:\/\/verocontents.com.br\/wp-content\/uploads\/2019\/07\/social-geracao-de-leads.png 110w, https:\/\/verocontents.com.br\/wp-content\/uploads\/2019\/07\/social-geracao-de-leads-45x45.png 45w, https:\/\/verocontents.com.br\/wp-content\/uploads\/2019\/07\/social-geracao-de-leads-100x100.png 100w\" sizes=\"(max-width: 110px) 100vw, 110px\" \/><span style=\"color: #ff9900;\">Lead Generation<\/span><\/strong><\/span><\/h4>\n<p><span style=\"font-size: large;\">Social media also plays an important role in generating leads. In addition to developing content to engage your audience on your social media and generate traffic to your website, you can work directly to generate leads. So, if you need a social media lead strategy, count on Vero Contents.<\/span><\/p>\n<h4><span style=\"color: #ffcc00;\"><strong><img loading=\"lazy\" decoding=\"async\" class=\"wp-image-2023 size-full alignleft\" src=\"http:\/\/verocontents.com.br\/wp-content\/uploads\/2019\/07\/social-analise-de-metricas.png\" alt=\"Social Media - Metrics Analysis - Vero Contents\" width=\"110\" height=\"110\" srcset=\"https:\/\/verocontents.com.br\/wp-content\/uploads\/2019\/07\/social-analise-de-metricas.png 110w, https:\/\/verocontents.com.br\/wp-content\/uploads\/2019\/07\/social-analise-de-metricas-45x45.png 45w, https:\/\/verocontents.com.br\/wp-content\/uploads\/2019\/07\/social-analise-de-metricas-100x100.png 100w\" sizes=\"(max-width: 110px) 100vw, 110px\" \/><span style=\"color: #ff9900;\">Metrics Analysis<\/span><\/strong><\/span><\/h4>\n<p><span style=\"font-size: large;\">Evaluate and evolve. On social media, it is also necessary to continually evaluate metrics, with the aim of improving your audience&#039;s engagement and your company&#039;s presence on social media. Therefore, our team constantly seeks to improve the work carried out on the networks, always focusing on results. <\/span><\/p>\n<p><span style=\"font-size: large;\"><a href=\"https:\/\/verocontents.com\/fale-com-um-especialista\" target=\"_blank\" rel=\"noopener noreferrer\">Speak to one of Vero Contents\u2019 experts<\/a>. So, see how social media can help your business.<\/span><\/p>\n<h4><span style=\"color: #ff9900;\">Do you want to solve your digital marketing? Fill out the form and talk to us!<\/span><\/h4>\n\n<div class=\"wpcf7 no-js\" id=\"wpcf7-f708-o1\" lang=\"pt-BR\" dir=\"ltr\" data-wpcf7-id=\"708\">\n<div class=\"screen-reader-response\"><p role=\"status\" aria-live=\"polite\" aria-atomic=\"true\"><\/p> <ul><\/ul><\/div>\n<form action=\"\/en\/wp-json\/wp\/v2\/pages\/176#wpcf7-f708-o1\" method=\"post\" class=\"wpcf7-form init\" aria-label=\"Contact forms\" novalidate=\"novalidate\" data-status=\"init\" data-trp-original-action=\"\/en\/wp-json\/wp\/v2\/pages\/176#wpcf7-f708-o1\">\n<fieldset class=\"hidden-fields-container\"><input type=\"hidden\" name=\"_wpcf7\" value=\"708\" \/><input type=\"hidden\" name=\"_wpcf7_version\" value=\"6.1.5\" \/><input type=\"hidden\" name=\"_wpcf7_locale\" value=\"pt_BR\" \/><input type=\"hidden\" name=\"_wpcf7_unit_tag\" value=\"wpcf7-f708-o1\" \/><input type=\"hidden\" name=\"_wpcf7_container_post\" value=\"0\" \/><input type=\"hidden\" name=\"_wpcf7_posted_data_hash\" value=\"\" \/>\n<\/fieldset>\n<p><label> Your Name (required)<br \/>\n<span class=\"wpcf7-form-control-wrap\" data-name=\"seu-nome\"><input size=\"40\" maxlength=\"400\" class=\"wpcf7-form-control wpcf7-text wpcf7-validates-as-required\" aria-required=\"true\" aria-invalid=\"false\" value=\"\" type=\"text\" name=\"seu-nome\" \/><\/span> <\/label>\n<\/p>\n<p><label> Your Email (required)<br \/>\n<span class=\"wpcf7-form-control-wrap\" data-name=\"seu-email\"><input size=\"40\" maxlength=\"400\" class=\"wpcf7-form-control wpcf7-email wpcf7-validates-as-required wpcf7-text wpcf7-validates-as-email\" aria-required=\"true\" aria-invalid=\"false\" value=\"\" type=\"email\" name=\"seu-email\" \/><\/span> <\/label>\n<\/p>\n<p><label> Telephone<br \/>\n<span class=\"wpcf7-form-control-wrap\" data-name=\"tel\"><input size=\"40\" maxlength=\"400\" class=\"wpcf7-form-control wpcf7-tel wpcf7-validates-as-required wpcf7-text wpcf7-validates-as-tel\" aria-required=\"true\" aria-invalid=\"false\" value=\"\" type=\"tel\" name=\"tel\" \/><\/span> <\/label>\n<\/p>\n<p><label> Message<br \/>\n<span class=\"wpcf7-form-control-wrap\" data-name=\"mensagem\"><textarea cols=\"40\" rows=\"10\" maxlength=\"2000\" class=\"wpcf7-form-control wpcf7-textarea\" aria-invalid=\"false\" name=\"mensagem\"><\/textarea><\/span> <\/label>\n<\/p>\n<p><input class=\"wpcf7-form-control wpcf7-submit has-spinner\" type=\"submit\" value=\"SEND\" \/>\n<\/p>\n<p><div id=\"cf7sr-69d4f15140490\" class=\"cf7sr-g-recaptcha\" data-theme=\"light\" data-type=\"image\" data-size=\"normal\" data-sitekey=\"6LceHTkUAAAAAE1vbi1ElOgB69UfBH8GnGFuDdf4\"><\/div><span class=\"wpcf7-form-control-wrap cf7sr-recaptcha\" data-name=\"cf7sr-recaptcha\"><input type=\"hidden\" name=\"cf7sr-recaptcha\" value=\"\" class=\"wpcf7-form-control\"><\/span>\n<\/p><div class=\"wpcf7-response-output\" aria-hidden=\"true\"><\/div>\n<input type=\"hidden\" name=\"trp-form-language\" value=\"en\"\/><\/form>\n<\/div>","protected":false},"excerpt":{"rendered":"<p>Social media management: being present on social media is a must for any company these days. Therefore, relating and being closer to the customer is the biggest benefit that social networks can provide. Vero Contents has<\/p>","protected":false},"author":1,"featured_media":2082,"parent":4398,"menu_order":0,"comment_status":"closed","ping_status":"closed","template":"","meta":{"_monsterinsights_skip_tracking":false,"_monsterinsights_sitenote_active":false,"_monsterinsights_sitenote_note":"","_monsterinsights_sitenote_category":0,"footnotes":""},"class_list":["post-176","page","type-page","status-publish","has-post-thumbnail","hentry"],"yoast_head":"<!-- This site is optimized with the Yoast SEO Premium plugin v26.9 (Yoast SEO v27.0) - https:\/\/yoast.com\/product\/yoast-seo-premium-wordpress\/ -->\n<title>Gest\u00e3o de Redes Sociais - Vero Contents<\/title>\n<meta name=\"description\" content=\"A Vero Contents possui uma equipe de especialistas em gest\u00e3o de redes sociais para tornar essa rela\u00e7\u00e3o um verdadeiro sucesso.\" \/>\n<meta name=\"robots\" content=\"index, follow, max-snippet:-1, max-image-preview:large, max-video-preview:-1\" \/>\n<link rel=\"canonical\" href=\"https:\/\/verocontents.com.br\/en\/services\/social-media\/\" \/>\n<meta property=\"og:locale\" content=\"en_US\" \/>\n<meta property=\"og:type\" content=\"article\" \/>\n<meta property=\"og:title\" content=\"Redes Sociais\" \/>\n<meta property=\"og:description\" content=\"A Vero Contents possui uma equipe de especialistas em gest\u00e3o de redes sociais para tornar essa rela\u00e7\u00e3o um verdadeiro sucesso.\" \/>\n<meta property=\"og:url\" content=\"https:\/\/verocontents.com.br\/en\/services\/social-media\/\" \/>\n<meta property=\"og:site_name\" content=\"Vero Contents\" \/>\n<meta property=\"article:publisher\" content=\"https:\/\/www.facebook.com\/verocontents\/\" \/>\n<meta property=\"article:modified_time\" content=\"2024-05-06T15:57:58+00:00\" \/>\n<meta property=\"og:image\" content=\"https:\/\/verocontents.com.br\/wp-content\/uploads\/2019\/07\/carrossel-home-redes-sociais.png\" \/>\n\t<meta property=\"og:image:width\" content=\"120\" \/>\n\t<meta property=\"og:image:height\" content=\"120\" \/>\n\t<meta property=\"og:image:type\" content=\"image\/png\" \/>\n<meta name=\"twitter:card\" content=\"summary_large_image\" \/>\n<meta name=\"twitter:site\" content=\"@marcelcast\" \/>\n<meta name=\"twitter:label1\" content=\"Est. reading time\" \/>\n\t<meta name=\"twitter:data1\" content=\"4 minutes\" \/>\n<script type=\"application\/ld+json\" class=\"yoast-schema-graph\">{\"@context\":\"https:\/\/schema.org\",\"@graph\":[{\"@type\":\"WebPage\",\"@id\":\"https:\/\/verocontents.com.br\/servicos\/redes-sociais\/\",\"url\":\"https:\/\/verocontents.com.br\/servicos\/redes-sociais\/\",\"name\":\"Gest\u00e3o de Redes Sociais - Vero Contents\",\"isPartOf\":{\"@id\":\"https:\/\/verocontents.com.br\/#website\"},\"primaryImageOfPage\":{\"@id\":\"https:\/\/verocontents.com.br\/servicos\/redes-sociais\/#primaryimage\"},\"image\":{\"@id\":\"https:\/\/verocontents.com.br\/servicos\/redes-sociais\/#primaryimage\"},\"thumbnailUrl\":\"https:\/\/verocontents.com.br\/wp-content\/uploads\/2019\/07\/carrossel-home-redes-sociais.png\",\"datePublished\":\"2017-03-13T15:23:57+00:00\",\"dateModified\":\"2024-05-06T15:57:58+00:00\",\"description\":\"A Vero Contents possui uma equipe de especialistas em gest\u00e3o de redes sociais para tornar essa rela\u00e7\u00e3o um verdadeiro sucesso.\",\"breadcrumb\":{\"@id\":\"https:\/\/verocontents.com.br\/servicos\/redes-sociais\/#breadcrumb\"},\"inLanguage\":\"en-US\",\"potentialAction\":[{\"@type\":\"ReadAction\",\"target\":[\"https:\/\/verocontents.com.br\/servicos\/redes-sociais\/\"]}]},{\"@type\":\"ImageObject\",\"inLanguage\":\"en-US\",\"@id\":\"https:\/\/verocontents.com.br\/servicos\/redes-sociais\/#primaryimage\",\"url\":\"https:\/\/verocontents.com.br\/wp-content\/uploads\/2019\/07\/carrossel-home-redes-sociais.png\",\"contentUrl\":\"https:\/\/verocontents.com.br\/wp-content\/uploads\/2019\/07\/carrossel-home-redes-sociais.png\",\"width\":120,\"height\":120,\"caption\":\"Redes Sociais\"},{\"@type\":\"BreadcrumbList\",\"@id\":\"https:\/\/verocontents.com.br\/servicos\/redes-sociais\/#breadcrumb\",\"itemListElement\":[{\"@type\":\"ListItem\",\"position\":1,\"name\":\"Home\",\"item\":\"https:\/\/verocontents.com.br\/\"},{\"@type\":\"ListItem\",\"position\":2,\"name\":\"Servi\u00e7os\",\"item\":\"https:\/\/verocontents.com.br\/servicos\/\"},{\"@type\":\"ListItem\",\"position\":3,\"name\":\"Redes Sociais\"}]},{\"@type\":\"WebSite\",\"@id\":\"https:\/\/verocontents.com.br\/#website\",\"url\":\"https:\/\/verocontents.com.br\/\",\"name\":\"Vero Contents\",\"description\":\"Ag\u00eancia de Marketing Digital e Inbound Marketing\",\"publisher\":{\"@id\":\"https:\/\/verocontents.com.br\/#organization\"},\"potentialAction\":[{\"@type\":\"SearchAction\",\"target\":{\"@type\":\"EntryPoint\",\"urlTemplate\":\"https:\/\/verocontents.com.br\/?s={search_term_string}\"},\"query-input\":{\"@type\":\"PropertyValueSpecification\",\"valueRequired\":true,\"valueName\":\"search_term_string\"}}],\"inLanguage\":\"en-US\"},{\"@type\":\"Organization\",\"@id\":\"https:\/\/verocontents.com.br\/#organization\",\"name\":\"Vero Contents\",\"url\":\"https:\/\/verocontents.com.br\/\",\"logo\":{\"@type\":\"ImageObject\",\"inLanguage\":\"en-US\",\"@id\":\"https:\/\/verocontents.com.br\/#\/schema\/logo\/image\/\",\"url\":\"http:\/\/verocontents.com.br\/wp-content\/uploads\/2017\/02\/logo-vero-contents.png\",\"contentUrl\":\"http:\/\/verocontents.com.br\/wp-content\/uploads\/2017\/02\/logo-vero-contents.png\",\"width\":240,\"height\":70,\"caption\":\"Vero Contents\"},\"image\":{\"@id\":\"https:\/\/verocontents.com.br\/#\/schema\/logo\/image\/\"},\"sameAs\":[\"https:\/\/www.facebook.com\/verocontents\/\",\"https:\/\/x.com\/marcelcast\",\"https:\/\/www.instagram.com\/verocommkt\/\",\"https:\/\/www.linkedin.com\/company\/vero-comunica-o-e-marketing\",\"http:\/\/www.pinterest.com\/marcelcsouza\",\"https:\/\/www.youtube.com\/channel\/UC0HHv6AQKtsUWqa21C5gX9Q\"]}]}<\/script>\n<!-- \/ Yoast SEO Premium plugin. -->","yoast_head_json":{"title":"Social Media Management - Vero Contents","description":"Vero Contents has a team of experts in social media management to make this relationship a real success.","robots":{"index":"index","follow":"follow","max-snippet":"max-snippet:-1","max-image-preview":"max-image-preview:large","max-video-preview":"max-video-preview:-1"},"canonical":"https:\/\/verocontents.com.br\/en\/services\/social-media\/","og_locale":"en_US","og_type":"article","og_title":"Redes Sociais","og_description":"A Vero Contents possui uma equipe de especialistas em gest\u00e3o de redes sociais para tornar essa rela\u00e7\u00e3o um verdadeiro sucesso.","og_url":"https:\/\/verocontents.com.br\/en\/services\/social-media\/","og_site_name":"Vero Contents","article_publisher":"https:\/\/www.facebook.com\/verocontents\/","article_modified_time":"2024-05-06T15:57:58+00:00","og_image":[{"width":120,"height":120,"url":"https:\/\/verocontents.com.br\/wp-content\/uploads\/2019\/07\/carrossel-home-redes-sociais.png","type":"image\/png"}],"twitter_card":"summary_large_image","twitter_site":"@marcelcast","twitter_misc":{"Est. reading time":"4 minutes"},"schema":{"@context":"https:\/\/schema.org","@graph":[{"@type":"WebPage","@id":"https:\/\/verocontents.com.br\/servicos\/redes-sociais\/","url":"https:\/\/verocontents.com.br\/servicos\/redes-sociais\/","name":"Social Media Management - Vero Contents","isPartOf":{"@id":"https:\/\/verocontents.com.br\/#website"},"primaryImageOfPage":{"@id":"https:\/\/verocontents.com.br\/servicos\/redes-sociais\/#primaryimage"},"image":{"@id":"https:\/\/verocontents.com.br\/servicos\/redes-sociais\/#primaryimage"},"thumbnailUrl":"https:\/\/verocontents.com.br\/wp-content\/uploads\/2019\/07\/carrossel-home-redes-sociais.png","datePublished":"2017-03-13T15:23:57+00:00","dateModified":"2024-05-06T15:57:58+00:00","description":"Vero Contents has a team of experts in social media management to make this relationship a real success.","breadcrumb":{"@id":"https:\/\/verocontents.com.br\/servicos\/redes-sociais\/#breadcrumb"},"inLanguage":"en-US","potentialAction":[{"@type":"ReadAction","target":["https:\/\/verocontents.com.br\/servicos\/redes-sociais\/"]}]},{"@type":"ImageObject","inLanguage":"en-US","@id":"https:\/\/verocontents.com.br\/servicos\/redes-sociais\/#primaryimage","url":"https:\/\/verocontents.com.br\/wp-content\/uploads\/2019\/07\/carrossel-home-redes-sociais.png","contentUrl":"https:\/\/verocontents.com.br\/wp-content\/uploads\/2019\/07\/carrossel-home-redes-sociais.png","width":120,"height":120,"caption":"Redes Sociais"},{"@type":"BreadcrumbList","@id":"https:\/\/verocontents.com.br\/servicos\/redes-sociais\/#breadcrumb","itemListElement":[{"@type":"ListItem","position":1,"name":"Home","item":"https:\/\/verocontents.com.br\/"},{"@type":"ListItem","position":2,"name":"Servi\u00e7os","item":"https:\/\/verocontents.com.br\/servicos\/"},{"@type":"ListItem","position":3,"name":"Redes Sociais"}]},{"@type":"WebSite","@id":"https:\/\/verocontents.com.br\/#website","url":"https:\/\/verocontents.com.br\/","name":"Vero Contents","description":"Digital Marketing and Inbound Marketing Agency","publisher":{"@id":"https:\/\/verocontents.com.br\/#organization"},"potentialAction":[{"@type":"SearchAction","target":{"@type":"EntryPoint","urlTemplate":"https:\/\/verocontents.com.br\/?s={search_term_string}"},"query-input":{"@type":"PropertyValueSpecification","valueRequired":true,"valueName":"search_term_string"}}],"inLanguage":"en-US"},{"@type":"Organization","@id":"https:\/\/verocontents.com.br\/#organization","name":"Vero Contents","url":"https:\/\/verocontents.com.br\/","logo":{"@type":"ImageObject","inLanguage":"en-US","@id":"https:\/\/verocontents.com.br\/#\/schema\/logo\/image\/","url":"http:\/\/verocontents.com.br\/wp-content\/uploads\/2017\/02\/logo-vero-contents.png","contentUrl":"http:\/\/verocontents.com.br\/wp-content\/uploads\/2017\/02\/logo-vero-contents.png","width":240,"height":70,"caption":"Vero Contents"},"image":{"@id":"https:\/\/verocontents.com.br\/#\/schema\/logo\/image\/"},"sameAs":["https:\/\/www.facebook.com\/verocontents\/","https:\/\/x.com\/marcelcast","https:\/\/www.instagram.com\/verocommkt\/","https:\/\/www.linkedin.com\/company\/vero-comunica-o-e-marketing","http:\/\/www.pinterest.com\/marcelcsouza","https:\/\/www.youtube.com\/channel\/UC0HHv6AQKtsUWqa21C5gX9Q"]}]}},"_links":{"self":[{"href":"https:\/\/verocontents.com.br\/en\/wp-json\/wp\/v2\/pages\/176","targetHints":{"allow":["GET"]}}],"collection":[{"href":"https:\/\/verocontents.com.br\/en\/wp-json\/wp\/v2\/pages"}],"about":[{"href":"https:\/\/verocontents.com.br\/en\/wp-json\/wp\/v2\/types\/page"}],"author":[{"embeddable":true,"href":"https:\/\/verocontents.com.br\/en\/wp-json\/wp\/v2\/users\/1"}],"replies":[{"embeddable":true,"href":"https:\/\/verocontents.com.br\/en\/wp-json\/wp\/v2\/comments?post=176"}],"version-history":[{"count":1,"href":"https:\/\/verocontents.com.br\/en\/wp-json\/wp\/v2\/pages\/176\/revisions"}],"predecessor-version":[{"id":4402,"href":"https:\/\/verocontents.com.br\/en\/wp-json\/wp\/v2\/pages\/176\/revisions\/4402"}],"up":[{"embeddable":true,"href":"https:\/\/verocontents.com.br\/en\/wp-json\/wp\/v2\/pages\/4398"}],"wp:featuredmedia":[{"embeddable":true,"href":"https:\/\/verocontents.com.br\/en\/wp-json\/wp\/v2\/media\/2082"}],"wp:attachment":[{"href":"https:\/\/verocontents.com.br\/en\/wp-json\/wp\/v2\/media?parent=176"}],"curies":[{"name":"wp","href":"https:\/\/api.w.org\/{rel}","templated":true}]}}