{"id":162,"date":"2017-03-08T23:07:56","date_gmt":"2017-03-09T02:07:56","guid":{"rendered":"https:\/\/verocontents.com.br\/?page_id=162"},"modified":"2024-02-08T23:05:44","modified_gmt":"2024-02-09T02:05:44","slug":"paid-traffic","status":"publish","type":"page","link":"https:\/\/verocontents.com.br\/en\/services\/paid-traffic\/","title":{"rendered":"Paid Traffic"},"content":{"rendered":"<p><span style=\"font-size: large;\">There are several tools that can be used to generate paid traffic or <a href=\"https:\/\/verocontents.com.br\/en\/blog\/paid-media-understand-why-it-is-important-to-invest\/\">paid media<\/a>. Be it sponsored links, paid social media campaigns, such as Facebook Ads, Instagram Ads, LinkedIn Ads or Pinterest Ads, or even the use of programmatic media platforms. The solution for each project comes from accurate and individualized planning.\u00a0<\/span><\/p>\n<p><span style=\"font-size: large;\">Plan, Execute, Optimize and Analyze are the four stages of these tools that work with continuous adjustments and research.<\/span><\/p>\n<h4><span style=\"color: #ff9900;\"><strong><img decoding=\"async\" class=\"wp-image-2031 size-full alignleft\" src=\"http:\/\/verocontents.com.br\/wp-content\/uploads\/2019\/07\/links-patrocinados-planejar.png\" alt=\"Sponsored Links - Plan - Vero Contents\" width=\"110\" height=\"110\" srcset=\"https:\/\/verocontents.com.br\/wp-content\/uploads\/2019\/07\/links-patrocinados-planejar.png 110w, https:\/\/verocontents.com.br\/wp-content\/uploads\/2019\/07\/links-patrocinados-planejar-45x45.png 45w, https:\/\/verocontents.com.br\/wp-content\/uploads\/2019\/07\/links-patrocinados-planejar-100x100.png 100w\" sizes=\"(max-width: 110px) 100vw, 110px\" \/><span style=\"color: #ff9900;\">to plan<\/span><\/strong><\/span><\/h4>\n<p><span style=\"font-size: large;\">Planning is the first stage to a great paid traffic campaign. Therefore, analyzing the competition, researching the market and creating strategies according to the sales funnel, the visitor&#039;s purchasing stage and the service\/product offered are our team&#039;s first tasks.<\/span><\/p>\n<h4><span style=\"color: #ff9900;\"><strong><img decoding=\"async\" class=\"wp-image-2032 size-full alignright\" src=\"http:\/\/verocontents.com.br\/wp-content\/uploads\/2019\/07\/links-patrocinados-executar.png\" alt=\"Sponsored Links - Execute - Vero Contents\" width=\"110\" height=\"110\" srcset=\"https:\/\/verocontents.com.br\/wp-content\/uploads\/2019\/07\/links-patrocinados-executar.png 110w, https:\/\/verocontents.com.br\/wp-content\/uploads\/2019\/07\/links-patrocinados-executar-45x45.png 45w, https:\/\/verocontents.com.br\/wp-content\/uploads\/2019\/07\/links-patrocinados-executar-100x100.png 100w\" sizes=\"(max-width: 110px) 100vw, 110px\" \/><span style=\"color: #ff9900;\">To execute<\/span><\/strong><\/span><\/h4>\n<p><span style=\"font-size: large;\">One of the secrets to creating a winning paid traffic campaign is searching for keywords correctly. In this way, the <em>keywords<\/em> they must be relevant to the client&#039;s business or, in the opposite case, they must be negative. Therefore, the intersection of these words, with ad writing and website engineering is the perfect combination for success. We still have banners for the display network and remarketing campaigns. This is only talking about sponsored links, but the execution of campaigns on social media involves exact segmentation, with the aim of reaching the customer persona. There is also care in carrying out A\/B tests so that the best ad is always found.<\/span><\/p>\n<h4><span style=\"color: #ff9900;\"><strong><img decoding=\"async\" class=\"wp-image-2033 size-full alignleft\" src=\"http:\/\/verocontents.com.br\/wp-content\/uploads\/2019\/07\/links-patrocinados-otimizar.png\" alt=\"Sponsored Links - Optimize - Vero Contents\" width=\"110\" height=\"110\" srcset=\"https:\/\/verocontents.com.br\/wp-content\/uploads\/2019\/07\/links-patrocinados-otimizar.png 110w, https:\/\/verocontents.com.br\/wp-content\/uploads\/2019\/07\/links-patrocinados-otimizar-45x45.png 45w, https:\/\/verocontents.com.br\/wp-content\/uploads\/2019\/07\/links-patrocinados-otimizar-100x100.png 100w\" sizes=\"(max-width: 110px) 100vw, 110px\" \/><span style=\"color: #ff9900;\">Optimize<\/span><\/strong><\/span><\/h4>\n<p><span style=\"font-size: large;\">Another secret of a paid traffic campaign is optimization. Therefore, making constant fine adjustments so that the campaign hits the target is a task for our team. Daily panel analysis, continuous testing, return on investment (ROI) analysis and performance reports will ensure the necessary adjustments.<\/span><\/p>\n<h4><span style=\"color: #ff9900;\"><strong><img loading=\"lazy\" decoding=\"async\" class=\"wp-image-2034 size-full alignright\" src=\"http:\/\/verocontents.com.br\/wp-content\/uploads\/2019\/07\/links-patrocinados-analisar.png\" alt=\"Sponsored Links - Analyze - Vero Contents\" width=\"110\" height=\"110\" srcset=\"https:\/\/verocontents.com.br\/wp-content\/uploads\/2019\/07\/links-patrocinados-analisar.png 110w, https:\/\/verocontents.com.br\/wp-content\/uploads\/2019\/07\/links-patrocinados-analisar-45x45.png 45w, https:\/\/verocontents.com.br\/wp-content\/uploads\/2019\/07\/links-patrocinados-analisar-100x100.png 100w\" sizes=\"(max-width: 110px) 100vw, 110px\" \/><span style=\"color: #ff9900;\">To analyze<\/span><\/strong><\/span><\/h4>\n<p><span style=\"font-size: large;\">The optimization phase already requires analysis by our analysts. Even so, after each month of the campaign, our team meets to analyze what happened in the previous month. Therefore, further fine-tuning may be necessary to ensure the campaign stays 100%.<\/span><\/p>\n<p><span style=\"font-size: large;\">Furthermore, as digital marketing always evolves, our team is constantly looking for new tools and solutions for expressive and fast results. <\/span><\/p>\n<h4><span style=\"color: #ff9900;\">Do you want to solve your digital marketing? Fill out the form and talk to us!<\/span><\/h4>\n\n<div class=\"wpcf7 no-js\" id=\"wpcf7-f708-o1\" lang=\"pt-BR\" dir=\"ltr\" data-wpcf7-id=\"708\">\n<div class=\"screen-reader-response\"><p role=\"status\" aria-live=\"polite\" aria-atomic=\"true\"><\/p> <ul><\/ul><\/div>\n<form action=\"\/en\/wp-json\/wp\/v2\/pages\/162#wpcf7-f708-o1\" method=\"post\" class=\"wpcf7-form init\" aria-label=\"Contact forms\" novalidate=\"novalidate\" data-status=\"init\" data-trp-original-action=\"\/en\/wp-json\/wp\/v2\/pages\/162#wpcf7-f708-o1\">\n<fieldset class=\"hidden-fields-container\"><input type=\"hidden\" name=\"_wpcf7\" value=\"708\" \/><input type=\"hidden\" name=\"_wpcf7_version\" value=\"6.1.5\" \/><input type=\"hidden\" name=\"_wpcf7_locale\" value=\"pt_BR\" \/><input type=\"hidden\" name=\"_wpcf7_unit_tag\" value=\"wpcf7-f708-o1\" \/><input type=\"hidden\" name=\"_wpcf7_container_post\" value=\"0\" \/><input type=\"hidden\" name=\"_wpcf7_posted_data_hash\" value=\"\" \/>\n<\/fieldset>\n<p><label> Your Name (required)<br \/>\n<span class=\"wpcf7-form-control-wrap\" data-name=\"seu-nome\"><input size=\"40\" maxlength=\"400\" class=\"wpcf7-form-control wpcf7-text wpcf7-validates-as-required\" aria-required=\"true\" aria-invalid=\"false\" value=\"\" type=\"text\" name=\"seu-nome\" \/><\/span> <\/label>\n<\/p>\n<p><label> Your Email (required)<br \/>\n<span class=\"wpcf7-form-control-wrap\" data-name=\"seu-email\"><input size=\"40\" maxlength=\"400\" class=\"wpcf7-form-control wpcf7-email wpcf7-validates-as-required wpcf7-text wpcf7-validates-as-email\" aria-required=\"true\" aria-invalid=\"false\" value=\"\" type=\"email\" name=\"seu-email\" \/><\/span> <\/label>\n<\/p>\n<p><label> Telephone<br \/>\n<span class=\"wpcf7-form-control-wrap\" data-name=\"tel\"><input size=\"40\" maxlength=\"400\" class=\"wpcf7-form-control wpcf7-tel wpcf7-validates-as-required wpcf7-text wpcf7-validates-as-tel\" aria-required=\"true\" aria-invalid=\"false\" value=\"\" type=\"tel\" name=\"tel\" \/><\/span> <\/label>\n<\/p>\n<p><label> Message<br \/>\n<span class=\"wpcf7-form-control-wrap\" data-name=\"mensagem\"><textarea cols=\"40\" rows=\"10\" maxlength=\"2000\" class=\"wpcf7-form-control wpcf7-textarea\" aria-invalid=\"false\" name=\"mensagem\"><\/textarea><\/span> <\/label>\n<\/p>\n<p><input class=\"wpcf7-form-control wpcf7-submit has-spinner\" type=\"submit\" value=\"SEND\" \/>\n<\/p>\n<p><div id=\"cf7sr-69d4f151f0ce8\" class=\"cf7sr-g-recaptcha\" data-theme=\"light\" data-type=\"image\" data-size=\"normal\" data-sitekey=\"6LceHTkUAAAAAE1vbi1ElOgB69UfBH8GnGFuDdf4\"><\/div><span class=\"wpcf7-form-control-wrap cf7sr-recaptcha\" data-name=\"cf7sr-recaptcha\"><input type=\"hidden\" name=\"cf7sr-recaptcha\" value=\"\" class=\"wpcf7-form-control\"><\/span>\n<\/p><div class=\"wpcf7-response-output\" aria-hidden=\"true\"><\/div>\n<input type=\"hidden\" name=\"trp-form-language\" value=\"en\"\/><\/form>\n<\/div>","protected":false},"excerpt":{"rendered":"<p>There are several tools that can be used to generate paid traffic or paid media. Whether sponsored links, paid social media campaigns, such as Facebook Ads, Instagram Ads, LinkedIn Ads or Pinterest Ads, or even the use<\/p>","protected":false},"author":1,"featured_media":2077,"parent":4398,"menu_order":0,"comment_status":"closed","ping_status":"closed","template":"","meta":{"_monsterinsights_skip_tracking":false,"_monsterinsights_sitenote_active":false,"_monsterinsights_sitenote_note":"","_monsterinsights_sitenote_category":0,"footnotes":""},"class_list":["post-162","page","type-page","status-publish","has-post-thumbnail","hentry"],"yoast_head":"<!-- This site is optimized with the Yoast SEO Premium plugin v26.9 (Yoast SEO v27.0) - https:\/\/yoast.com\/product\/yoast-seo-premium-wordpress\/ -->\n<title>Links patrocinados \u2022 Google Adwords - Vero Contents<\/title>\n<meta name=\"description\" content=\"O ponto de partida na internet s\u00e3o as ferramentas de busca. Os links patrocinados em redes como Google, Yahoo e Bing s\u00e3o especialidade na Vero Contents.\" \/>\n<meta name=\"robots\" content=\"index, follow, max-snippet:-1, max-image-preview:large, max-video-preview:-1\" \/>\n<link rel=\"canonical\" href=\"https:\/\/verocontents.com.br\/en\/services\/paid-traffic\/\" \/>\n<meta property=\"og:locale\" content=\"en_US\" \/>\n<meta property=\"og:type\" content=\"article\" \/>\n<meta property=\"og:title\" content=\"Tr\u00e1fego Pago\" \/>\n<meta property=\"og:description\" content=\"O ponto de partida na internet s\u00e3o as ferramentas de busca. Os links patrocinados em redes como Google, Yahoo e Bing s\u00e3o especialidade na Vero Contents.\" \/>\n<meta property=\"og:url\" content=\"https:\/\/verocontents.com.br\/en\/services\/paid-traffic\/\" \/>\n<meta property=\"og:site_name\" content=\"Vero Contents\" \/>\n<meta property=\"article:publisher\" content=\"https:\/\/www.facebook.com\/verocontents\/\" \/>\n<meta property=\"article:modified_time\" content=\"2024-02-09T02:05:44+00:00\" \/>\n<meta property=\"og:image\" content=\"https:\/\/verocontents.com.br\/wp-content\/uploads\/2019\/07\/carrossel-home-adwords.png\" \/>\n\t<meta property=\"og:image:width\" content=\"120\" \/>\n\t<meta property=\"og:image:height\" content=\"120\" \/>\n\t<meta property=\"og:image:type\" content=\"image\/png\" \/>\n<meta name=\"twitter:card\" content=\"summary_large_image\" \/>\n<meta name=\"twitter:site\" content=\"@marcelcast\" \/>\n<meta name=\"twitter:label1\" content=\"Est. reading time\" \/>\n\t<meta name=\"twitter:data1\" content=\"4 minutes\" \/>\n<script type=\"application\/ld+json\" class=\"yoast-schema-graph\">{\"@context\":\"https:\/\/schema.org\",\"@graph\":[{\"@type\":\"WebPage\",\"@id\":\"https:\/\/verocontents.com.br\/en\/services\/paid-traffic\/\",\"url\":\"https:\/\/verocontents.com.br\/en\/services\/paid-traffic\/\",\"name\":\"Links patrocinados \u2022 Google Adwords - Vero Contents\",\"isPartOf\":{\"@id\":\"https:\/\/verocontents.com.br\/#website\"},\"primaryImageOfPage\":{\"@id\":\"https:\/\/verocontents.com.br\/en\/services\/paid-traffic\/#primaryimage\"},\"image\":{\"@id\":\"https:\/\/verocontents.com.br\/en\/services\/paid-traffic\/#primaryimage\"},\"thumbnailUrl\":\"https:\/\/verocontents.com.br\/wp-content\/uploads\/2019\/07\/carrossel-home-adwords.png\",\"datePublished\":\"2017-03-09T02:07:56+00:00\",\"dateModified\":\"2024-02-09T02:05:44+00:00\",\"description\":\"O ponto de partida na internet s\u00e3o as ferramentas de busca. Os links patrocinados em redes como Google, Yahoo e Bing s\u00e3o especialidade na Vero Contents.\",\"breadcrumb\":{\"@id\":\"https:\/\/verocontents.com.br\/en\/services\/paid-traffic\/#breadcrumb\"},\"inLanguage\":\"en-US\",\"potentialAction\":[{\"@type\":\"ReadAction\",\"target\":[\"https:\/\/verocontents.com.br\/en\/services\/paid-traffic\/\"]}]},{\"@type\":\"ImageObject\",\"inLanguage\":\"en-US\",\"@id\":\"https:\/\/verocontents.com.br\/en\/services\/paid-traffic\/#primaryimage\",\"url\":\"https:\/\/verocontents.com.br\/wp-content\/uploads\/2019\/07\/carrossel-home-adwords.png\",\"contentUrl\":\"https:\/\/verocontents.com.br\/wp-content\/uploads\/2019\/07\/carrossel-home-adwords.png\",\"width\":120,\"height\":120,\"caption\":\"Google Adwords e Links Patrocinados\"},{\"@type\":\"BreadcrumbList\",\"@id\":\"https:\/\/verocontents.com.br\/en\/services\/paid-traffic\/#breadcrumb\",\"itemListElement\":[{\"@type\":\"ListItem\",\"position\":1,\"name\":\"Home\",\"item\":\"https:\/\/verocontents.com.br\/\"},{\"@type\":\"ListItem\",\"position\":2,\"name\":\"Servi\u00e7os\",\"item\":\"https:\/\/verocontents.com.br\/servicos\/\"},{\"@type\":\"ListItem\",\"position\":3,\"name\":\"Tr\u00e1fego Pago\"}]},{\"@type\":\"WebSite\",\"@id\":\"https:\/\/verocontents.com.br\/#website\",\"url\":\"https:\/\/verocontents.com.br\/\",\"name\":\"Vero Contents\",\"description\":\"Ag\u00eancia de Marketing Digital e Inbound Marketing\",\"publisher\":{\"@id\":\"https:\/\/verocontents.com.br\/#organization\"},\"potentialAction\":[{\"@type\":\"SearchAction\",\"target\":{\"@type\":\"EntryPoint\",\"urlTemplate\":\"https:\/\/verocontents.com.br\/?s={search_term_string}\"},\"query-input\":{\"@type\":\"PropertyValueSpecification\",\"valueRequired\":true,\"valueName\":\"search_term_string\"}}],\"inLanguage\":\"en-US\"},{\"@type\":\"Organization\",\"@id\":\"https:\/\/verocontents.com.br\/#organization\",\"name\":\"Vero Contents\",\"url\":\"https:\/\/verocontents.com.br\/\",\"logo\":{\"@type\":\"ImageObject\",\"inLanguage\":\"en-US\",\"@id\":\"https:\/\/verocontents.com.br\/#\/schema\/logo\/image\/\",\"url\":\"http:\/\/verocontents.com.br\/wp-content\/uploads\/2017\/02\/logo-vero-contents.png\",\"contentUrl\":\"http:\/\/verocontents.com.br\/wp-content\/uploads\/2017\/02\/logo-vero-contents.png\",\"width\":240,\"height\":70,\"caption\":\"Vero Contents\"},\"image\":{\"@id\":\"https:\/\/verocontents.com.br\/#\/schema\/logo\/image\/\"},\"sameAs\":[\"https:\/\/www.facebook.com\/verocontents\/\",\"https:\/\/x.com\/marcelcast\",\"https:\/\/www.instagram.com\/verocommkt\/\",\"https:\/\/www.linkedin.com\/company\/vero-comunica-o-e-marketing\",\"http:\/\/www.pinterest.com\/marcelcsouza\",\"https:\/\/www.youtube.com\/channel\/UC0HHv6AQKtsUWqa21C5gX9Q\"]}]}<\/script>\n<!-- \/ Yoast SEO Premium plugin. -->","yoast_head_json":{"title":"Sponsored links \u2022 Google Adwords - Vero Contents","description":"The starting point on the internet is search tools. Sponsored links on networks such as Google, Yahoo and Bing are a specialty at Vero Contents.","robots":{"index":"index","follow":"follow","max-snippet":"max-snippet:-1","max-image-preview":"max-image-preview:large","max-video-preview":"max-video-preview:-1"},"canonical":"https:\/\/verocontents.com.br\/en\/services\/paid-traffic\/","og_locale":"en_US","og_type":"article","og_title":"Tr\u00e1fego Pago","og_description":"O ponto de partida na internet s\u00e3o as ferramentas de busca. Os links patrocinados em redes como Google, Yahoo e Bing s\u00e3o especialidade na Vero Contents.","og_url":"https:\/\/verocontents.com.br\/en\/services\/paid-traffic\/","og_site_name":"Vero Contents","article_publisher":"https:\/\/www.facebook.com\/verocontents\/","article_modified_time":"2024-02-09T02:05:44+00:00","og_image":[{"width":120,"height":120,"url":"https:\/\/verocontents.com.br\/wp-content\/uploads\/2019\/07\/carrossel-home-adwords.png","type":"image\/png"}],"twitter_card":"summary_large_image","twitter_site":"@marcelcast","twitter_misc":{"Est. reading time":"4 minutes"},"schema":{"@context":"https:\/\/schema.org","@graph":[{"@type":"WebPage","@id":"https:\/\/verocontents.com.br\/en\/services\/paid-traffic\/","url":"https:\/\/verocontents.com.br\/en\/services\/paid-traffic\/","name":"Sponsored links \u2022 Google Adwords - Vero Contents","isPartOf":{"@id":"https:\/\/verocontents.com.br\/#website"},"primaryImageOfPage":{"@id":"https:\/\/verocontents.com.br\/en\/services\/paid-traffic\/#primaryimage"},"image":{"@id":"https:\/\/verocontents.com.br\/en\/services\/paid-traffic\/#primaryimage"},"thumbnailUrl":"https:\/\/verocontents.com.br\/wp-content\/uploads\/2019\/07\/carrossel-home-adwords.png","datePublished":"2017-03-09T02:07:56+00:00","dateModified":"2024-02-09T02:05:44+00:00","description":"The starting point on the internet is search tools. Sponsored links on networks such as Google, Yahoo and Bing are a specialty at Vero Contents.","breadcrumb":{"@id":"https:\/\/verocontents.com.br\/en\/services\/paid-traffic\/#breadcrumb"},"inLanguage":"en-US","potentialAction":[{"@type":"ReadAction","target":["https:\/\/verocontents.com.br\/en\/services\/paid-traffic\/"]}]},{"@type":"ImageObject","inLanguage":"en-US","@id":"https:\/\/verocontents.com.br\/en\/services\/paid-traffic\/#primaryimage","url":"https:\/\/verocontents.com.br\/wp-content\/uploads\/2019\/07\/carrossel-home-adwords.png","contentUrl":"https:\/\/verocontents.com.br\/wp-content\/uploads\/2019\/07\/carrossel-home-adwords.png","width":120,"height":120,"caption":"Google Adwords e Links Patrocinados"},{"@type":"BreadcrumbList","@id":"https:\/\/verocontents.com.br\/en\/services\/paid-traffic\/#breadcrumb","itemListElement":[{"@type":"ListItem","position":1,"name":"Home","item":"https:\/\/verocontents.com.br\/"},{"@type":"ListItem","position":2,"name":"Servi\u00e7os","item":"https:\/\/verocontents.com.br\/servicos\/"},{"@type":"ListItem","position":3,"name":"Tr\u00e1fego Pago"}]},{"@type":"WebSite","@id":"https:\/\/verocontents.com.br\/#website","url":"https:\/\/verocontents.com.br\/","name":"Vero Contents","description":"Digital Marketing and Inbound Marketing Agency","publisher":{"@id":"https:\/\/verocontents.com.br\/#organization"},"potentialAction":[{"@type":"SearchAction","target":{"@type":"EntryPoint","urlTemplate":"https:\/\/verocontents.com.br\/?s={search_term_string}"},"query-input":{"@type":"PropertyValueSpecification","valueRequired":true,"valueName":"search_term_string"}}],"inLanguage":"en-US"},{"@type":"Organization","@id":"https:\/\/verocontents.com.br\/#organization","name":"Vero Contents","url":"https:\/\/verocontents.com.br\/","logo":{"@type":"ImageObject","inLanguage":"en-US","@id":"https:\/\/verocontents.com.br\/#\/schema\/logo\/image\/","url":"http:\/\/verocontents.com.br\/wp-content\/uploads\/2017\/02\/logo-vero-contents.png","contentUrl":"http:\/\/verocontents.com.br\/wp-content\/uploads\/2017\/02\/logo-vero-contents.png","width":240,"height":70,"caption":"Vero Contents"},"image":{"@id":"https:\/\/verocontents.com.br\/#\/schema\/logo\/image\/"},"sameAs":["https:\/\/www.facebook.com\/verocontents\/","https:\/\/x.com\/marcelcast","https:\/\/www.instagram.com\/verocommkt\/","https:\/\/www.linkedin.com\/company\/vero-comunica-o-e-marketing","http:\/\/www.pinterest.com\/marcelcsouza","https:\/\/www.youtube.com\/channel\/UC0HHv6AQKtsUWqa21C5gX9Q"]}]}},"_links":{"self":[{"href":"https:\/\/verocontents.com.br\/en\/wp-json\/wp\/v2\/pages\/162","targetHints":{"allow":["GET"]}}],"collection":[{"href":"https:\/\/verocontents.com.br\/en\/wp-json\/wp\/v2\/pages"}],"about":[{"href":"https:\/\/verocontents.com.br\/en\/wp-json\/wp\/v2\/types\/page"}],"author":[{"embeddable":true,"href":"https:\/\/verocontents.com.br\/en\/wp-json\/wp\/v2\/users\/1"}],"replies":[{"embeddable":true,"href":"https:\/\/verocontents.com.br\/en\/wp-json\/wp\/v2\/comments?post=162"}],"version-history":[{"count":2,"href":"https:\/\/verocontents.com.br\/en\/wp-json\/wp\/v2\/pages\/162\/revisions"}],"predecessor-version":[{"id":4397,"href":"https:\/\/verocontents.com.br\/en\/wp-json\/wp\/v2\/pages\/162\/revisions\/4397"}],"up":[{"embeddable":true,"href":"https:\/\/verocontents.com.br\/en\/wp-json\/wp\/v2\/pages\/4398"}],"wp:featuredmedia":[{"embeddable":true,"href":"https:\/\/verocontents.com.br\/en\/wp-json\/wp\/v2\/media\/2077"}],"wp:attachment":[{"href":"https:\/\/verocontents.com.br\/en\/wp-json\/wp\/v2\/media?parent=162"}],"curies":[{"name":"wp","href":"https:\/\/api.w.org\/{rel}","templated":true}]}}