{"id":1460,"date":"2018-05-03T17:51:57","date_gmt":"2018-05-03T20:51:57","guid":{"rendered":"https:\/\/verocontents.com.br\/?page_id=1460"},"modified":"2025-01-29T21:32:19","modified_gmt":"2025-01-30T00:32:19","slug":"about-vero-contents","status":"publish","type":"page","link":"https:\/\/verocontents.com.br\/en\/about-vero-contents\/","title":{"rendered":"About Vero Contents"},"content":{"rendered":"<h2><span style=\"color: #ff6600;\">At Vero Contents, Digital Marketing is about Results<\/span><\/h2>\n<p>Vero Contents is a digital marketing agency born from Vero Comunica\u00e7\u00e3o e Marketing (currently VeroCom), founded in 1997. Backed by almost 30 years of experience in the area of marketing and communication, it became an agency with a 100% focus on the digital world, specializing in <em>inbound marketing<\/em> and content generation.<\/p>\n<p>Betting on major partnerships, such as RD Station and Google, understanding from the beginning that the digital market needed to deliver increasingly more results, Vero Contents emerged with the mission of helping companies and entrepreneurs conquer their definitive space in the digital world.<\/p>\n<h2><span style=\"color: #ff6600;\">Services<\/span><\/h2>\n<p>Plan, execute, evaluate and evolve, using the available online tools and media in the best way so that the client can achieve the best results. And more: with integration of online and offline media.<\/p>\n<p>This is more than an objective, it is the reason for Vero\u2019s existence. That way, <a href=\"https:\/\/verocontents.com.br\/en\/services\/inbound-marketing\/\" target=\"_blank\" rel=\"noopener noreferrer\">Inbound Marketing<\/a>, <a href=\"https:\/\/verocontents.com.br\/en\/services\/paid-traffic\/\" target=\"_blank\" rel=\"noopener noreferrer\">Paid Traffic<\/a>, <a href=\"https:\/\/verocontents.com.br\/en\/services\/social-media\/\" target=\"_blank\" rel=\"noopener noreferrer\">Social Media<\/a>, <a href=\"https:\/\/verocontents.com.br\/en\/services\/design-and-technology\/\" target=\"_blank\" rel=\"noopener noreferrer\">Design and Technology<\/a>, <a href=\"https:\/\/verocontents.com.br\/en\/services\/search-engine-optimization\/\" target=\"_blank\" rel=\"noopener noreferrer\">SEO<\/a> e <a href=\"https:\/\/verocontents.com.br\/en\/services\/virtual-stores\/\">Online Shopping Store<\/a> They work together or separately, depending on the client&#039;s needs.<\/p>\n<p>Browse our website and visit our <a href=\"https:\/\/verocontents.com.br\/en\/blog\/\" target=\"_blank\" rel=\"noopener noreferrer\">blog<\/a>, where various digital marketing and entrepreneurship content will be available. And if you want, enjoy and <a href=\"https:\/\/verocontents.com.br\/en\/free-materials-vero-contents\/\" target=\"_blank\" rel=\"noopener noreferrer\">download free material<\/a> on the most varied topics in the digital world.<\/p>\n<p>Want to get straight to the point? <a href=\"https:\/\/verocontents.com\/fale-com-um-especialista\">Speak to a Vero Contents expert<\/a>!<\/p>","protected":false},"excerpt":{"rendered":"<p>At Vero Contents, Digital Marketing is Results-Driven Vero Contents is a digital marketing agency born from Vero Comunica\u00e7\u00e3o e Marketing (currently VeroCom), founded in 1997. Backed by almost 30 years of experience in the area of<\/p>","protected":false},"author":1,"featured_media":0,"parent":0,"menu_order":0,"comment_status":"closed","ping_status":"closed","template":"","meta":{"_monsterinsights_skip_tracking":false,"_monsterinsights_sitenote_active":false,"_monsterinsights_sitenote_note":"","_monsterinsights_sitenote_category":0,"footnotes":""},"class_list":["post-1460","page","type-page","status-publish","hentry"],"yoast_head":"<!-- This site is optimized with the Yoast SEO Premium plugin v26.9 (Yoast SEO v27.0) - https:\/\/yoast.com\/product\/yoast-seo-premium-wordpress\/ -->\n<title>Sobre a Vero Contents | Marketing Digital | Inbound Marketing<\/title>\n<meta name=\"description\" content=\"Com respaldo de mais de 20 anos de experi\u00eancia, a Vero Contents foi fundada em 2016 com foco em inbound marketing e gera\u00e7\u00e3o de conte\u00fado.\" \/>\n<meta name=\"robots\" content=\"index, follow, max-snippet:-1, max-image-preview:large, max-video-preview:-1\" \/>\n<link rel=\"canonical\" href=\"https:\/\/verocontents.com.br\/en\/about-vero-contents\/\" \/>\n<meta property=\"og:locale\" content=\"en_US\" \/>\n<meta property=\"og:type\" content=\"article\" \/>\n<meta property=\"og:title\" content=\"Sobre a Vero Contents\" \/>\n<meta property=\"og:description\" content=\"Com respaldo de mais de 20 anos de experi\u00eancia, a Vero Contents foi fundada em 2016 com foco em inbound marketing e gera\u00e7\u00e3o de conte\u00fado.\" \/>\n<meta property=\"og:url\" content=\"https:\/\/verocontents.com.br\/en\/about-vero-contents\/\" \/>\n<meta property=\"og:site_name\" content=\"Vero Contents\" \/>\n<meta property=\"article:publisher\" content=\"https:\/\/www.facebook.com\/verocontents\/\" \/>\n<meta property=\"article:modified_time\" content=\"2025-01-30T00:32:19+00:00\" \/>\n<meta name=\"twitter:card\" content=\"summary_large_image\" \/>\n<meta name=\"twitter:site\" content=\"@marcelcast\" \/>\n<meta name=\"twitter:label1\" content=\"Est. reading time\" \/>\n\t<meta name=\"twitter:data1\" content=\"2 minutes\" \/>\n<script type=\"application\/ld+json\" class=\"yoast-schema-graph\">{\"@context\":\"https:\/\/schema.org\",\"@graph\":[{\"@type\":\"WebPage\",\"@id\":\"https:\/\/verocontents.com.br\/sobre-a-vero-contents\/\",\"url\":\"https:\/\/verocontents.com.br\/sobre-a-vero-contents\/\",\"name\":\"Sobre a Vero Contents | Marketing Digital | Inbound Marketing\",\"isPartOf\":{\"@id\":\"https:\/\/verocontents.com.br\/#website\"},\"datePublished\":\"2018-05-03T20:51:57+00:00\",\"dateModified\":\"2025-01-30T00:32:19+00:00\",\"description\":\"Com respaldo de mais de 20 anos de experi\u00eancia, a Vero Contents foi fundada em 2016 com foco em inbound marketing e gera\u00e7\u00e3o de conte\u00fado.\",\"breadcrumb\":{\"@id\":\"https:\/\/verocontents.com.br\/sobre-a-vero-contents\/#breadcrumb\"},\"inLanguage\":\"en-US\",\"potentialAction\":[{\"@type\":\"ReadAction\",\"target\":[\"https:\/\/verocontents.com.br\/sobre-a-vero-contents\/\"]}]},{\"@type\":\"BreadcrumbList\",\"@id\":\"https:\/\/verocontents.com.br\/sobre-a-vero-contents\/#breadcrumb\",\"itemListElement\":[{\"@type\":\"ListItem\",\"position\":1,\"name\":\"Home\",\"item\":\"https:\/\/verocontents.com.br\/\"},{\"@type\":\"ListItem\",\"position\":2,\"name\":\"Sobre a Vero Contents\"}]},{\"@type\":\"WebSite\",\"@id\":\"https:\/\/verocontents.com.br\/#website\",\"url\":\"https:\/\/verocontents.com.br\/\",\"name\":\"Vero Contents\",\"description\":\"Ag\u00eancia de Marketing Digital e Inbound Marketing\",\"publisher\":{\"@id\":\"https:\/\/verocontents.com.br\/#organization\"},\"potentialAction\":[{\"@type\":\"SearchAction\",\"target\":{\"@type\":\"EntryPoint\",\"urlTemplate\":\"https:\/\/verocontents.com.br\/?s={search_term_string}\"},\"query-input\":{\"@type\":\"PropertyValueSpecification\",\"valueRequired\":true,\"valueName\":\"search_term_string\"}}],\"inLanguage\":\"en-US\"},{\"@type\":\"Organization\",\"@id\":\"https:\/\/verocontents.com.br\/#organization\",\"name\":\"Vero Contents\",\"url\":\"https:\/\/verocontents.com.br\/\",\"logo\":{\"@type\":\"ImageObject\",\"inLanguage\":\"en-US\",\"@id\":\"https:\/\/verocontents.com.br\/#\/schema\/logo\/image\/\",\"url\":\"http:\/\/verocontents.com.br\/wp-content\/uploads\/2017\/02\/logo-vero-contents.png\",\"contentUrl\":\"http:\/\/verocontents.com.br\/wp-content\/uploads\/2017\/02\/logo-vero-contents.png\",\"width\":240,\"height\":70,\"caption\":\"Vero Contents\"},\"image\":{\"@id\":\"https:\/\/verocontents.com.br\/#\/schema\/logo\/image\/\"},\"sameAs\":[\"https:\/\/www.facebook.com\/verocontents\/\",\"https:\/\/x.com\/marcelcast\",\"https:\/\/www.instagram.com\/verocommkt\/\",\"https:\/\/www.linkedin.com\/company\/vero-comunica-o-e-marketing\",\"http:\/\/www.pinterest.com\/marcelcsouza\",\"https:\/\/www.youtube.com\/channel\/UC0HHv6AQKtsUWqa21C5gX9Q\"]}]}<\/script>\n<!-- \/ Yoast SEO Premium plugin. -->","yoast_head_json":{"title":"About Vero Contents | Digital Marketing | Inbound Marketing","description":"Backed by more than 20 years of experience, Vero Contents was founded in 2016 with a focus on inbound marketing and content generation.","robots":{"index":"index","follow":"follow","max-snippet":"max-snippet:-1","max-image-preview":"max-image-preview:large","max-video-preview":"max-video-preview:-1"},"canonical":"https:\/\/verocontents.com.br\/en\/about-vero-contents\/","og_locale":"en_US","og_type":"article","og_title":"Sobre a Vero Contents","og_description":"Com respaldo de mais de 20 anos de experi\u00eancia, a Vero Contents foi fundada em 2016 com foco em inbound marketing e gera\u00e7\u00e3o de conte\u00fado.","og_url":"https:\/\/verocontents.com.br\/en\/about-vero-contents\/","og_site_name":"Vero Contents","article_publisher":"https:\/\/www.facebook.com\/verocontents\/","article_modified_time":"2025-01-30T00:32:19+00:00","twitter_card":"summary_large_image","twitter_site":"@marcelcast","twitter_misc":{"Est. reading time":"2 minutes"},"schema":{"@context":"https:\/\/schema.org","@graph":[{"@type":"WebPage","@id":"https:\/\/verocontents.com.br\/sobre-a-vero-contents\/","url":"https:\/\/verocontents.com.br\/sobre-a-vero-contents\/","name":"About Vero Contents | Digital Marketing | Inbound Marketing","isPartOf":{"@id":"https:\/\/verocontents.com.br\/#website"},"datePublished":"2018-05-03T20:51:57+00:00","dateModified":"2025-01-30T00:32:19+00:00","description":"Backed by more than 20 years of experience, Vero Contents was founded in 2016 with a focus on inbound marketing and content generation.","breadcrumb":{"@id":"https:\/\/verocontents.com.br\/sobre-a-vero-contents\/#breadcrumb"},"inLanguage":"en-US","potentialAction":[{"@type":"ReadAction","target":["https:\/\/verocontents.com.br\/sobre-a-vero-contents\/"]}]},{"@type":"BreadcrumbList","@id":"https:\/\/verocontents.com.br\/sobre-a-vero-contents\/#breadcrumb","itemListElement":[{"@type":"ListItem","position":1,"name":"Home","item":"https:\/\/verocontents.com.br\/"},{"@type":"ListItem","position":2,"name":"Sobre a Vero Contents"}]},{"@type":"WebSite","@id":"https:\/\/verocontents.com.br\/#website","url":"https:\/\/verocontents.com.br\/","name":"Vero Contents","description":"Digital Marketing and Inbound Marketing Agency","publisher":{"@id":"https:\/\/verocontents.com.br\/#organization"},"potentialAction":[{"@type":"SearchAction","target":{"@type":"EntryPoint","urlTemplate":"https:\/\/verocontents.com.br\/?s={search_term_string}"},"query-input":{"@type":"PropertyValueSpecification","valueRequired":true,"valueName":"search_term_string"}}],"inLanguage":"en-US"},{"@type":"Organization","@id":"https:\/\/verocontents.com.br\/#organization","name":"Vero Contents","url":"https:\/\/verocontents.com.br\/","logo":{"@type":"ImageObject","inLanguage":"en-US","@id":"https:\/\/verocontents.com.br\/#\/schema\/logo\/image\/","url":"http:\/\/verocontents.com.br\/wp-content\/uploads\/2017\/02\/logo-vero-contents.png","contentUrl":"http:\/\/verocontents.com.br\/wp-content\/uploads\/2017\/02\/logo-vero-contents.png","width":240,"height":70,"caption":"Vero Contents"},"image":{"@id":"https:\/\/verocontents.com.br\/#\/schema\/logo\/image\/"},"sameAs":["https:\/\/www.facebook.com\/verocontents\/","https:\/\/x.com\/marcelcast","https:\/\/www.instagram.com\/verocommkt\/","https:\/\/www.linkedin.com\/company\/vero-comunica-o-e-marketing","http:\/\/www.pinterest.com\/marcelcsouza","https:\/\/www.youtube.com\/channel\/UC0HHv6AQKtsUWqa21C5gX9Q"]}]}},"_links":{"self":[{"href":"https:\/\/verocontents.com.br\/en\/wp-json\/wp\/v2\/pages\/1460","targetHints":{"allow":["GET"]}}],"collection":[{"href":"https:\/\/verocontents.com.br\/en\/wp-json\/wp\/v2\/pages"}],"about":[{"href":"https:\/\/verocontents.com.br\/en\/wp-json\/wp\/v2\/types\/page"}],"author":[{"embeddable":true,"href":"https:\/\/verocontents.com.br\/en\/wp-json\/wp\/v2\/users\/1"}],"replies":[{"embeddable":true,"href":"https:\/\/verocontents.com.br\/en\/wp-json\/wp\/v2\/comments?post=1460"}],"version-history":[{"count":6,"href":"https:\/\/verocontents.com.br\/en\/wp-json\/wp\/v2\/pages\/1460\/revisions"}],"predecessor-version":[{"id":5308,"href":"https:\/\/verocontents.com.br\/en\/wp-json\/wp\/v2\/pages\/1460\/revisions\/5308"}],"wp:attachment":[{"href":"https:\/\/verocontents.com.br\/en\/wp-json\/wp\/v2\/media?parent=1460"}],"curies":[{"name":"wp","href":"https:\/\/api.w.org\/{rel}","templated":true}]}}